{"id":15413,"date":"2025-03-13T14:08:56","date_gmt":"2025-03-13T12:08:56","guid":{"rendered":"https:\/\/siulaiklaipeda.eu\/?post_type=product&#038;p=15413"},"modified":"2026-02-18T12:34:20","modified_gmt":"2026-02-18T10:34:20","slug":"alize-puffy-58","status":"publish","type":"product","link":"https:\/\/siulaiklaipeda.eu\/ru\/product\/alize-puffy-58\/","title":{"rendered":"\u0410\u043b\u0438\u0437\u0435 \u041f\u0443\u0444\u0444\u0438 58"},"content":{"rendered":"<p>\u00a0<\/p>\n<ul>\n<li>\u041d\u0438\u0442\u043a\u0438 - \u043f\u0435\u0442\u043b\u0438<\/li>\n<li>\u0421\u043e\u0441\u0442\u0430\u0432: \u043c\u0438\u043a\u0440\u043e\u043f\u043e\u043b\u0438\u044d\u0441\u0442\u0435\u0440 100%.<\/li>\n<li>\u0414\u043b\u0438\u043d\u0430: 100 \u0433\u0440.9 \u043c<\/li>\n<li>\u041f\u0440\u043e\u0438\u0437\u0432\u043e\u0434\u0438\u0442\u0435\u043b\u044c: \u0410\u043b\u0438\u0437\u0435, \u0422\u0443\u0440\u0446\u0438\u044f.<\/li>\n<\/ul>","protected":false},"excerpt":{"rendered":"<p>\u00a0 Si\u016blai- kilput\u0117s Sud\u0117tis: 100% mikropoliesteris Ilgis: 100 gr.9 m Gamintojas: Alize\u00a0 ,Turkija<\/p>","protected":false},"featured_media":15427,"template":"","meta":[],"product_brand":[],"product_cat":[92,106,111],"product_tag":[],"class_list":{"0":"post-15413","1":"product","2":"type-product","3":"status-publish","4":"has-post-thumbnail","6":"product_cat-alize","7":"product_cat-kilpiniai-siulai","8":"product_cat-puffy","10":"first","11":"instock","12":"taxable","13":"shipping-taxable","14":"purchasable","15":"product-type-simple"},"_links":{"self":[{"href":"https:\/\/siulaiklaipeda.eu\/ru\/wp-json\/wp\/v2\/product\/15413","targetHints":{"allow":["GET"]}}],"collection":[{"href":"https:\/\/siulaiklaipeda.eu\/ru\/wp-json\/wp\/v2\/product"}],"about":[{"href":"https:\/\/siulaiklaipeda.eu\/ru\/wp-json\/wp\/v2\/types\/product"}],"wp:featuredmedia":[{"embeddable":true,"href":"https:\/\/siulaiklaipeda.eu\/ru\/wp-json\/wp\/v2\/media\/15427"}],"wp:attachment":[{"href":"https:\/\/siulaiklaipeda.eu\/ru\/wp-json\/wp\/v2\/media?parent=15413"}],"wp:term":[{"taxonomy":"product_brand","embeddable":true,"href":"https:\/\/siulaiklaipeda.eu\/ru\/wp-json\/wp\/v2\/product_brand?post=15413"},{"taxonomy":"product_cat","embeddable":true,"href":"https:\/\/siulaiklaipeda.eu\/ru\/wp-json\/wp\/v2\/product_cat?post=15413"},{"taxonomy":"product_tag","embeddable":true,"href":"https:\/\/siulaiklaipeda.eu\/ru\/wp-json\/wp\/v2\/product_tag?post=15413"}],"curies":[{"name":"wp","href":"https:\/\/api.w.org\/{rel}","templated":true}]}}