{"id":15412,"date":"2025-03-13T14:03:01","date_gmt":"2025-03-13T12:03:01","guid":{"rendered":"https:\/\/siulaiklaipeda.eu\/?post_type=product&#038;p=15412"},"modified":"2026-04-16T09:55:59","modified_gmt":"2026-04-16T06:55:59","slug":"15412","status":"publish","type":"product","link":"https:\/\/siulaiklaipeda.eu\/ru\/product\/15412\/","title":{"rendered":"\u0410\u043b\u0438\u0437\u0435 \u041f\u0443\u0444\u0444\u0438 426"},"content":{"rendered":"<ul>\n<li>\u041d\u0438\u0442\u043a\u0438 - \u043f\u0435\u0442\u043b\u0438<\/li>\n<li>\u0421\u043e\u0441\u0442\u0430\u0432: \u043c\u0438\u043a\u0440\u043e\u043f\u043e\u043b\u0438\u044d\u0441\u0442\u0435\u0440 100%.<\/li>\n<li>\u0414\u043b\u0438\u043d\u0430: 100 \u0433\u0440.9 \u043c<\/li>\n<li>\u041f\u0440\u043e\u0438\u0437\u0432\u043e\u0434\u0438\u0442\u0435\u043b\u044c: \u0410\u043b\u0438\u0437\u0435, \u0422\u0443\u0440\u0446\u0438\u044f.<\/li>\n<\/ul>","protected":false},"excerpt":{"rendered":"<p>Si\u016blai- kilput\u0117s Sud\u0117tis: 100% mikropoliesteris Ilgis: 100 gr.9 m Gamintojas: Alize\u00a0 ,Turkija<\/p>","protected":false},"featured_media":15428,"template":"","meta":[],"product_brand":[],"product_cat":[92,111],"product_tag":[],"class_list":{"0":"post-15412","1":"product","2":"type-product","3":"status-publish","4":"has-post-thumbnail","6":"product_cat-alize","7":"product_cat-puffy","9":"first","10":"instock","11":"taxable","12":"shipping-taxable","13":"purchasable","14":"product-type-simple"},"_links":{"self":[{"href":"https:\/\/siulaiklaipeda.eu\/ru\/wp-json\/wp\/v2\/product\/15412","targetHints":{"allow":["GET"]}}],"collection":[{"href":"https:\/\/siulaiklaipeda.eu\/ru\/wp-json\/wp\/v2\/product"}],"about":[{"href":"https:\/\/siulaiklaipeda.eu\/ru\/wp-json\/wp\/v2\/types\/product"}],"wp:featuredmedia":[{"embeddable":true,"href":"https:\/\/siulaiklaipeda.eu\/ru\/wp-json\/wp\/v2\/media\/15428"}],"wp:attachment":[{"href":"https:\/\/siulaiklaipeda.eu\/ru\/wp-json\/wp\/v2\/media?parent=15412"}],"wp:term":[{"taxonomy":"product_brand","embeddable":true,"href":"https:\/\/siulaiklaipeda.eu\/ru\/wp-json\/wp\/v2\/product_brand?post=15412"},{"taxonomy":"product_cat","embeddable":true,"href":"https:\/\/siulaiklaipeda.eu\/ru\/wp-json\/wp\/v2\/product_cat?post=15412"},{"taxonomy":"product_tag","embeddable":true,"href":"https:\/\/siulaiklaipeda.eu\/ru\/wp-json\/wp\/v2\/product_tag?post=15412"}],"curies":[{"name":"wp","href":"https:\/\/api.w.org\/{rel}","templated":true}]}}