{"id":15386,"date":"2025-03-13T09:57:19","date_gmt":"2025-03-13T07:57:19","guid":{"rendered":"https:\/\/siulaiklaipeda.eu\/?post_type=product&#038;p=15386"},"modified":"2025-11-15T14:19:13","modified_gmt":"2025-11-15T12:19:13","slug":"gazzal-baby-cotton-3462","status":"publish","type":"product","link":"https:\/\/siulaiklaipeda.eu\/ru\/product\/gazzal-baby-cotton-3462\/","title":{"rendered":"Gazzal Baby \u0425\u043b\u043e\u043f\u043e\u043a 3462"},"content":{"rendered":"<ul>\n<li>60% \u0445\u043b\u043e\u043f\u043e\u043a, 40 % \u0430\u043a\u0440\u0438\u043b<\/li>\n<li>50 \u0433, 165 \u043c<\/li>\n<li>\u041f\u0440\u043e\u0438\u0437\u0432\u043e\u0434\u0438\u0442\u0435\u043b\u044c - Gazzal, \u0422\u0443\u0440\u0446\u0438\u044f<\/li>\n<li>\u041d\u0435\u0436\u043d\u0430\u044f \u0438 \u043c\u044f\u0433\u043a\u0430\u044f \u043f\u0440\u044f\u0436\u0430 \u0434\u043b\u044f \u043b\u0435\u0442\u043d\u0435\u0433\u043e \u0432\u044f\u0437\u0430\u043d\u0438\u044f, \u0434\u043b\u044f \u0434\u0435\u0442\u0435\u0439 \u0438 \u0432\u0437\u0440\u043e\u0441\u043b\u044b\u0445. \u0425\u043e\u0440\u043e\u0448\u043e \u043d\u043e\u0441\u0438\u0442\u0441\u044f, \u043d\u0435 \u0441\u043a\u0430\u0442\u044b\u0432\u0430\u0435\u0442\u0441\u044f. \u0428\u0438\u0440\u043e\u043a\u0430\u044f \u0446\u0432\u0435\u0442\u043e\u0432\u0430\u044f \u043f\u0430\u043b\u0438\u0442\u0440\u0430, \u043e\u0442 \u043f\u0430\u0441\u0442\u0435\u043b\u044c\u043d\u044b\u0445 \u0434\u043e \u044f\u0440\u043a\u0438\u0445.<\/li>\n<\/ul>\n<p>&nbsp;<\/p>","protected":false},"excerpt":{"rendered":"<p>60% medviln\u0117 , 40 % akrilas 50 g ,165 m Gamintojas -Gazzal ,Turkija \u0160velnus ir mink\u0161tas si\u016blas vasaros mezginiams ,vaikams ir suaugusiems .Puikiai ne\u0161iojasi, nesipumpuruoja .Plati spalv\u0173 palet\u0117 ,nuo pastelini\u0173 iki ry\u0161ki\u0173. &nbsp;<\/p>","protected":false},"featured_media":15388,"template":"","meta":[],"product_brand":[],"product_cat":[97,237,51],"product_tag":[],"class_list":{"0":"post-15386","1":"product","2":"type-product","3":"status-publish","4":"has-post-thumbnail","6":"product_cat-gazzal","7":"product_cat-baby-cotton-gazzal","8":"product_cat-medvilne","10":"first","11":"instock","12":"taxable","13":"shipping-taxable","14":"purchasable","15":"product-type-simple"},"_links":{"self":[{"href":"https:\/\/siulaiklaipeda.eu\/ru\/wp-json\/wp\/v2\/product\/15386","targetHints":{"allow":["GET"]}}],"collection":[{"href":"https:\/\/siulaiklaipeda.eu\/ru\/wp-json\/wp\/v2\/product"}],"about":[{"href":"https:\/\/siulaiklaipeda.eu\/ru\/wp-json\/wp\/v2\/types\/product"}],"wp:featuredmedia":[{"embeddable":true,"href":"https:\/\/siulaiklaipeda.eu\/ru\/wp-json\/wp\/v2\/media\/15388"}],"wp:attachment":[{"href":"https:\/\/siulaiklaipeda.eu\/ru\/wp-json\/wp\/v2\/media?parent=15386"}],"wp:term":[{"taxonomy":"product_brand","embeddable":true,"href":"https:\/\/siulaiklaipeda.eu\/ru\/wp-json\/wp\/v2\/product_brand?post=15386"},{"taxonomy":"product_cat","embeddable":true,"href":"https:\/\/siulaiklaipeda.eu\/ru\/wp-json\/wp\/v2\/product_cat?post=15386"},{"taxonomy":"product_tag","embeddable":true,"href":"https:\/\/siulaiklaipeda.eu\/ru\/wp-json\/wp\/v2\/product_tag?post=15386"}],"curies":[{"name":"wp","href":"https:\/\/api.w.org\/{rel}","templated":true}]}}