{"id":14927,"date":"2025-02-18T12:34:33","date_gmt":"2025-02-18T10:34:33","guid":{"rendered":"https:\/\/siulaiklaipeda.eu\/?post_type=product&#038;p=14927"},"modified":"2025-12-29T20:47:08","modified_gmt":"2025-12-29T18:47:08","slug":"alize-wooltime-433","status":"publish","type":"product","link":"https:\/\/siulaiklaipeda.eu\/ru\/product\/alize-wooltime-433\/","title":{"rendered":"\u0410\u043b\u0438\u0437\u0435 \u0412\u0443\u043b\u0442\u0430\u0439\u043c 433"},"content":{"rendered":"<ul>\n<li>\u0421\u043e\u0441\u0442\u0430\u0432: \u0448\u0435\u0440\u0441\u0442\u044c 751\u0422\u041f3\u0422, \u043f\u043e\u043b\u0438\u0430\u043c\u0438\u0434 251\u0422\u041f3\u0422.<\/li>\n<li>\u0414\u043b\u0438\u043d\u0430: 100 \u0433, 200 \u043c.<\/li>\n<li>\u041f\u0440\u043e\u0438\u0437\u0432\u043e\u0434\u0438\u0442\u0435\u043b\u044c: \u0410\u043b\u0438\u0437\u0435 \u0422\u0443\u0440\u0446\u0438\u044f.<\/li>\n<\/ul>\n<p>Alize Wooltime \u2013 \u043f\u0440\u044f\u0436\u0430 \u0434\u043b\u044f \u043d\u043e\u0441\u043a\u043e\u0432, \u043d\u043e \u043f\u0440\u0435\u043a\u0440\u0430\u0441\u043d\u043e \u043f\u043e\u0434\u0445\u043e\u0434\u0438\u0442 \u0438 \u0434\u043b\u044f \u043b\u044e\u0431\u043e\u0433\u043e \u0434\u0440\u0443\u0433\u043e\u0433\u043e \u0432\u044f\u0437\u0430\u043d\u0438\u044f. \u041d\u0438\u0442\u044c \u043e\u0447\u0435\u043d\u044c \u0442\u0435\u043f\u043b\u0430\u044f, \u043c\u044f\u0433\u043a\u0430\u044f, \u043d\u0435\u0436\u043d\u0430\u044f, \u0445\u043e\u0440\u043e\u0448\u043e \u043d\u043e\u0441\u0438\u0442\u0441\u044f, \u0442\u0440\u0438\u043a\u043e\u0442\u0430\u0436 \u043c\u043e\u0436\u043d\u043e \u0441\u0442\u0438\u0440\u0430\u0442\u044c \u0432 \u043c\u0430\u0448\u0438\u043d\u043a\u0435.<\/p>","protected":false},"excerpt":{"rendered":"<p>Sud\u0117tis :75% vilna , 25% poliamidas Ilgis :100 g ,200 m Gamintojas :Alize\u00a0 .Turkija Alize Wooltime &#8211; kojin\u0117ms\u00a0 \u00a0skirti\u00a0 \u00a0si\u016blai , ta\u010diau\u00a0 puikiai\u00a0 tinkantys\u00a0 ir visiems\u00a0 kitiems mezginiams . Si\u016blas labai\u00a0 \u0161iltas , mink\u0161tas , \u0161velnus ,gerai ne\u0161iojasi ,mezginiai skalbiami skalbimo ma\u0161inoje.<\/p>","protected":false},"featured_media":14955,"template":"","meta":[],"product_brand":[],"product_cat":[108,92,47,142],"product_tag":[],"class_list":{"0":"post-14927","1":"product","2":"type-product","3":"status-publish","4":"has-post-thumbnail","6":"product_cat-kojininiai-siulai","7":"product_cat-alize","8":"product_cat-vilna","9":"product_cat-wooltime","11":"first","12":"outofstock","13":"taxable","14":"shipping-taxable","15":"purchasable","16":"product-type-simple"},"_links":{"self":[{"href":"https:\/\/siulaiklaipeda.eu\/ru\/wp-json\/wp\/v2\/product\/14927","targetHints":{"allow":["GET"]}}],"collection":[{"href":"https:\/\/siulaiklaipeda.eu\/ru\/wp-json\/wp\/v2\/product"}],"about":[{"href":"https:\/\/siulaiklaipeda.eu\/ru\/wp-json\/wp\/v2\/types\/product"}],"wp:featuredmedia":[{"embeddable":true,"href":"https:\/\/siulaiklaipeda.eu\/ru\/wp-json\/wp\/v2\/media\/14955"}],"wp:attachment":[{"href":"https:\/\/siulaiklaipeda.eu\/ru\/wp-json\/wp\/v2\/media?parent=14927"}],"wp:term":[{"taxonomy":"product_brand","embeddable":true,"href":"https:\/\/siulaiklaipeda.eu\/ru\/wp-json\/wp\/v2\/product_brand?post=14927"},{"taxonomy":"product_cat","embeddable":true,"href":"https:\/\/siulaiklaipeda.eu\/ru\/wp-json\/wp\/v2\/product_cat?post=14927"},{"taxonomy":"product_tag","embeddable":true,"href":"https:\/\/siulaiklaipeda.eu\/ru\/wp-json\/wp\/v2\/product_tag?post=14927"}],"curies":[{"name":"wp","href":"https:\/\/api.w.org\/{rel}","templated":true}]}}