{"id":14398,"date":"2025-01-26T21:10:27","date_gmt":"2025-01-26T19:10:27","guid":{"rendered":"https:\/\/siulaiklaipeda.eu\/?post_type=product&#038;p=14398"},"modified":"2026-04-17T19:16:31","modified_gmt":"2026-04-17T16:16:31","slug":"yarnart-stylish-alpaca-7713","status":"publish","type":"product","link":"https:\/\/siulaiklaipeda.eu\/ru\/product\/yarnart-stylish-alpaca-7713\/","title":{"rendered":"YarnArt \u0421\u0442\u0438\u043b\u044c\u043d\u0430\u044f \u0410\u043b\u044c\u043f\u0430\u043a\u0430 7713"},"content":{"rendered":"<ul>\n<li>YarnArt \u0421\u0442\u0438\u043b\u044c\u043d\u0430\u044f \u0410\u043b\u044c\u043f\u0430\u043a\u0430<\/li>\n<li>\u0421\u043e\u0441\u0442\u0430\u0432- 25% \u0430\u043b\u044c\u043f\u0430\u043a\u0430, 75 % \u0430\u043a\u0440\u0438\u043b<\/li>\n<li>\u0414\u043b\u0438\u043d\u0430 \u2013 150 \u0433, 525 \u043c, \u0440\u0435\u043a\u043e\u043c\u0435\u043d\u0434\u0443\u0435\u043c\u044b\u0435 \u0441\u043f\u0438\u0446\u044b \u2116 3,5 \u043c\u043c, \u043a\u0440\u044e\u0447\u043e\u043a \u2116 3 \u043c\u043c.<\/li>\n<li>\u041f\u0440\u043e\u0438\u0437\u0432\u043e\u0434\u0438\u0442\u0435\u043b\u044c - YarnArt, \u0422\u0443\u0440\u0446\u0438\u044f<\/li>\n<li>\u042d\u0442\u0438 \u0432\u044b\u0441\u043e\u043a\u043e\u043a\u0430\u0447\u0435\u0441\u0442\u0432\u0435\u043d\u043d\u044b\u0435 \u043d\u0438\u0442\u0438 \u043e\u0442\u043b\u0438\u0447\u0430\u044e\u0442\u0441\u044f \u043d\u0435 \u0442\u043e\u043b\u044c\u043a\u043e \u044d\u043b\u0435\u0433\u0430\u043d\u0442\u043d\u044b\u043c\u0438 \u0446\u0432\u0435\u0442\u043e\u0432\u044b\u043c\u0438 \u043f\u0435\u0440\u0435\u0445\u043e\u0434\u0430\u043c\u0438, \u043d\u043e \u0438 \u043c\u044f\u0433\u043a\u043e\u0441\u0442\u044c\u044e \u0438 \u043e\u0449\u0443\u0449\u0435\u043d\u0438\u0435\u043c \u043d\u0435\u0436\u043d\u043e\u0441\u0442\u0438. \u041e\u043d\u0438 \u0438\u0434\u0435\u0430\u043b\u044c\u043d\u043e \u043f\u043e\u0434\u0445\u043e\u0434\u044f\u0442 \u0434\u043b\u044f \u0441\u0432\u0438\u0442\u0435\u0440\u043e\u0432, \u0448\u0430\u0440\u0444\u043e\u0432 \u0438 \u0448\u0430\u043b\u0435\u0439.<\/li>\n<\/ul>","protected":false},"excerpt":{"rendered":"<p>YarnArt Stylish Alpaca Sud\u0117tis- 25% alpaka ,75 % akrilas Ilgis &#8211; 150 g ,525 m\u00a0 ,rekomenduojami virbalai Nr 3.5 mm\u00a0 ,v\u0105\u0161elis Nr 3mm Gamintojas -YarnArt ,Turkija \u0160ie auk\u0161tos kokyb\u0117s si\u016blai i\u0161siskiria ne tik eleganti\u0161kais spalv\u0173 per\u0117jimais ,bet ir mink\u0161tumu ,\u0161velnumo poju\u010diu .Puikiai tinka megztiniams ,\u0161alikams ,skraist\u0117ms .<\/p>","protected":false},"featured_media":14378,"template":"","meta":[],"product_brand":[],"product_cat":[94,55,234,47],"product_tag":[],"class_list":{"0":"post-14398","1":"product","2":"type-product","3":"status-publish","4":"has-post-thumbnail","6":"product_cat-yarnart","7":"product_cat-alpaka","8":"product_cat-stylish-alpaca","9":"product_cat-vilna","11":"first","12":"instock","13":"taxable","14":"shipping-taxable","15":"purchasable","16":"product-type-simple"},"_links":{"self":[{"href":"https:\/\/siulaiklaipeda.eu\/ru\/wp-json\/wp\/v2\/product\/14398","targetHints":{"allow":["GET"]}}],"collection":[{"href":"https:\/\/siulaiklaipeda.eu\/ru\/wp-json\/wp\/v2\/product"}],"about":[{"href":"https:\/\/siulaiklaipeda.eu\/ru\/wp-json\/wp\/v2\/types\/product"}],"wp:featuredmedia":[{"embeddable":true,"href":"https:\/\/siulaiklaipeda.eu\/ru\/wp-json\/wp\/v2\/media\/14378"}],"wp:attachment":[{"href":"https:\/\/siulaiklaipeda.eu\/ru\/wp-json\/wp\/v2\/media?parent=14398"}],"wp:term":[{"taxonomy":"product_brand","embeddable":true,"href":"https:\/\/siulaiklaipeda.eu\/ru\/wp-json\/wp\/v2\/product_brand?post=14398"},{"taxonomy":"product_cat","embeddable":true,"href":"https:\/\/siulaiklaipeda.eu\/ru\/wp-json\/wp\/v2\/product_cat?post=14398"},{"taxonomy":"product_tag","embeddable":true,"href":"https:\/\/siulaiklaipeda.eu\/ru\/wp-json\/wp\/v2\/product_tag?post=14398"}],"curies":[{"name":"wp","href":"https:\/\/api.w.org\/{rel}","templated":true}]}}