{"id":14300,"date":"2025-01-26T18:46:10","date_gmt":"2025-01-26T16:46:10","guid":{"rendered":"https:\/\/siulaiklaipeda.eu\/?post_type=product&#038;p=14300"},"modified":"2026-04-06T16:55:05","modified_gmt":"2026-04-06T13:55:05","slug":"gazzal-merilyn-merinos-8251","status":"publish","type":"product","link":"https:\/\/siulaiklaipeda.eu\/ru\/product\/gazzal-merilyn-merinos-8251\/","title":{"rendered":"\u0413\u0430\u0437\u0437\u0430\u043b \u041c\u044d\u0440\u0438\u043b\u0438\u043d \u0438 \u041c\u0435\u0440\u0438\u043d\u043e\u0441 8251"},"content":{"rendered":"<ul>\n<li>\u0413\u0430\u0437\u0437\u0430\u043b \u041c\u044d\u0440\u0438\u043b\u0438\u043d \u0438 \u041c\u0435\u0440\u0438\u043d\u043e\u0441<\/li>\n<li>\u0412\u0435\u0441 - 50 \u0433.<\/li>\n<li>\u0414\u043b\u0438\u043d\u0430 - 88 \u043c.<\/li>\n<li>\u0421\u043e\u0441\u0442\u0430\u0432 -41 % \u0428\u0435\u0440\u0441\u0442\u044c \u0430\u0432\u0441\u0442\u0440\u0430\u043b\u0438\u0439\u0441\u043a\u043e\u0433\u043e \u043c\u0435\u0440\u0438\u043d\u043e\u0441\u0430, 59 % \u043f\u043e\u043b\u0438\u0430\u043c\u0438\u0434<\/li>\n<li>\u041d\u0435\u0432\u0435\u0440\u043e\u044f\u0442\u043d\u0430\u044f \u043f\u0443\u0448\u0438\u0441\u0442\u043e\u0441\u0442\u044c \u0438 \u043c\u044f\u0433\u043a\u043e\u0441\u0442\u044c \u2013 \u0438\u0434\u0435\u0430\u043b\u044c\u043d\u043e \u043f\u043e\u0434\u0445\u043e\u0434\u0438\u0442 \u0434\u043b\u044f \u0447\u0443\u0432\u0441\u0442\u0432\u0438\u0442\u0435\u043b\u044c\u043d\u043e\u0439 \u043a\u043e\u0436\u0438, \u0440\u0435\u043a\u043e\u043c\u0435\u043d\u0434\u0443\u0435\u0442\u0441\u044f \u0441\u0442\u0438\u0440\u0430\u0442\u044c \u0432\u0440\u0443\u0447\u043d\u0443\u044e \u0432 \u0445\u043e\u043b\u043e\u0434\u043d\u043e\u0439 \u0432\u043e\u0434\u0435.<\/li>\n<\/ul>","protected":false},"excerpt":{"rendered":"<p>Gazzal Marilyn &amp; Merinos Svoris -50 g Ilgis &#8211; 88 m Sud\u0117tis -41 % australi\u0161ka merino vilna ,59 % poliamidas Ne\u012ftik\u0117tinas purumas ir \u0161velnumas &#8211; idealiai tinka jautriai odai ,rekomenduojama\u00a0 skalbti rankomis \u0161altame vandenyje.<\/p>","protected":false},"featured_media":14304,"template":"","meta":[],"product_brand":[],"product_cat":[97,233,45,47],"product_tag":[],"class_list":{"0":"post-14300","1":"product","2":"type-product","3":"status-publish","4":"has-post-thumbnail","6":"product_cat-gazzal","7":"product_cat-marilyn-merinos","8":"product_cat-mezgimo-siulai","9":"product_cat-vilna","11":"first","12":"instock","13":"taxable","14":"shipping-taxable","15":"purchasable","16":"product-type-simple"},"_links":{"self":[{"href":"https:\/\/siulaiklaipeda.eu\/ru\/wp-json\/wp\/v2\/product\/14300","targetHints":{"allow":["GET"]}}],"collection":[{"href":"https:\/\/siulaiklaipeda.eu\/ru\/wp-json\/wp\/v2\/product"}],"about":[{"href":"https:\/\/siulaiklaipeda.eu\/ru\/wp-json\/wp\/v2\/types\/product"}],"wp:featuredmedia":[{"embeddable":true,"href":"https:\/\/siulaiklaipeda.eu\/ru\/wp-json\/wp\/v2\/media\/14304"}],"wp:attachment":[{"href":"https:\/\/siulaiklaipeda.eu\/ru\/wp-json\/wp\/v2\/media?parent=14300"}],"wp:term":[{"taxonomy":"product_brand","embeddable":true,"href":"https:\/\/siulaiklaipeda.eu\/ru\/wp-json\/wp\/v2\/product_brand?post=14300"},{"taxonomy":"product_cat","embeddable":true,"href":"https:\/\/siulaiklaipeda.eu\/ru\/wp-json\/wp\/v2\/product_cat?post=14300"},{"taxonomy":"product_tag","embeddable":true,"href":"https:\/\/siulaiklaipeda.eu\/ru\/wp-json\/wp\/v2\/product_tag?post=14300"}],"curies":[{"name":"wp","href":"https:\/\/api.w.org\/{rel}","templated":true}]}}