{"id":14107,"date":"2025-01-14T20:05:44","date_gmt":"2025-01-14T18:05:44","guid":{"rendered":"https:\/\/siulaiklaipeda.eu\/?post_type=product&#038;p=14107"},"modified":"2026-02-07T12:12:48","modified_gmt":"2026-02-07T10:12:48","slug":"yarnart-alpaca-gold-paillettes-9314","status":"publish","type":"product","link":"https:\/\/siulaiklaipeda.eu\/ru\/product\/yarnart-alpaca-gold-paillettes-9314\/","title":{"rendered":"YarnArt \u0410\u043b\u044c\u043f\u0430\u043a\u0430 \u0417\u043e\u043b\u043e\u0442\u044b\u0435 \u043f\u0430\u0439\u0435\u0442\u043a\u0438 9314"},"content":{"rendered":"<ul>\n<li>YarnArt \u0410\u043b\u044c\u043f\u0430\u043a\u0430 \u0417\u043e\u043b\u043e\u0442\u044b\u0435 \u043f\u0430\u0439\u0435\u0442\u043a\u0438<\/li>\n<li>\u0421\u043e\u0441\u0442\u0430\u0432 \u2013 20 % \u0448\u0435\u0440\u0441\u0442\u044c \u0430\u043b\u044c\u043f\u0430\u043a\u0430, 5 % \u043f\u043e\u043b\u0438\u044d\u0441\u0442\u0435\u0440, 75 % \u0430\u043a\u0440\u0438\u043b<\/li>\n<li>\u0414\u043b\u0438\u043d\u0430 -50 \u0433, 180 \u043c<\/li>\n<li>\u0420\u0435\u043a\u043e\u043c\u0435\u043d\u0434\u0443\u0435\u043c\u044b\u0435 \u0441\u043f\u0438\u0446\u044b \u2116 3,5<\/li>\n<li>\u042d\u0442\u0430 \u043f\u0440\u044f\u0436\u0430 \u0438\u0434\u0435\u0430\u043b\u044c\u043d\u043e \u043f\u043e\u0434\u0445\u043e\u0434\u0438\u0442 \u0434\u043b\u044f \u043b\u0435\u0433\u043a\u0438\u0445 \u0438 \u0442\u0435\u043f\u043b\u044b\u0445 \u0438\u0437\u0434\u0435\u043b\u0438\u0439. \u042d\u043b\u0435\u0433\u0430\u043d\u0442\u043d\u044b\u0435 \u043f\u0430\u0439\u0435\u0442\u043a\u0438 \u043f\u0440\u0438\u0434\u0430\u044e\u0442 \u0435\u0439 \u0438\u0441\u043a\u043b\u044e\u0447\u0438\u0442\u0435\u043b\u044c\u043d\u044b\u0439 \u0431\u043b\u0435\u0441\u043a \u0438 \u0432\u0435\u043b\u0438\u043a\u043e\u043b\u0435\u043f\u0438\u0435. \u041f\u0440\u044f\u0436\u0430 \u043c\u044f\u0433\u043a\u0430\u044f \u0438 \u0442\u0435\u043f\u043b\u0430\u044f, \u0442\u0430\u043a \u043a\u0430\u043a \u0432 \u0435\u0435 \u0441\u043e\u0441\u0442\u0430\u0432 \u0432\u0445\u043e\u0434\u0438\u0442 \u0448\u0435\u0440\u0441\u0442\u044c \u0430\u043b\u044c\u043f\u0430\u043a\u0438. \u0428\u0438\u0440\u043e\u043a\u0438\u0439 \u0432\u044b\u0431\u043e\u0440 \u0446\u0432\u0435\u0442\u043e\u0432 \u043e\u0442 \u043f\u0430\u0441\u0442\u0435\u043b\u044c\u043d\u044b\u0445 \u0434\u043e \u044f\u0440\u043a\u0438\u0445 \u043e\u0442\u0442\u0435\u043d\u043a\u043e\u0432.<\/li>\n<\/ul>","protected":false},"excerpt":{"rendered":"<p>YarnArt Alpaca Gold Paillettes Sud\u0117tis &#8211; 20 % alpak\u0173 vilna , 5 % poliesteris ,75 %\u00a0 akrilas Ilgis -50 g ,180 m Rekomenduojami virbalai Nr 3.5 \u0160is si\u016blas puikiai tinka lengviems ir \u0161iltiems mezginiams .Eleganti\u0161ki blizgu\u010diai\u00a0 suteikia i\u0161skirtinio spindesio ir puo\u0161numo. Si\u016blas mink\u0161tas ir \u0161iltas ,nes sud\u0117tyje yra alpakos vilnos .Platus spalv\u0173 pasirinkimas nuo pastelini\u0173 [&hellip;]<\/p>","protected":false},"featured_media":20709,"template":"","meta":[],"product_brand":[],"product_cat":[94,232,55,47],"product_tag":[],"class_list":{"0":"post-14107","1":"product","2":"type-product","3":"status-publish","4":"has-post-thumbnail","6":"product_cat-yarnart","7":"product_cat-alpaca-gold-paillettes","8":"product_cat-alpaka","9":"product_cat-vilna","11":"first","12":"outofstock","13":"taxable","14":"shipping-taxable","15":"purchasable","16":"product-type-simple"},"_links":{"self":[{"href":"https:\/\/siulaiklaipeda.eu\/ru\/wp-json\/wp\/v2\/product\/14107","targetHints":{"allow":["GET"]}}],"collection":[{"href":"https:\/\/siulaiklaipeda.eu\/ru\/wp-json\/wp\/v2\/product"}],"about":[{"href":"https:\/\/siulaiklaipeda.eu\/ru\/wp-json\/wp\/v2\/types\/product"}],"wp:featuredmedia":[{"embeddable":true,"href":"https:\/\/siulaiklaipeda.eu\/ru\/wp-json\/wp\/v2\/media\/20709"}],"wp:attachment":[{"href":"https:\/\/siulaiklaipeda.eu\/ru\/wp-json\/wp\/v2\/media?parent=14107"}],"wp:term":[{"taxonomy":"product_brand","embeddable":true,"href":"https:\/\/siulaiklaipeda.eu\/ru\/wp-json\/wp\/v2\/product_brand?post=14107"},{"taxonomy":"product_cat","embeddable":true,"href":"https:\/\/siulaiklaipeda.eu\/ru\/wp-json\/wp\/v2\/product_cat?post=14107"},{"taxonomy":"product_tag","embeddable":true,"href":"https:\/\/siulaiklaipeda.eu\/ru\/wp-json\/wp\/v2\/product_tag?post=14107"}],"curies":[{"name":"wp","href":"https:\/\/api.w.org\/{rel}","templated":true}]}}