{"id":14072,"date":"2025-01-14T19:45:04","date_gmt":"2025-01-14T17:45:04","guid":{"rendered":"https:\/\/siulaiklaipeda.eu\/?post_type=product&#038;p=14072"},"modified":"2025-09-02T09:17:27","modified_gmt":"2025-09-02T07:17:27","slug":"yarnart-alpine-angora-melange-6412","status":"publish","type":"product","link":"https:\/\/siulaiklaipeda.eu\/ru\/product\/yarnart-alpine-angora-melange-6412\/","title":{"rendered":"YarnArt Alpine Angora Melange 6412"},"content":{"rendered":"<ul>\n<li>YarnArt Alpine Angora Melange<\/li>\n<li>\u0421\u043e\u0441\u0442\u0430\u0432 -20 % \u0448\u0435\u0440\u0441\u0442\u044c,80 % \u0430\u043a\u0440\u0438\u043b<\/li>\n<li>\u0412\u0435\u0441 -150 \u0433, \u0434\u043b\u0438\u043d\u0430 150 \u043c.<\/li>\n<li>\u0420\u0435\u043a\u043e\u043c\u0435\u043d\u0434\u0443\u0435\u043c\u044b\u0435 \u0441\u043f\u0438\u0446\u044b -9 \u043c\u043c, \u043a\u0440\u044e\u0447\u043e\u043a -9 \u043c\u043c.<\/li>\n<li>\u0422\u043e\u043b\u0441\u0442\u0430\u044f \u043f\u0440\u044f\u0436\u0430 \u0434\u043b\u044f \u0441\u0432\u0438\u0442\u0435\u0440\u043e\u0432, \u0448\u0430\u0440\u0444\u043e\u0432, \u043a\u0430\u0440\u0434\u0438\u0433\u0430\u043d\u043e\u0432 \u0438 \u0434\u0440\u0443\u0433\u0438\u0445 \u0442\u0435\u043f\u043b\u044b\u0445 \u0438\u0434\u0435\u0439 \u0434\u043b\u044f \u0432\u044f\u0437\u0430\u043d\u0438\u044f. \u0423\u043d\u0438\u043a\u0430\u043b\u044c\u043d\u044b\u0435 \u0433\u0440\u0430\u0434\u0438\u0435\u043d\u0442\u043d\u044b\u0435 \u043e\u0442\u0442\u0435\u043d\u043a\u0438 \u043f\u0440\u0438\u0434\u0430\u044e\u0442 \u0432\u044f\u0437\u0430\u043d\u044b\u043c \u0438\u0437\u0434\u0435\u043b\u0438\u044f\u043c \u0445\u0430\u0440\u0430\u043a\u0442\u0435\u0440\u043d\u044b\u0439 \u0432\u0438\u0434.<\/li>\n<li>\u0414\u043b\u044f \u0441\u0432\u0438\u0442\u0435\u0440\u0430 \u0441\u0440\u0435\u0434\u043d\u0435\u0433\u043e \u0440\u0430\u0437\u043c\u0435\u0440\u0430 \u0442\u0440\u0435\u0431\u0443\u0435\u0442\u0441\u044f 5 \u043a\u043b\u0443\u0431\u043a\u043e\u0432.<\/li>\n<\/ul>","protected":false},"excerpt":{"rendered":"<p>YarnArt Alpine Angora Melange Sud\u0117tis -20 % vilna ,80 % akrilas Svoris -150 g ,ilgis 150 m Rekomenduojami virbalai -9 mm ,v\u0105\u0161elis -9mm Storas si\u016blas megztiniams ,\u0161alikams ,kardiganams ir kitoms \u0161ilum\u0105 teikian\u010dioms mezgini\u0173 id\u0117joms.Unikal\u016bs pereinami atspalviai suteikia mezginiams i\u0161skirtin\u012f vaizd\u0105. Vidutinio dyd\u017eio megztiniui reikia vidutini\u0161kai 5 kamuoliuk\u0173<\/p>","protected":false},"featured_media":14895,"template":"","meta":[],"product_brand":[],"product_cat":[231,254,45,47,94],"product_tag":[],"class_list":{"0":"post-14072","1":"product","2":"type-product","3":"status-publish","4":"has-post-thumbnail","6":"product_cat-alpine-angora-melange","7":"product_cat-ispardavimas","8":"product_cat-mezgimo-siulai","9":"product_cat-vilna","10":"product_cat-yarnart","12":"first","13":"outofstock","14":"sale","15":"taxable","16":"shipping-taxable","17":"purchasable","18":"product-type-simple"},"_links":{"self":[{"href":"https:\/\/siulaiklaipeda.eu\/ru\/wp-json\/wp\/v2\/product\/14072","targetHints":{"allow":["GET"]}}],"collection":[{"href":"https:\/\/siulaiklaipeda.eu\/ru\/wp-json\/wp\/v2\/product"}],"about":[{"href":"https:\/\/siulaiklaipeda.eu\/ru\/wp-json\/wp\/v2\/types\/product"}],"wp:featuredmedia":[{"embeddable":true,"href":"https:\/\/siulaiklaipeda.eu\/ru\/wp-json\/wp\/v2\/media\/14895"}],"wp:attachment":[{"href":"https:\/\/siulaiklaipeda.eu\/ru\/wp-json\/wp\/v2\/media?parent=14072"}],"wp:term":[{"taxonomy":"product_brand","embeddable":true,"href":"https:\/\/siulaiklaipeda.eu\/ru\/wp-json\/wp\/v2\/product_brand?post=14072"},{"taxonomy":"product_cat","embeddable":true,"href":"https:\/\/siulaiklaipeda.eu\/ru\/wp-json\/wp\/v2\/product_cat?post=14072"},{"taxonomy":"product_tag","embeddable":true,"href":"https:\/\/siulaiklaipeda.eu\/ru\/wp-json\/wp\/v2\/product_tag?post=14072"}],"curies":[{"name":"wp","href":"https:\/\/api.w.org\/{rel}","templated":true}]}}