{"id":12063,"date":"2024-09-23T18:44:44","date_gmt":"2024-09-23T16:44:44","guid":{"rendered":"https:\/\/siulaiklaipeda.eu\/?post_type=product&#038;p=12063"},"modified":"2025-11-03T19:29:57","modified_gmt":"2025-11-03T17:29:57","slug":"yarnart-alpine-alpaca-1452","status":"publish","type":"product","link":"https:\/\/siulaiklaipeda.eu\/ru\/product\/yarnart-alpine-alpaca-1452\/","title":{"rendered":"YarnArt \u0410\u043b\u044c\u043f\u0438\u0439\u0441\u043a\u0430\u044f \u0410\u043b\u044c\u043f\u0430\u043a\u0430 1452"},"content":{"rendered":"<ul>\n<li>\u0422\u043e\u043b\u0441\u0442\u0430\u044f \u0438 \u0442\u0435\u043f\u043b\u0430\u044f \u043f\u0440\u044f\u0436\u0430 \u0434\u043b\u044f \u0437\u0438\u043c\u043d\u0435\u0433\u043e \u0432\u044f\u0437\u0430\u043d\u0438\u044f. \u0418\u0434\u0435\u0430\u043b\u044c\u043d\u043e \u043f\u043e\u0434\u0445\u043e\u0434\u0438\u0442 \u0434\u043b\u044f \u0442\u043e\u043b\u0441\u0442\u044b\u0445 \u0441\u0432\u0438\u0442\u0435\u0440\u043e\u0432, \u0448\u0430\u043f\u043e\u043a, \u0448\u0430\u0440\u0444\u043e\u0432, \u0434\u0435\u043a\u043e\u0440\u0430\u0442\u0438\u0432\u043d\u044b\u0445 \u043f\u043e\u0434\u0443\u0448\u0435\u043a, \u043e\u0434\u0435\u044f\u043b.<\/li>\n<li>\u0421\u043e\u0441\u0442\u0430\u0432: 201\u0422\u041f3\u0422 \u0430\u043b\u044c\u043f\u0430\u043a\u0430, 201\u0422\u041f3\u0422 \u0448\u0435\u0440\u0441\u0442\u044c, 601\u0422\u041f3\u0422 \u0430\u043a\u0440\u0438\u043b.<\/li>\n<li>150 \u0433, 120 \u043c<\/li>\n<li>\u0420\u0435\u043a\u043e\u043c\u0435\u043d\u0434\u0443\u044e\u0442\u0441\u044f \u0441\u043f\u0438\u0446\u044b \u21169\u043c\u043c.<\/li>\n<li>\u041f\u0440\u043e\u0438\u0437\u0432\u043e\u0434\u0438\u0442\u0435\u043b\u044c - YarnArt, \u0422\u0443\u0440\u0446\u0438\u044f<\/li>\n<\/ul>","protected":false},"excerpt":{"rendered":"<p>Stori ir \u0161ilti si\u016blai \u017eiemos mezginiams .Puikiai tinka\u00a0 storiems megztiniams ,kepur\u0117ms ,\u0161alikams,dekoratyvin\u0117m pagalv\u0117m ,pledam. Sud\u0117tis: 20% alpaka, 20% vilna, 60% akrilas 150 g ,120m Rekomenduojami virbalai Nr 9mm Gamintojas -YarnArt ,Turkija<\/p>","protected":false},"featured_media":12064,"template":"","meta":[],"product_brand":[],"product_cat":[94,213,48],"product_tag":[],"class_list":{"0":"post-12063","1":"product","2":"type-product","3":"status-publish","4":"has-post-thumbnail","6":"product_cat-yarnart","7":"product_cat-alpine-alpaca","8":"product_cat-pusvilne","10":"first","11":"outofstock","12":"sale","13":"taxable","14":"shipping-taxable","15":"purchasable","16":"product-type-simple"},"_links":{"self":[{"href":"https:\/\/siulaiklaipeda.eu\/ru\/wp-json\/wp\/v2\/product\/12063","targetHints":{"allow":["GET"]}}],"collection":[{"href":"https:\/\/siulaiklaipeda.eu\/ru\/wp-json\/wp\/v2\/product"}],"about":[{"href":"https:\/\/siulaiklaipeda.eu\/ru\/wp-json\/wp\/v2\/types\/product"}],"wp:featuredmedia":[{"embeddable":true,"href":"https:\/\/siulaiklaipeda.eu\/ru\/wp-json\/wp\/v2\/media\/12064"}],"wp:attachment":[{"href":"https:\/\/siulaiklaipeda.eu\/ru\/wp-json\/wp\/v2\/media?parent=12063"}],"wp:term":[{"taxonomy":"product_brand","embeddable":true,"href":"https:\/\/siulaiklaipeda.eu\/ru\/wp-json\/wp\/v2\/product_brand?post=12063"},{"taxonomy":"product_cat","embeddable":true,"href":"https:\/\/siulaiklaipeda.eu\/ru\/wp-json\/wp\/v2\/product_cat?post=12063"},{"taxonomy":"product_tag","embeddable":true,"href":"https:\/\/siulaiklaipeda.eu\/ru\/wp-json\/wp\/v2\/product_tag?post=12063"}],"curies":[{"name":"wp","href":"https:\/\/api.w.org\/{rel}","templated":true}]}}