{"id":12003,"date":"2024-09-23T17:08:56","date_gmt":"2024-09-23T15:08:56","guid":{"rendered":"https:\/\/siulaiklaipeda.eu\/?post_type=product&#038;p=12003"},"modified":"2026-01-17T22:33:16","modified_gmt":"2026-01-17T20:33:16","slug":"yarnart-merino-de-luxe-50-556","status":"publish","type":"product","link":"https:\/\/siulaiklaipeda.eu\/ru\/product\/yarnart-merino-de-luxe-50-556\/","title":{"rendered":"YarnArt Merino De Luxe 50 556"},"content":{"rendered":"<ul>\n<li>\u041a\u043b\u0430\u0441\u0441\u0438\u0447\u0435\u0441\u043a\u0430\u044f \u043f\u043e\u043b\u0443\u0448\u0435\u0440\u0441\u0442\u044f\u043d\u0430\u044f \u043f\u0440\u044f\u0436\u0430 \u0445\u043e\u0440\u043e\u0448\u0435\u0433\u043e \u043a\u0430\u0447\u0435\u0441\u0442\u0432\u0430, \u0441\u0440\u0435\u0434\u043d\u0435\u0439 \u0442\u043e\u043b\u0449\u0438\u043d\u044b. \u0418\u0437\u0434\u0435\u043b\u0438\u044f \u0438\u0437 \u044d\u0442\u043e\u0439 \u043f\u0440\u044f\u0436\u0438 \u043d\u0435\u0436\u043d\u044b\u0435, \u043c\u044f\u0433\u043a\u0438\u0435, \u0445\u043e\u0440\u043e\u0448\u043e \u043d\u043e\u0441\u044f\u0442\u0441\u044f.<\/li>\n<li>50 % \u0445\u043b\u043e\u043f\u043e\u043a, 50% \u0430\u043a\u0440\u0438\u043b<\/li>\n<li>100 \u0433, 280 \u043c, \u043f\u0440\u043e\u0438\u0437\u0432\u043e\u0434\u0438\u0442\u0435\u043b\u044c YarnArt, \u0422\u0443\u0440\u0446\u0438\u044f<\/li>\n<\/ul>","protected":false},"excerpt":{"rendered":"<p>Klasikin\u0117 pusviln\u0117, geros kokyb\u0117s ,vidutinio storio\u00a0 si\u016blas .Gaminiai i\u0161 \u0161i\u0173 si\u016bl\u0173 \u0161veln\u016bs ,mink\u0161ti, gerai ne\u0161iojasi 50 %vilna ,50% akrilas 100 g ,280 m ,gamintojas YarnArt ,Turkija<\/p>","protected":false},"featured_media":23321,"template":"","meta":[],"product_brand":[],"product_cat":[94,215,48],"product_tag":[],"class_list":{"0":"post-12003","1":"product","2":"type-product","3":"status-publish","4":"has-post-thumbnail","6":"product_cat-yarnart","7":"product_cat-merino-de-luxe-50","8":"product_cat-pusvilne","10":"first","11":"instock","12":"taxable","13":"shipping-taxable","14":"purchasable","15":"product-type-simple"},"_links":{"self":[{"href":"https:\/\/siulaiklaipeda.eu\/ru\/wp-json\/wp\/v2\/product\/12003","targetHints":{"allow":["GET"]}}],"collection":[{"href":"https:\/\/siulaiklaipeda.eu\/ru\/wp-json\/wp\/v2\/product"}],"about":[{"href":"https:\/\/siulaiklaipeda.eu\/ru\/wp-json\/wp\/v2\/types\/product"}],"wp:featuredmedia":[{"embeddable":true,"href":"https:\/\/siulaiklaipeda.eu\/ru\/wp-json\/wp\/v2\/media\/23321"}],"wp:attachment":[{"href":"https:\/\/siulaiklaipeda.eu\/ru\/wp-json\/wp\/v2\/media?parent=12003"}],"wp:term":[{"taxonomy":"product_brand","embeddable":true,"href":"https:\/\/siulaiklaipeda.eu\/ru\/wp-json\/wp\/v2\/product_brand?post=12003"},{"taxonomy":"product_cat","embeddable":true,"href":"https:\/\/siulaiklaipeda.eu\/ru\/wp-json\/wp\/v2\/product_cat?post=12003"},{"taxonomy":"product_tag","embeddable":true,"href":"https:\/\/siulaiklaipeda.eu\/ru\/wp-json\/wp\/v2\/product_tag?post=12003"}],"curies":[{"name":"wp","href":"https:\/\/api.w.org\/{rel}","templated":true}]}}