{"id":10345,"date":"2024-06-12T13:17:38","date_gmt":"2024-06-12T11:17:38","guid":{"rendered":"https:\/\/siulaiklaipeda.eu\/?post_type=product&#038;p=10345"},"modified":"2026-04-16T14:04:19","modified_gmt":"2026-04-16T11:04:19","slug":"yarnart-symphony-dream-3108","status":"publish","type":"product","link":"https:\/\/siulaiklaipeda.eu\/ru\/product\/yarnart-symphony-dream-3108\/","title":{"rendered":"YarnArt \u0421\u0438\u043c\u0444\u043e\u043d\u0438\u044f \u041c\u0435\u0447\u0442\u0430 3108"},"content":{"rendered":"<ul>\n<li>\u0421\u043e\u0441\u0442\u0430\u0432: \u0445\u043b\u043e\u043f\u043e\u043a 80 1\u0422\u041f3\u0422, \u0432\u0438\u0441\u043a\u043e\u0437\u0430 201\u0422\u041f3\u0422.<\/li>\n<li>\u0414\u043b\u0438\u043d\u0430: 100 \u0433, 250 \u043c.<\/li>\n<li>\u041b\u0435\u043d\u0442\u043e\u0447\u043d\u0430\u044f \u043d\u0438\u0442\u044c \u0441 \u0432\u0438\u0441\u043a\u043e\u0437\u043d\u044b\u043c\u0438 \u0432\u0441\u0442\u0430\u0432\u043a\u0430\u043c\u0438<\/li>\n<li>\u041f\u0440\u043e\u0438\u0437\u0432\u043e\u0434\u0438\u0442\u0435\u043b\u044c: YarnArt, \u0422\u0443\u0440\u0446\u0438\u044f<\/li>\n<\/ul>","protected":false},"excerpt":{"rendered":"<p>Sud\u0117tis :80 % medviln\u0117,20% viskoz\u0117 Ilgis :100 g ,250 m Juostelinis si\u016blas su viskoz\u0117s intarpais Gamintojas:YarnArt ,Turkija<\/p>","protected":false},"featured_media":10362,"template":"","meta":[],"product_brand":[],"product_cat":[51,45,195,54,94],"product_tag":[],"class_list":{"0":"post-10345","1":"product","2":"type-product","3":"status-publish","4":"has-post-thumbnail","6":"product_cat-medvilne","7":"product_cat-mezgimo-siulai","8":"product_cat-symphony-dream","9":"product_cat-viskoze","10":"product_cat-yarnart","12":"first","13":"instock","14":"taxable","15":"shipping-taxable","16":"purchasable","17":"product-type-simple"},"_links":{"self":[{"href":"https:\/\/siulaiklaipeda.eu\/ru\/wp-json\/wp\/v2\/product\/10345","targetHints":{"allow":["GET"]}}],"collection":[{"href":"https:\/\/siulaiklaipeda.eu\/ru\/wp-json\/wp\/v2\/product"}],"about":[{"href":"https:\/\/siulaiklaipeda.eu\/ru\/wp-json\/wp\/v2\/types\/product"}],"wp:featuredmedia":[{"embeddable":true,"href":"https:\/\/siulaiklaipeda.eu\/ru\/wp-json\/wp\/v2\/media\/10362"}],"wp:attachment":[{"href":"https:\/\/siulaiklaipeda.eu\/ru\/wp-json\/wp\/v2\/media?parent=10345"}],"wp:term":[{"taxonomy":"product_brand","embeddable":true,"href":"https:\/\/siulaiklaipeda.eu\/ru\/wp-json\/wp\/v2\/product_brand?post=10345"},{"taxonomy":"product_cat","embeddable":true,"href":"https:\/\/siulaiklaipeda.eu\/ru\/wp-json\/wp\/v2\/product_cat?post=10345"},{"taxonomy":"product_tag","embeddable":true,"href":"https:\/\/siulaiklaipeda.eu\/ru\/wp-json\/wp\/v2\/product_tag?post=10345"}],"curies":[{"name":"wp","href":"https:\/\/api.w.org\/{rel}","templated":true}]}}