{"id":10177,"date":"2024-05-31T10:06:12","date_gmt":"2024-05-31T08:06:12","guid":{"rendered":"https:\/\/siulaiklaipeda.eu\/?post_type=product&#038;p=10177"},"modified":"2026-03-26T12:00:21","modified_gmt":"2026-03-26T10:00:21","slug":"mohair-trendy-113","status":"publish","type":"product","link":"https:\/\/siulaiklaipeda.eu\/ru\/product\/mohair-trendy-113\/","title":{"rendered":"YarnArt \u041c\u043e\u0445\u0435\u0440 Trendy 113"},"content":{"rendered":"<ul>\n<li>\u0421\u043e\u0441\u0442\u0430\u0432: \u043c\u043e\u0445\u0435\u0440 50 1\u0422\u041f3\u0422, \u0430\u043a\u0440\u0438\u043b 501\u0422\u041f3\u0422.<\/li>\n<li>\u0414\u043b\u0438\u043d\u0430: 100 \u0433, 220 \u043c.<\/li>\n<li>\u041f\u0440\u043e\u0438\u0437\u0432\u043e\u0434\u0438\u0442\u0435\u043b\u044c: YarnArt, \u0422\u0443\u0440\u0446\u0438\u044f<\/li>\n<li>\n<div class=\"xdj266r x11i5rnm xat24cr x1mh8g0r x1vvkbs x126k92a\">\n<div dir=\"auto\">\u041c\u0435\u0447\u0442\u0430\u0435\u0442\u0435 \u043e \u0442\u0440\u0438\u043a\u043e\u0442\u0430\u0436\u0435, \u043a\u043e\u0442\u043e\u0440\u044b\u0439 \u0437\u0430\u0441\u0442\u0430\u0432\u0438\u0442 \u043e\u0441\u0442\u0430\u043d\u043e\u0432\u0438\u0442\u044c\u0441\u044f \u0438 \u0432\u043e\u0441\u0445\u0438\u0442\u0438\u0442\u044c\u0441\u044f \u043a\u0430\u0436\u0434\u043e\u0433\u043e \u043f\u0440\u043e\u0445\u043e\u0436\u0435\u0433\u043e? \u0422\u043e\u0433\u0434\u0430 \u00ab\u041c\u043e\u0445\u0435\u0440 \u0422\u0440\u0435\u043d\u0434\u0438\u00bb \u2014 \u0412\u0430\u0448 \u043d\u0435\u0437\u0430\u043c\u0435\u043d\u0438\u043c\u044b\u0439 \u0432\u044b\u0431\u043e\u0440! \u042d\u0442\u0430 \u043f\u0440\u044f\u0436\u0430 \u043d\u0435 \u0442\u043e\u043b\u044c\u043a\u043e \u0434\u043e\u0431\u0430\u0432\u043b\u044f\u0435\u0442 \u043e\u0449\u0443\u0449\u0435\u043d\u0438\u0435 \u043b\u0435\u0433\u043a\u043e\u0441\u0442\u0438 \u0438 \u0440\u043e\u0441\u043a\u043e\u0448\u0438, \u043d\u043e \u0438 \u043f\u043e\u0437\u0432\u043e\u043b\u044f\u0435\u0442 \u044d\u043a\u0441\u043f\u0435\u0440\u0438\u043c\u0435\u043d\u0442\u0438\u0440\u043e\u0432\u0430\u0442\u044c \u0441 \u0444\u0430\u043a\u0442\u0443\u0440\u0430\u043c\u0438 \u0438 \u0446\u0432\u0435\u0442\u0430\u043c\u0438.<\/div>\n<\/div>\n<div class=\"x11i5rnm xat24cr x1mh8g0r x1vvkbs xtlvy1s x126k92a\">\n<div dir=\"auto\">\u041c\u044f\u0433\u043a\u043e\u0441\u0442\u044c, \u043a\u0430\u043a \u043e\u0431\u043b\u0430\u0447\u043d\u044b\u0439 \u043f\u0443\u0445: \u0411\u043b\u0430\u0433\u043e\u0434\u0430\u0440\u044f \u0432\u043e\u043b\u043e\u043a\u043d\u0443 \u043c\u043e\u0445\u0435\u0440\u0430 \u0432\u0430\u0448\u0438 \u0432\u044f\u0437\u0430\u043d\u044b\u0435 \u0438\u0437\u0434\u0435\u043b\u0438\u044f \u0431\u0443\u0434\u0443\u0442 \u043d\u0430\u0441\u0442\u043e\u043b\u044c\u043a\u043e \u043c\u044f\u0433\u043a\u0438\u043c\u0438, \u0447\u0442\u043e \u0432\u0430\u043c \u0437\u0430\u0445\u043e\u0447\u0435\u0442\u0441\u044f \u0438\u0445 \u043e\u0431\u043d\u044f\u0442\u044c.<\/div>\n<\/div>\n<div class=\"x11i5rnm xat24cr x1mh8g0r x1vvkbs xtlvy1s x126k92a\">\n<div dir=\"auto\">\u041e\u043f\u044b\u0442 \u0432\u044f\u0437\u0430\u043d\u0438\u044f \u2014 \u044d\u0442\u043e \u043c\u0435\u0434\u0438\u0442\u0430\u0446\u0438\u044f: \u044d\u0442\u0438 \u043d\u0438\u0442\u0438 \u0441\u043a\u043e\u043b\u044c\u0437\u044f\u0442 \u0441\u043a\u0432\u043e\u0437\u044c \u0432\u0430\u0448\u0438 \u043f\u0430\u043b\u044c\u0446\u044b \u0438 \u0438\u0433\u043b\u044b \u0442\u0430\u043a \u043b\u0435\u0433\u043a\u043e, \u0447\u0442\u043e \u0441\u0430\u043c \u043f\u0440\u043e\u0446\u0435\u0441\u0441 \u0441\u0442\u0430\u043d\u043e\u0432\u0438\u0442\u0441\u044f \u0442\u0435\u0440\u0430\u043f\u0438\u0435\u0439. \u0418\u0434\u0435\u0430\u043b\u044c\u043d\u043e \u043f\u043e\u0434\u0445\u043e\u0434\u0438\u0442 \u043a\u0430\u043a \u0434\u043b\u044f \u043d\u0430\u0447\u0438\u043d\u0430\u044e\u0449\u0438\u0445, \u0442\u0430\u043a \u0438 \u0434\u043b\u044f \u043e\u043f\u044b\u0442\u043d\u044b\u0445 \u0432\u044f\u0437\u0430\u043b\u044c\u0449\u0438\u0446!<\/div>\n<\/div>\n<\/li>\n<\/ul>","protected":false},"excerpt":{"rendered":"<p>Sud\u0117tis : 50 % mohera ,50%\u00a0 akrilas Ilgis :100 g ,220 m Gamintojas :YarnArt ,Turkija Ar svajojate apie mezgin\u012f, kuris priverst\u0173 sustoti ir \u017eav\u0117tis kiekvien\u0105 praeiv\u012f? Tuomet &#8222;Mohair Trendy&#8221; \u2013 j\u016bs\u0173 nepakei\u010diamas pasirinkimas! \u0160ie si\u016blai ne tik prideda lengvumo ir prabangos jausm\u0105, bet ir leid\u017eia jums eksperimentuoti su tekst\u016bromis bei spalvomis. \u0160velnumas kaip debes\u0173 p\u016bkas: [&hellip;]<\/p>","protected":false},"featured_media":21899,"template":"","meta":[],"product_brand":[],"product_cat":[94,45,150,49],"product_tag":[],"class_list":{"0":"post-10177","1":"product","2":"type-product","3":"status-publish","4":"has-post-thumbnail","6":"product_cat-yarnart","7":"product_cat-mezgimo-siulai","8":"product_cat-mohair-trendy","9":"product_cat-mohera","11":"first","12":"instock","13":"taxable","14":"shipping-taxable","15":"purchasable","16":"product-type-simple"},"_links":{"self":[{"href":"https:\/\/siulaiklaipeda.eu\/ru\/wp-json\/wp\/v2\/product\/10177","targetHints":{"allow":["GET"]}}],"collection":[{"href":"https:\/\/siulaiklaipeda.eu\/ru\/wp-json\/wp\/v2\/product"}],"about":[{"href":"https:\/\/siulaiklaipeda.eu\/ru\/wp-json\/wp\/v2\/types\/product"}],"wp:featuredmedia":[{"embeddable":true,"href":"https:\/\/siulaiklaipeda.eu\/ru\/wp-json\/wp\/v2\/media\/21899"}],"wp:attachment":[{"href":"https:\/\/siulaiklaipeda.eu\/ru\/wp-json\/wp\/v2\/media?parent=10177"}],"wp:term":[{"taxonomy":"product_brand","embeddable":true,"href":"https:\/\/siulaiklaipeda.eu\/ru\/wp-json\/wp\/v2\/product_brand?post=10177"},{"taxonomy":"product_cat","embeddable":true,"href":"https:\/\/siulaiklaipeda.eu\/ru\/wp-json\/wp\/v2\/product_cat?post=10177"},{"taxonomy":"product_tag","embeddable":true,"href":"https:\/\/siulaiklaipeda.eu\/ru\/wp-json\/wp\/v2\/product_tag?post=10177"}],"curies":[{"name":"wp","href":"https:\/\/api.w.org\/{rel}","templated":true}]}}