{"id":10171,"date":"2024-05-31T09:39:38","date_gmt":"2024-05-31T07:39:38","guid":{"rendered":"https:\/\/siulaiklaipeda.eu\/?post_type=product&#038;p=10171"},"modified":"2025-08-12T16:55:14","modified_gmt":"2025-08-12T14:55:14","slug":"linen-soft-7304","status":"publish","type":"product","link":"https:\/\/siulaiklaipeda.eu\/ru\/product\/linen-soft-7304\/","title":{"rendered":"YarnArt Linen Soft 7304"},"content":{"rendered":"<ul>\n<li>\u0421\u043e\u0441\u0442\u0430\u0432: 36 % \u0432\u0438\u0441\u043a\u043e\u0437\u0430, 34 % \u0445\u043b\u043e\u043f\u043e\u043a, 30 % \u043b\u0435\u043d<\/li>\n<li>\u0414\u043b\u0438\u043d\u0430: 100\u0433, 272\u043c<\/li>\n<li>\u041e\u0442\u043b\u0438\u0447\u043d\u0430\u044f \u043f\u0440\u044f\u0436\u0430 \u0434\u043b\u044f \u043b\u0435\u0442\u043d\u0438\u0445 \u0432\u044f\u0437\u0430\u043d\u044b\u0445 \u0438\u0437\u0434\u0435\u043b\u0438\u0439. \u041c\u0430\u0442\u043e\u0432\u0430\u044f \u0445\u043b\u043e\u043f\u043a\u043e\u0432\u0430\u044f \u0438 \u043b\u044c\u043d\u044f\u043d\u0430\u044f \u043f\u0440\u044f\u0436\u0430 \u043f\u0435\u0440\u0435\u043f\u043b\u0435\u0442\u0435\u043d\u0430 \u0441 \u0431\u043b\u0435\u0441\u0442\u044f\u0449\u0435\u0439 \u0432\u0438\u0441\u043a\u043e\u0437\u043d\u043e\u0439 \u043f\u0440\u044f\u0436\u0435\u0439. \u0421\u0430\u043c\u0430 \u043f\u0440\u044f\u0436\u0430 \u043d\u0435\u0440\u0430\u0432\u043d\u043e\u043c\u0435\u0440\u043d\u043e \u0441\u043a\u0440\u0443\u0447\u0435\u043d\u0430, \u043f\u043e\u044d\u0442\u043e\u043c\u0443 \u043d\u0435 \u043d\u0443\u0436\u0434\u0430\u0435\u0442\u0441\u044f \u0432 \u0441\u043b\u043e\u0436\u043d\u044b\u0445 \u0443\u0437\u043e\u0440\u0430\u0445 \u0438\u043b\u0438 \u0444\u043e\u0440\u043c\u0430\u0445, \u043e\u043d\u0430 \u0441\u0430\u043c\u0430 \u0441\u043e\u0437\u0434\u0430\u0435\u0442 \u0438\u043d\u0442\u0435\u0440\u0435\u0441\u043d\u0443\u044e \u0444\u0430\u043a\u0442\u0443\u0440\u0443 \u0432\u044f\u0437\u0430\u043d\u0438\u044f. \u041f\u0440\u044f\u0436\u0430 \u043e\u0447\u0435\u043d\u044c \u043c\u044f\u0433\u043a\u0430\u044f \u0438 \u043f\u0440\u0438\u044f\u0442\u043d\u0430\u044f \u043d\u0430 \u043e\u0449\u0443\u043f\u044c, \u043b\u0435\u0433\u043a\u043e \u0432\u044f\u0436\u0435\u0442\u0441\u044f.<\/li>\n<li>\u0418\u0433\u043b\u044b, \u0440\u0435\u043a\u043e\u043c\u0435\u043d\u0434\u0443\u0435\u043c\u044b\u0435 \u043f\u0440\u043e\u0438\u0437\u0432\u043e\u0434\u0438\u0442\u0435\u043b\u0435\u043c: \u2116 4<\/li>\n<li>\u0420\u0435\u043a\u043e\u043c\u0435\u043d\u0434\u0443\u0435\u043c\u044b\u0439 \u043f\u0440\u043e\u0438\u0437\u0432\u043e\u0434\u0438\u0442\u0435\u043b\u0435\u043c \u0440\u0430\u0437\u043c\u0435\u0440: \u2116 3-4<\/li>\n<li>\u041f\u0440\u043e\u0438\u0437\u0432\u043e\u0434\u0438\u0442\u0435\u043b\u044c: YarnArt, \u0422\u0443\u0440\u0446\u0438\u044f<\/li>\n<\/ul>","protected":false},"excerpt":{"rendered":"<p>Sud\u0117tis :36 % viskoz\u0117 ,34 % medviln\u0117 ,30 % linas Ilgis :100g ,272m Puikus si\u016blas vasaros mezginiams .Matinis medviln\u0117s ir lino si\u016blas\u00a0 persipyn\u0119s su blizgiu viskoz\u0117s si\u016bl\u0173 .Pats si\u016blas nelygaus verpimo\u00a0 ,tod\u0117l jam nereikia \u012fmantri\u0173 ra\u0161t\u0173 ar fason\u0173 ,jis pats i\u0161 sav\u0119s sukuria \u012fdomi\u0105 mezginio fakt\u016br\u0105. Si\u016blas labai \u0161velnus ir malonus liesti ,lengvai mezgasi . [&hellip;]<\/p>","protected":false},"featured_media":10190,"template":"","meta":[],"product_brand":[],"product_cat":[94,53,192,51,45],"product_tag":[],"class_list":{"0":"post-10171","1":"product","2":"type-product","3":"status-publish","4":"has-post-thumbnail","6":"product_cat-yarnart","7":"product_cat-linas","8":"product_cat-linen-soft","9":"product_cat-medvilne","10":"product_cat-mezgimo-siulai","12":"first","13":"outofstock","14":"taxable","15":"shipping-taxable","16":"purchasable","17":"product-type-simple"},"_links":{"self":[{"href":"https:\/\/siulaiklaipeda.eu\/ru\/wp-json\/wp\/v2\/product\/10171","targetHints":{"allow":["GET"]}}],"collection":[{"href":"https:\/\/siulaiklaipeda.eu\/ru\/wp-json\/wp\/v2\/product"}],"about":[{"href":"https:\/\/siulaiklaipeda.eu\/ru\/wp-json\/wp\/v2\/types\/product"}],"wp:featuredmedia":[{"embeddable":true,"href":"https:\/\/siulaiklaipeda.eu\/ru\/wp-json\/wp\/v2\/media\/10190"}],"wp:attachment":[{"href":"https:\/\/siulaiklaipeda.eu\/ru\/wp-json\/wp\/v2\/media?parent=10171"}],"wp:term":[{"taxonomy":"product_brand","embeddable":true,"href":"https:\/\/siulaiklaipeda.eu\/ru\/wp-json\/wp\/v2\/product_brand?post=10171"},{"taxonomy":"product_cat","embeddable":true,"href":"https:\/\/siulaiklaipeda.eu\/ru\/wp-json\/wp\/v2\/product_cat?post=10171"},{"taxonomy":"product_tag","embeddable":true,"href":"https:\/\/siulaiklaipeda.eu\/ru\/wp-json\/wp\/v2\/product_tag?post=10171"}],"curies":[{"name":"wp","href":"https:\/\/api.w.org\/{rel}","templated":true}]}}