{"id":10098,"date":"2024-05-24T16:07:27","date_gmt":"2024-05-24T14:07:27","guid":{"rendered":"https:\/\/siulaiklaipeda.eu\/?post_type=product&#038;p=10098"},"modified":"2026-04-19T14:04:40","modified_gmt":"2026-04-19T11:04:40","slug":"gazzal-super-kid-mohair-64421","status":"publish","type":"product","link":"https:\/\/siulaiklaipeda.eu\/ru\/product\/gazzal-super-kid-mohair-64421\/","title":{"rendered":"Gazzal Super Kid \u041c\u043e\u0445\u0435\u0440 64421"},"content":{"rendered":"<ul>\n<li>\u0421\u043e\u0441\u0442\u0430\u0432: 47 % Super Kid Mohair, 31 % Superwash \u043c\u0435\u0440\u0438\u043d\u043e\u0441\u043e\u0432\u0430\u044f \u0448\u0435\u0440\u0441\u0442\u044c, 22% \u043f\u043e\u043b\u0438\u0430\u043c\u0438\u0434.<\/li>\n<li>\u0414\u043b\u0438\u043d\u0430: 25 \u0433, 237 \u043c.<\/li>\n<li>\u041f\u0440\u043e\u0438\u0437\u0432\u043e\u0434\u0438\u0442\u0435\u043b\u044c \u0440\u0435\u043a\u043e\u043c\u0435\u043d\u0434\u0443\u0435\u0442 \u0441\u043f\u0438\u0446\u044b \u21163, \u0438\u0433\u043b\u044b \u21162,5-3.<\/li>\n<\/ul>\n<p>\u0427\u0440\u0435\u0437\u0432\u044b\u0447\u0430\u0439\u043d\u043e \u043c\u044f\u0433\u043a\u0430\u044f \u043d\u0438\u0442\u044c \u0438\u0437 \u043c\u043e\u0445\u0435\u0440\u0430 \u0441\u0443\u043f\u0435\u0440\u043a\u0438\u0434 \u0441 \u0434\u043e\u0431\u0430\u0432\u043b\u0435\u043d\u0438\u0435\u043c \u0448\u0435\u0440\u0441\u0442\u0438 \u0438 \u043d\u0435\u0431\u043e\u043b\u044c\u0448\u043e\u0433\u043e \u043a\u043e\u043b\u0438\u0447\u0435\u0441\u0442\u0432\u0430 \u043f\u043e\u043b\u0438\u0430\u043c\u0438\u0434\u0430, \u0447\u0442\u043e \u043f\u0440\u0438\u0434\u0430\u0435\u0442 \u0438\u0437\u0434\u0435\u043b\u0438\u044e \u043f\u0440\u043e\u0447\u043d\u043e\u0441\u0442\u044c. \u0412\u044f\u0437\u0430\u043d\u0438\u0435 \u0438\u0437 \u044d\u0442\u043e\u0439 \u043d\u0438\u0442\u0438 \u0431\u0443\u0434\u0435\u0442 \u043f\u0443\u0448\u0438\u0441\u0442\u044b\u043c, \u043b\u0435\u0433\u043a\u0438\u043c \u0438 \u0442\u0435\u043f\u043b\u044b\u043c. \u042d\u0442\u0443 \u043d\u0438\u0442\u044c \u043c\u043e\u0436\u043d\u043e \u0438\u0441\u043f\u043e\u043b\u044c\u0437\u043e\u0432\u0430\u0442\u044c \u0438 \u043a\u0430\u043a \u0434\u043e\u043f\u043e\u043b\u043d\u0438\u0442\u0435\u043b\u044c\u043d\u0443\u044e \u043d\u0438\u0442\u044c \u043a \u0434\u0440\u0443\u0433\u043e\u0439 \u0444\u0430\u043a\u0442\u0443\u0440\u043d\u043e\u0439 \u043d\u0438\u0442\u0438.<\/p>","protected":false},"excerpt":{"rendered":"<p>Sud\u0117tis : 47 % Super Kid Mohair ,31 % Superwash Merino vilna, 22% poliamidas Ilgis : 25 g ,237 m Gamintojo rekomenduojami virbalai Nr 3,v\u0105\u0161elis Nr 2.5-3 Ypatingo \u0161velnumo\u00a0 super kid moheros si\u016blas su vilna ir nedideliu kiekiu poliamido , kuris gaminiui suteikia\u00a0 \u00a0tvirtumo .Mezginiai\u00a0 i\u0161 \u0161io si\u016blo bus pur\u016bs ,lengvi ir \u0161ilti .Galima \u0161\u012f [&hellip;]<\/p>","protected":false},"featured_media":10100,"template":"","meta":[],"product_brand":[],"product_cat":[97,49,193],"product_tag":[],"class_list":{"0":"post-10098","1":"product","2":"type-product","3":"status-publish","4":"has-post-thumbnail","6":"product_cat-gazzal","7":"product_cat-mohera","8":"product_cat-super-kid-mohair","10":"first","11":"instock","12":"sale","13":"taxable","14":"shipping-taxable","15":"purchasable","16":"product-type-simple"},"_links":{"self":[{"href":"https:\/\/siulaiklaipeda.eu\/ru\/wp-json\/wp\/v2\/product\/10098","targetHints":{"allow":["GET"]}}],"collection":[{"href":"https:\/\/siulaiklaipeda.eu\/ru\/wp-json\/wp\/v2\/product"}],"about":[{"href":"https:\/\/siulaiklaipeda.eu\/ru\/wp-json\/wp\/v2\/types\/product"}],"wp:featuredmedia":[{"embeddable":true,"href":"https:\/\/siulaiklaipeda.eu\/ru\/wp-json\/wp\/v2\/media\/10100"}],"wp:attachment":[{"href":"https:\/\/siulaiklaipeda.eu\/ru\/wp-json\/wp\/v2\/media?parent=10098"}],"wp:term":[{"taxonomy":"product_brand","embeddable":true,"href":"https:\/\/siulaiklaipeda.eu\/ru\/wp-json\/wp\/v2\/product_brand?post=10098"},{"taxonomy":"product_cat","embeddable":true,"href":"https:\/\/siulaiklaipeda.eu\/ru\/wp-json\/wp\/v2\/product_cat?post=10098"},{"taxonomy":"product_tag","embeddable":true,"href":"https:\/\/siulaiklaipeda.eu\/ru\/wp-json\/wp\/v2\/product_tag?post=10098"}],"curies":[{"name":"wp","href":"https:\/\/api.w.org\/{rel}","templated":true}]}}