{"id":8625,"date":"2024-03-11T12:46:13","date_gmt":"2024-03-11T12:46:13","guid":{"rendered":"https:\/\/siulaiklaipeda.eu\/?page_id=8625"},"modified":"2025-04-11T16:12:17","modified_gmt":"2025-04-11T14:12:17","slug":"prekiu-pristatymas","status":"publish","type":"page","link":"https:\/\/siulaiklaipeda.eu\/ru\/prekiu-pristatymas\/","title":{"rendered":"\u0414\u043e\u0441\u0442\u0430\u0432\u043a\u0430 \u0442\u043e\u0432\u0430\u0440\u043e\u0432"},"content":{"rendered":"<div data-elementor-type=\"wp-page\" data-elementor-id=\"8625\" class=\"elementor elementor-8625\">\n\t\t\t\t<div class=\"elementor-element elementor-element-eda126e e-flex e-con-boxed e-con e-parent\" data-id=\"eda126e\" data-element_type=\"container\" data-e-type=\"container\">\n\t\t\t\t\t<div class=\"e-con-inner\">\n\t\t\t\t<div class=\"elementor-element elementor-element-39e43c4 elementor-widget elementor-widget-text-editor\" data-id=\"39e43c4\" data-element_type=\"widget\" data-e-type=\"widget\" data-widget_type=\"text-editor.default\">\n\t\t\t\t<div class=\"elementor-widget-container\">\n\t\t\t\t\t\t\t\t\t\n<p>\u0412\u0441\u0435 \u0442\u043e\u0432\u0430\u0440\u044b, \u043a\u0443\u043f\u043b\u0435\u043d\u043d\u044b\u0435 \u043e\u043d\u043b\u0430\u0439\u043d, \u043c\u044b \u0434\u043e\u0441\u0442\u0430\u0432\u043b\u044f\u0435\u043c \u043f\u043e \u041b\u0438\u0442\u0432\u0435 \u0432 \u0442\u0435\u0447\u0435\u043d\u0438\u0435 1-3 \u0434\u043d\u0435\u0439. <br \/>\u0412 \u041a\u043b\u0430\u0439\u043f\u0435\u0434\u0435 \u0435\u0433\u043e \u043c\u043e\u0436\u043d\u043e \u0431\u0435\u0441\u043f\u043b\u0430\u0442\u043d\u043e \u043f\u043e\u043b\u0443\u0447\u0438\u0442\u044c \u043f\u043e \u0430\u0434\u0440\u0435\u0441\u0443: <br \/><em>\u0443\u043b. \u0422\u0438\u043b\u044c\u0436\u0435\u0441. 51, \u041b\u043e\u043d\u0434\u043e\u043d\u0441\u043a\u0438\u0439 \u043f\u0443\u0442\u044c, \u0440\u044f\u0434 1 (\u2116 14).<\/em><br \/><em>\u0420\u0430\u0431\u043e\u0442\u0430\u0435\u043c: \u0441\u0440\u0435\u0434\u0430, \u0441\u0443\u0431\u0431\u043e\u0442\u0430 \u0438 \u0432\u043e\u0441\u043a\u0440\u0435\u0441\u0435\u043d\u044c\u0435 \u0441 9.00 \u0434\u043e 14.00.<\/em><br \/><br \/><b><span style=\"text-decoration: underline;\">\u0414\u043e\u0441\u0442\u0430\u0432\u043a\u0430 \u043f\u043e \u041b\u0438\u0442\u0432\u0435<\/span>:<br \/><\/b><span style=\"font-size: 16px;\">\u041e\u0442\u043f\u0440\u0430\u0432\u043b\u044f\u0435\u043c \u0442\u043e\u0432\u0430\u0440\u044b \u043f\u043e\u0447\u0442\u043e\u0432\u044b\u043c \u0430\u0432\u0442\u043e\u043c\u0430\u0442\u043e\u043c OMNIVA, \u043f\u043e\u0447\u0442\u043e\u0432\u044b\u043c \u0430\u0432\u0442\u043e\u043c\u0430\u0442\u043e\u043c LPEXPRESS \u0438 \u041f\u043e\u0447\u0442\u043e\u0439 \u041b\u0438\u0442\u0432\u044b:<br \/>- \u041e\u0442\u043f\u0440\u0430\u0432\u043a\u0430 \u043f\u043e\u0447\u0442\u043e\u0432\u044b\u043c \u0441\u0447\u0435\u0442\u0447\u0438\u043a\u043e\u043c OMNIVA - 3,50 \u0435\u0432\u0440\u043e.<br \/>- \u0414\u043e\u0441\u0442\u0430\u0432\u043a\u0430 LPEXPRESS \u0438\u043b\u0438 \u043f\u043e\u0447\u0442\u043e\u0439 \u041b\u0438\u0442\u0432\u044b - 3,50\u20ac.<br \/>- \u041f\u0440\u0438 \u043f\u043e\u043a\u0443\u043f\u043a\u0435 \u0442\u043e\u0432\u0430\u0440\u043e\u0432 \u043d\u0430 \u0441\u0443\u043c\u043c\u0443 60 \u20ac \u0438 \u0432\u044b\u0448\u0435 - \u0434\u043e\u0441\u0442\u0430\u0432\u043a\u0430 \u043f\u043e \u041b\u0438\u0442\u0432\u0435 \u0411\u0415\u0421\u041f\u041b\u0410\u0422\u041d\u0410\u042f.<\/span><\/p>\n<p><span style=\"text-decoration: underline;\"><b>\u0414\u043e\u0441\u0442\u0430\u0432\u043a\u0430 \u0432 \u041b\u0430\u0442\u0432\u0438\u044e \u0438 \u042d\u0441\u0442\u043e\u043d\u0438\u044e:<\/b><\/span><br \/>\u041e\u0442\u043f\u0440\u0430\u0432\u043b\u044f\u0435\u043c \u043f\u043e\u0447\u0442\u043e\u0432\u044b\u043c \u0430\u043f\u043f\u0430\u0440\u0430\u0442\u043e\u043c OMNIVA. \u0414\u043e\u0441\u0442\u0430\u0432\u043a\u0430 \u043c\u043e\u0436\u0435\u0442 \u0437\u0430\u043d\u044f\u0442\u044c \u0434\u043e 7 \u0434\u043d\u0435\u0439.\u00a0<br \/>- \u0426\u0435\u043d\u0430 \u043e\u0442\u043f\u0440\u0430\u0432\u043a\u0438 \u0432 \u041b\u0410\u0422\u0412\u0418\u042e \u043f\u043e\u0447\u0442\u043e\u0432\u044b\u043c \u0441\u0447\u0435\u0442\u0447\u0438\u043a\u043e\u043c Omniva \u0441\u043e\u0441\u0442\u0430\u0432\u043b\u044f\u0435\u0442 6 \u0435\u0432\u0440\u043e.<br \/>- \u0426\u0435\u043d\u0430 \u043e\u0442\u043f\u0440\u0430\u0432\u043a\u0438 \u0432 \u042d\u0421\u0422\u041e\u041d\u0418\u042e \u0441 \u0438\u0441\u043f\u043e\u043b\u044c\u0437\u043e\u0432\u0430\u043d\u0438\u0435\u043c \u043f\u043e\u0447\u0442\u043e\u0432\u043e\u0433\u043e \u0441\u0447\u0435\u0442\u0447\u0438\u043a\u0430 Omniva \u0441\u043e\u0441\u0442\u0430\u0432\u043b\u044f\u0435\u0442 8 \u0435\u0432\u0440\u043e.<\/p>\n<p><span style=\"text-decoration: underline;\"><b>\u0414\u043e\u0441\u0442\u0430\u0432\u043a\u0430 \u0432 \u0434\u0440\u0443\u0433\u0438\u0435 \u0441\u0442\u0440\u0430\u043d\u044b \u0415\u0432\u0440\u043e\u043f\u044b:<\/b><\/span><br \/>\u041e\u0442\u043f\u0440\u0430\u0432\u043b\u044f\u0435\u043c \u043f\u043e\u0447\u0442\u043e\u0439 \u041b\u0438\u0442\u0432\u044b.<br \/>\u041c\u044b \u043e\u0442\u043f\u0440\u0430\u0432\u043b\u044f\u0435\u043c \u0432: \u0428\u0432\u0435\u0446\u0438\u044e, \u0418\u0440\u043b\u0430\u043d\u0434\u0438\u044e, \u0414\u0430\u043d\u0438\u044e, \u0418\u0441\u043f\u0430\u043d\u0438\u044e, \u041d\u0438\u0434\u0435\u0440\u043b\u0430\u043d\u0434\u044b, \u041f\u043e\u043b\u044c\u0448\u0443, \u041d\u043e\u0440\u0432\u0435\u0433\u0438\u044e, \u0424\u0438\u043d\u043b\u044f\u043d\u0434\u0438\u044e, \u0413\u0435\u0440\u043c\u0430\u043d\u0438\u044e - 10\u20ac.<br \/>\u0412\u0435\u043b\u0438\u043a\u043e\u0431\u0440\u0438\u0442\u0430\u043d\u0438\u044f (\u0412\u0435\u043b\u0438\u043a\u043e\u0431\u0440\u0438\u0442\u0430\u043d\u0438\u044f) \u2013 37\u20ac<br \/><br \/><span style=\"text-decoration: underline;\"><b>\u0414\u043e\u0441\u0442\u0430\u0432\u043a\u0430 \u0432 \u0421\u0428\u0410:<\/b><\/span><br \/>\u041e\u0442\u043f\u0440\u0430\u0432\u043b\u044f\u0435\u043c \u043f\u043e\u0447\u0442\u043e\u0439 \u041b\u0438\u0442\u0432\u044b.<br \/>- \u0421\u0442\u043e\u0438\u043c\u043e\u0441\u0442\u044c \u0434\u043e\u0441\u0442\u0430\u0432\u043a\u0438 \u0432 \u0421\u0428\u0410 22 \u0435\u0432\u0440\u043e.<\/p>\n\t\t\t\t\t\t\t\t<\/div>\n\t\t\t\t<\/div>\n\t\t\t\t\t<\/div>\n\t\t\t\t<\/div>\n\t\t\t\t<\/div>","protected":false},"excerpt":{"rendered":"<p>Visas internetu \u012fsigytas prekes pristatome Lietuvoje per 1-3 d. d. Klaip\u0117doje galima atsiimti nemokamai adresu: Til\u017e\u0117s g. 51, Londono takas 1 eil\u0117 (14 vieta).Dirbame: tre\u010diadien\u012f, \u0161e\u0161tadien\u012f ir sekmadien\u012f 9-14 val. Pristatymas Lietuvoje:Prekes siun\u010diame OMNIVA pa\u0161tomatu, LPEXPRESS pa\u0161tomatu ir Lietuvos pa\u0161tu:&#8211; Siuntimas OMNIVA pa\u0161tomatu &#8211; 3.50 \u20ac&#8211; Siuntimas LPEXPRESS arba Lietuvos pa\u0161tu &#8211; 3.50\u20ac&#8211; Perkant preki\u0173 [&hellip;]<\/p>","protected":false},"author":1,"featured_media":0,"parent":0,"menu_order":0,"comment_status":"closed","ping_status":"closed","template":"","meta":{"footnotes":""},"class_list":["post-8625","page","type-page","status-publish","hentry"],"_links":{"self":[{"href":"https:\/\/siulaiklaipeda.eu\/ru\/wp-json\/wp\/v2\/pages\/8625","targetHints":{"allow":["GET"]}}],"collection":[{"href":"https:\/\/siulaiklaipeda.eu\/ru\/wp-json\/wp\/v2\/pages"}],"about":[{"href":"https:\/\/siulaiklaipeda.eu\/ru\/wp-json\/wp\/v2\/types\/page"}],"author":[{"embeddable":true,"href":"https:\/\/siulaiklaipeda.eu\/ru\/wp-json\/wp\/v2\/users\/1"}],"replies":[{"embeddable":true,"href":"https:\/\/siulaiklaipeda.eu\/ru\/wp-json\/wp\/v2\/comments?post=8625"}],"version-history":[{"count":68,"href":"https:\/\/siulaiklaipeda.eu\/ru\/wp-json\/wp\/v2\/pages\/8625\/revisions"}],"predecessor-version":[{"id":17648,"href":"https:\/\/siulaiklaipeda.eu\/ru\/wp-json\/wp\/v2\/pages\/8625\/revisions\/17648"}],"wp:attachment":[{"href":"https:\/\/siulaiklaipeda.eu\/ru\/wp-json\/wp\/v2\/media?parent=8625"}],"curies":[{"name":"wp","href":"https:\/\/api.w.org\/{rel}","templated":true}]}}