{"id":9969,"date":"2024-05-09T14:01:55","date_gmt":"2024-05-09T12:01:55","guid":{"rendered":"https:\/\/siulaiklaipeda.eu\/?post_type=product&#038;p=9969"},"modified":"2025-11-03T19:20:57","modified_gmt":"2025-11-03T17:20:57","slug":"gazzal-baby-cotton-205-508","status":"publish","type":"product","link":"https:\/\/siulaiklaipeda.eu\/en\/product\/gazzal-baby-cotton-205-508\/","title":{"rendered":"Gazzal Baby Cotton 205-508"},"content":{"rendered":"<ul>\n<li>Composition: 50% cotton, 50 % acrylic<\/li>\n<li>Length: 50 g, 205 m<\/li>\n<li>Needles No. 3-3.5mm are recommended<\/li>\n<li>The recommended size is 2-2.5 mm<\/li>\n<li>Manufacturer Gazzal, Turkey<\/li>\n<\/ul>\n<p>The thread is very soft and gentle.<\/p>","protected":false},"excerpt":{"rendered":"<p>Sud\u0117tis :50% medviln\u0117 , 50 % akrilas Ilgis : 50 g ,205 m Rekomenduojami virbalai Nr 3-3,5mm Rekomenduojamas v\u0105\u0161elis Nr 2-2,5mm Gamintojas Gazzal ,Turkija Si\u016blas labai mink\u0161tas ir \u0161velnus .<\/p>","protected":false},"featured_media":9970,"template":"","meta":[],"product_brand":[],"product_cat":[159,97,51,45],"product_tag":[],"class_list":{"0":"post-9969","1":"product","2":"type-product","3":"status-publish","4":"has-post-thumbnail","6":"product_cat-baby-cotton","7":"product_cat-gazzal","8":"product_cat-medvilne","9":"product_cat-mezgimo-siulai","11":"first","12":"outofstock","13":"taxable","14":"shipping-taxable","15":"purchasable","16":"product-type-simple"},"_links":{"self":[{"href":"https:\/\/siulaiklaipeda.eu\/en\/wp-json\/wp\/v2\/product\/9969","targetHints":{"allow":["GET"]}}],"collection":[{"href":"https:\/\/siulaiklaipeda.eu\/en\/wp-json\/wp\/v2\/product"}],"about":[{"href":"https:\/\/siulaiklaipeda.eu\/en\/wp-json\/wp\/v2\/types\/product"}],"wp:featuredmedia":[{"embeddable":true,"href":"https:\/\/siulaiklaipeda.eu\/en\/wp-json\/wp\/v2\/media\/9970"}],"wp:attachment":[{"href":"https:\/\/siulaiklaipeda.eu\/en\/wp-json\/wp\/v2\/media?parent=9969"}],"wp:term":[{"taxonomy":"product_brand","embeddable":true,"href":"https:\/\/siulaiklaipeda.eu\/en\/wp-json\/wp\/v2\/product_brand?post=9969"},{"taxonomy":"product_cat","embeddable":true,"href":"https:\/\/siulaiklaipeda.eu\/en\/wp-json\/wp\/v2\/product_cat?post=9969"},{"taxonomy":"product_tag","embeddable":true,"href":"https:\/\/siulaiklaipeda.eu\/en\/wp-json\/wp\/v2\/product_tag?post=9969"}],"curies":[{"name":"wp","href":"https:\/\/api.w.org\/{rel}","templated":true}]}}