{"id":9935,"date":"2024-05-09T13:04:52","date_gmt":"2024-05-09T11:04:52","guid":{"rendered":"https:\/\/siulaiklaipeda.eu\/?post_type=product&#038;p=9935"},"modified":"2026-04-09T10:27:42","modified_gmt":"2026-04-09T07:27:42","slug":"lanoso-parla-5251","status":"publish","type":"product","link":"https:\/\/siulaiklaipeda.eu\/en\/product\/lanoso-parla-5251\/","title":{"rendered":"Lanos Parla 5351"},"content":{"rendered":"<h2 data-start=\"293\" data-end=\"382\"><strong data-start=\"299\" data-end=\"382\">Lanoso Parla dekoratyviniai si\u016blai su \u017evyneliais \u2013 prabangus efektas mezginiams<\/strong><\/h2>\n<p data-start=\"384\" data-end=\"689\"><strong data-start=\"384\" data-end=\"400\">Lanoso Parla<\/strong> \u2013 dekoratyvinis mezgimo si\u016blas su blizgiais \u017evyneliais, skirtas suteikti mezginiams i\u0161skirtin\u012f spindes\u012f, tekst\u016br\u0105 ir prabang\u0173 efekt\u0105. \u0160is si\u016blas gali b\u016bti naudojamas vienas arba derinamas su kitais si\u016blais (merino, vilna, moheriu, pusvilne), sukuriant unikal\u0173 ir modern\u0173 mezginio dizain\u0105.<\/p>\n<p data-start=\"691\" data-end=\"788\">Puikus pasirinkimas norintiems subtilaus blizgesio, i\u0161skirtini\u0173 detali\u0173 ir eleganti\u0161ko rezultato.<\/p>\n<h3 data-start=\"1132\" data-end=\"1156\"><strong data-start=\"1139\" data-end=\"1156\">Tinka naudoti<\/strong><\/h3>\n<ul data-start=\"1158\" data-end=\"1333\">\n<li data-start=\"1158\" data-end=\"1192\">\n<p data-start=\"1160\" data-end=\"1192\">megztini\u0173 ir kardigan\u0173 dekorui<\/p>\n<\/li>\n<li data-start=\"1193\" data-end=\"1218\">\n<p data-start=\"1195\" data-end=\"1218\">palaidin\u0117ms su efektu<\/p>\n<\/li>\n<li data-start=\"1219\" data-end=\"1246\">\n<p data-start=\"1221\" data-end=\"1246\">\u0161alikams ir aksesuarams<\/p>\n<\/li>\n<li data-start=\"1247\" data-end=\"1273\">\n<p data-start=\"1249\" data-end=\"1273\">\u0161ventiniams mezginiams<\/p>\n<\/li>\n<li data-start=\"1274\" data-end=\"1298\">\n<p data-start=\"1276\" data-end=\"1298\">detali\u0173 pary\u0161kinimui<\/p>\n<\/li>\n<li data-start=\"1299\" data-end=\"1333\">\n<p data-start=\"1301\" data-end=\"1333\">mezgimui kartu su kitais si\u016blais<\/p>\n<\/li>\n<li>Composition: 75% shiny thread, 25 % flakes<\/li>\n<li>Length: 25 g, 217 m<\/li>\n<li data-start=\"1299\" data-end=\"1333\"><\/li>\n<\/ul>","protected":false},"excerpt":{"rendered":"<p>Lanoso Parla dekoratyviniai si\u016blai su \u017evyneliais \u2013 prabangus efektas mezginiams Lanoso Parla \u2013 dekoratyvinis mezgimo si\u016blas su blizgiais \u017evyneliais, skirtas suteikti mezginiams i\u0161skirtin\u012f spindes\u012f, tekst\u016br\u0105 ir prabang\u0173 efekt\u0105. \u0160is si\u016blas gali b\u016bti naudojamas vienas arba derinamas su kitais si\u016blais (merino, vilna, moheriu, pusvilne), sukuriant unikal\u0173 ir modern\u0173 mezginio dizain\u0105. Puikus pasirinkimas norintiems subtilaus blizgesio, i\u0161skirtini\u0173 [&hellip;]<\/p>","protected":false},"featured_media":9936,"template":"","meta":[],"product_brand":[],"product_cat":[190,154,189],"product_tag":[],"class_list":{"0":"post-9935","1":"product","2":"type-product","3":"status-publish","4":"has-post-thumbnail","6":"product_cat-dekoratyviniai-siulai-su-zvyneliais","7":"product_cat-lanoso-2","8":"product_cat-parla","10":"first","11":"instock","12":"taxable","13":"shipping-taxable","14":"purchasable","15":"product-type-simple"},"_links":{"self":[{"href":"https:\/\/siulaiklaipeda.eu\/en\/wp-json\/wp\/v2\/product\/9935","targetHints":{"allow":["GET"]}}],"collection":[{"href":"https:\/\/siulaiklaipeda.eu\/en\/wp-json\/wp\/v2\/product"}],"about":[{"href":"https:\/\/siulaiklaipeda.eu\/en\/wp-json\/wp\/v2\/types\/product"}],"wp:featuredmedia":[{"embeddable":true,"href":"https:\/\/siulaiklaipeda.eu\/en\/wp-json\/wp\/v2\/media\/9936"}],"wp:attachment":[{"href":"https:\/\/siulaiklaipeda.eu\/en\/wp-json\/wp\/v2\/media?parent=9935"}],"wp:term":[{"taxonomy":"product_brand","embeddable":true,"href":"https:\/\/siulaiklaipeda.eu\/en\/wp-json\/wp\/v2\/product_brand?post=9935"},{"taxonomy":"product_cat","embeddable":true,"href":"https:\/\/siulaiklaipeda.eu\/en\/wp-json\/wp\/v2\/product_cat?post=9935"},{"taxonomy":"product_tag","embeddable":true,"href":"https:\/\/siulaiklaipeda.eu\/en\/wp-json\/wp\/v2\/product_tag?post=9935"}],"curies":[{"name":"wp","href":"https:\/\/api.w.org\/{rel}","templated":true}]}}