{"id":9609,"date":"2024-04-07T10:32:15","date_gmt":"2024-04-07T08:32:15","guid":{"rendered":"https:\/\/siulaiklaipeda.eu\/?post_type=product&#038;p=9609"},"modified":"2025-09-25T18:17:43","modified_gmt":"2025-09-25T16:17:43","slug":"yarnart-dolce-794","status":"publish","type":"product","link":"https:\/\/siulaiklaipeda.eu\/en\/product\/yarnart-dolce-794\/","title":{"rendered":"YarnArt Dolce 794"},"content":{"rendered":"<ul>\n<li>Composition: 100 % micro polyester<\/li>\n<li>Length: 100 g, 120 m<\/li>\n<li>Recommended brush: No. 4.5<\/li>\n<li>Recommended needles: No. 6<\/li>\n<li>Manufacturer: YarnArt, Turkey<\/li>\n<\/ul>\n<p>Extra soft plush yarn for toys, blankets, sweaters.<\/p>","protected":false},"excerpt":{"rendered":"<p>Sud\u0117tis : 100 % mikro\u00a0 poliesteris Ilgis :100 g ,120 m Rekomenduojamas v\u0105\u0161elis :Nr 4.5 Rekomenduojami virbalai :Nr 6 Gamintojas : YarnArt ,Turkija Ypatingo \u0161velnumo\u00a0 pliu\u0161iniai si\u016blai \u017eaislams ,pledams ,megztiniams .<\/p>","protected":false},"featured_media":9611,"template":"","meta":[],"product_brand":[],"product_cat":[94,144,109],"product_tag":[],"class_list":{"0":"post-9609","1":"product","2":"type-product","3":"status-publish","4":"has-post-thumbnail","6":"product_cat-yarnart","7":"product_cat-dolce","8":"product_cat-pliusiniai-siulai","10":"first","11":"outofstock","12":"taxable","13":"shipping-taxable","14":"purchasable","15":"product-type-simple"},"_links":{"self":[{"href":"https:\/\/siulaiklaipeda.eu\/en\/wp-json\/wp\/v2\/product\/9609","targetHints":{"allow":["GET"]}}],"collection":[{"href":"https:\/\/siulaiklaipeda.eu\/en\/wp-json\/wp\/v2\/product"}],"about":[{"href":"https:\/\/siulaiklaipeda.eu\/en\/wp-json\/wp\/v2\/types\/product"}],"wp:featuredmedia":[{"embeddable":true,"href":"https:\/\/siulaiklaipeda.eu\/en\/wp-json\/wp\/v2\/media\/9611"}],"wp:attachment":[{"href":"https:\/\/siulaiklaipeda.eu\/en\/wp-json\/wp\/v2\/media?parent=9609"}],"wp:term":[{"taxonomy":"product_brand","embeddable":true,"href":"https:\/\/siulaiklaipeda.eu\/en\/wp-json\/wp\/v2\/product_brand?post=9609"},{"taxonomy":"product_cat","embeddable":true,"href":"https:\/\/siulaiklaipeda.eu\/en\/wp-json\/wp\/v2\/product_cat?post=9609"},{"taxonomy":"product_tag","embeddable":true,"href":"https:\/\/siulaiklaipeda.eu\/en\/wp-json\/wp\/v2\/product_tag?post=9609"}],"curies":[{"name":"wp","href":"https:\/\/api.w.org\/{rel}","templated":true}]}}