{"id":8314,"date":"2024-03-03T08:13:19","date_gmt":"2024-03-03T08:13:19","guid":{"rendered":"https:\/\/siulaiklaipeda.eu\/?post_type=product&#038;p=8314"},"modified":"2025-11-03T19:29:56","modified_gmt":"2025-11-03T17:29:56","slug":"poker-70","status":"publish","type":"product","link":"https:\/\/siulaiklaipeda.eu\/en\/product\/poker-70\/","title":{"rendered":"Poker 70"},"content":{"rendered":"<ul>\n<li>Composition: 75% super kid mohair 25 % silk<\/li>\n<li>Length: 25 g, 212 m<\/li>\n<li>Manufacturer: Italy<\/li>\n<\/ul>\n<p>Fluffy mohair thread with silk for parties, sweaters, dresses. It is perfect to add to another thread as an auxiliary thread.<\/p>","protected":false},"excerpt":{"rendered":"<p>Sud\u0117tis: 75% super kid moheris\u00a0 25 % \u0161ilkas Ilgis :25 g\u00a0 ,212 m Gamintojas :Italija Purus moherio su \u0161ilku si\u016blas \u0161aliams ,megztukams ,suknel\u0117ms .Puikiai tinka prid\u0117ti prie kito si\u016blo ,kaip pagalbin\u012f.<\/p>","protected":false},"featured_media":8315,"template":"","meta":[],"product_brand":[],"product_cat":[49,165,164],"product_tag":[],"class_list":{"0":"post-8314","1":"product","2":"type-product","3":"status-publish","4":"has-post-thumbnail","6":"product_cat-mohera","7":"product_cat-mohera-su-silku","8":"product_cat-poker","10":"first","11":"outofstock","12":"taxable","13":"shipping-taxable","14":"purchasable","15":"product-type-simple"},"_links":{"self":[{"href":"https:\/\/siulaiklaipeda.eu\/en\/wp-json\/wp\/v2\/product\/8314","targetHints":{"allow":["GET"]}}],"collection":[{"href":"https:\/\/siulaiklaipeda.eu\/en\/wp-json\/wp\/v2\/product"}],"about":[{"href":"https:\/\/siulaiklaipeda.eu\/en\/wp-json\/wp\/v2\/types\/product"}],"wp:featuredmedia":[{"embeddable":true,"href":"https:\/\/siulaiklaipeda.eu\/en\/wp-json\/wp\/v2\/media\/8315"}],"wp:attachment":[{"href":"https:\/\/siulaiklaipeda.eu\/en\/wp-json\/wp\/v2\/media?parent=8314"}],"wp:term":[{"taxonomy":"product_brand","embeddable":true,"href":"https:\/\/siulaiklaipeda.eu\/en\/wp-json\/wp\/v2\/product_brand?post=8314"},{"taxonomy":"product_cat","embeddable":true,"href":"https:\/\/siulaiklaipeda.eu\/en\/wp-json\/wp\/v2\/product_cat?post=8314"},{"taxonomy":"product_tag","embeddable":true,"href":"https:\/\/siulaiklaipeda.eu\/en\/wp-json\/wp\/v2\/product_tag?post=8314"}],"curies":[{"name":"wp","href":"https:\/\/api.w.org\/{rel}","templated":true}]}}