{"id":8275,"date":"2024-02-29T07:05:05","date_gmt":"2024-02-29T07:05:05","guid":{"rendered":"https:\/\/siulaiklaipeda.eu\/?post_type=product&#038;p=8275"},"modified":"2025-08-12T16:53:41","modified_gmt":"2025-08-12T14:53:41","slug":"yarnart-jeans-splash-943","status":"publish","type":"product","link":"https:\/\/siulaiklaipeda.eu\/en\/product\/yarnart-jeans-splash-943\/","title":{"rendered":"YarnArt Jeans Splash 943"},"content":{"rendered":"<ul>\n<li>Composition: 55 % cotton, 45 % acrylic<\/li>\n<li>Length: 50 g, 160 m<\/li>\n<li>Manufacturer: YarnArt, Turkey<\/li>\n<li>Recommended needles: No. 3.5<\/li>\n<li>Recommended veschel ; No. 3.5<\/li>\n<\/ul>\n<p>Everyone&#039;s favorite yarn is YarnArt Jeans. They are suitable for knitting toys, handbags, sweaters, dresses, bedspreads, etc. The thread is pleasant and soft to the touch. Extremely wide color palette and universal thickness. We recommend YarnArt Jeans yarn to both beginners and experienced knitters, I think you will all be satisfied<\/p>","protected":false},"excerpt":{"rendered":"<p>Sud\u0117tis: 55 % medviln\u0117 ,45 % akrilas Ilgis :50 g, 160 m Gamintojas : YarnArt ,Turkija Rekomenduojami virbalai:Nr 3.5 Rekomenduojamas v\u0105\u0161elis ;Nr 3.5 Vis\u0173 taip m\u0117gstami si\u016blai &#8211; YarnArt\u00a0 Jeans .Jie\u00a0 tinkami megzti\u00a0 \u017eaislus ,rankines ,megztukus ,sukneles ,lovatieses ir t.t Lie\u010diant ,si\u016blas malonus ,mink\u0161tas .Itin plati spalv\u0173 palet\u0117 ir universalus storis. Rekomenduojame YarnArt Jeans si\u016bl\u0105 [&hellip;]<\/p>","protected":false},"featured_media":8276,"template":"","meta":[],"product_brand":[],"product_cat":[182,51,94],"product_tag":[],"class_list":{"0":"post-8275","1":"product","2":"type-product","3":"status-publish","4":"has-post-thumbnail","6":"product_cat-jeans-splash","7":"product_cat-medvilne","8":"product_cat-yarnart","10":"first","11":"instock","12":"taxable","13":"shipping-taxable","14":"purchasable","15":"product-type-simple"},"_links":{"self":[{"href":"https:\/\/siulaiklaipeda.eu\/en\/wp-json\/wp\/v2\/product\/8275","targetHints":{"allow":["GET"]}}],"collection":[{"href":"https:\/\/siulaiklaipeda.eu\/en\/wp-json\/wp\/v2\/product"}],"about":[{"href":"https:\/\/siulaiklaipeda.eu\/en\/wp-json\/wp\/v2\/types\/product"}],"wp:featuredmedia":[{"embeddable":true,"href":"https:\/\/siulaiklaipeda.eu\/en\/wp-json\/wp\/v2\/media\/8276"}],"wp:attachment":[{"href":"https:\/\/siulaiklaipeda.eu\/en\/wp-json\/wp\/v2\/media?parent=8275"}],"wp:term":[{"taxonomy":"product_brand","embeddable":true,"href":"https:\/\/siulaiklaipeda.eu\/en\/wp-json\/wp\/v2\/product_brand?post=8275"},{"taxonomy":"product_cat","embeddable":true,"href":"https:\/\/siulaiklaipeda.eu\/en\/wp-json\/wp\/v2\/product_cat?post=8275"},{"taxonomy":"product_tag","embeddable":true,"href":"https:\/\/siulaiklaipeda.eu\/en\/wp-json\/wp\/v2\/product_tag?post=8275"}],"curies":[{"name":"wp","href":"https:\/\/api.w.org\/{rel}","templated":true}]}}