{"id":8209,"date":"2024-02-28T17:00:12","date_gmt":"2024-02-28T17:00:12","guid":{"rendered":"https:\/\/siulaiklaipeda.eu\/?post_type=product&#038;p=8209"},"modified":"2026-04-11T14:23:57","modified_gmt":"2026-04-11T11:23:57","slug":"yarnart-summer-43","status":"publish","type":"product","link":"https:\/\/siulaiklaipeda.eu\/en\/product\/yarnart-summer-43\/","title":{"rendered":"YarnArt Summer 43"},"content":{"rendered":"<ul>\n<li>Composition: 70 % cotton, 30 % viscose<\/li>\n<li>Length: 100 g, 350 m<\/li>\n<li>Manufacturer: YarnArt, Turkey<\/li>\n<\/ul>\n<p>YarnArt Summer - a mixture of viscose and cotton. Viscose gives a subtle shine. Cotton will give softness to the knitwear, it will perfectly absorb moisture. Threads are also suitable for sensitive skin. The knitwear is light and breathable, does not cause allergies, so it is suitable for both adults and children&#039;s clothes.<\/p>","protected":false},"excerpt":{"rendered":"<p>Sud\u0117tis :70 % medviln\u0117 ,30 % viskoz\u0117 Ilgis :100 g ,350 m Gamintojas :YarnArt ,Turkija YarnArt\u00a0 Summer\u00a0 -viskoz\u0117s ir medviln\u0117s mi\u0161inys. Viskoz\u0117 suteikia subtilaus blizgesio. Medviln\u0117 suteiks\u00a0 mezginiui mink\u0161tumo, puikiai sugers dr\u0117gm\u0119. Si\u016blai tinka ir\u00a0 jautriai odai. Mezginys lengvas\u00a0 ir kv\u0117puojantis, nesukelia alergijos, tod\u0117l tinka tiek suaugusiems, tiek vaiki\u0161kiems r\u016bbeliams .<\/p>","protected":false},"featured_media":8210,"template":"","meta":[],"product_brand":[],"product_cat":[94,51,183,54],"product_tag":[],"class_list":{"0":"post-8209","1":"product","2":"type-product","3":"status-publish","4":"has-post-thumbnail","6":"product_cat-yarnart","7":"product_cat-medvilne","8":"product_cat-summer","9":"product_cat-viskoze","11":"first","12":"instock","13":"taxable","14":"shipping-taxable","15":"purchasable","16":"product-type-simple"},"_links":{"self":[{"href":"https:\/\/siulaiklaipeda.eu\/en\/wp-json\/wp\/v2\/product\/8209","targetHints":{"allow":["GET"]}}],"collection":[{"href":"https:\/\/siulaiklaipeda.eu\/en\/wp-json\/wp\/v2\/product"}],"about":[{"href":"https:\/\/siulaiklaipeda.eu\/en\/wp-json\/wp\/v2\/types\/product"}],"wp:featuredmedia":[{"embeddable":true,"href":"https:\/\/siulaiklaipeda.eu\/en\/wp-json\/wp\/v2\/media\/8210"}],"wp:attachment":[{"href":"https:\/\/siulaiklaipeda.eu\/en\/wp-json\/wp\/v2\/media?parent=8209"}],"wp:term":[{"taxonomy":"product_brand","embeddable":true,"href":"https:\/\/siulaiklaipeda.eu\/en\/wp-json\/wp\/v2\/product_brand?post=8209"},{"taxonomy":"product_cat","embeddable":true,"href":"https:\/\/siulaiklaipeda.eu\/en\/wp-json\/wp\/v2\/product_cat?post=8209"},{"taxonomy":"product_tag","embeddable":true,"href":"https:\/\/siulaiklaipeda.eu\/en\/wp-json\/wp\/v2\/product_tag?post=8209"}],"curies":[{"name":"wp","href":"https:\/\/api.w.org\/{rel}","templated":true}]}}