{"id":8082,"date":"2024-02-28T09:30:47","date_gmt":"2024-02-28T09:30:47","guid":{"rendered":"https:\/\/siulaiklaipeda.eu\/?post_type=product&#038;p=8082"},"modified":"2025-11-03T19:33:21","modified_gmt":"2025-11-03T17:33:21","slug":"yarnart-begonia-999","status":"publish","type":"product","link":"https:\/\/siulaiklaipeda.eu\/en\/product\/yarnart-begonia-999\/","title":{"rendered":"YarnArt Begonia 999"},"content":{"rendered":"<ul>\n<li>Composition: 100 % mercerized cotton<\/li>\n<li>Length: 50 g 169 m<\/li>\n<li>Recommended needles and needle size: 3-3.5<\/li>\n<li>Manufacturer: YarnArt, Turkey<\/li>\n<\/ul>\n<p>Excellent and particularly high-quality yarn for summer knitting or lace. It is a natural fiber yarn with a wide color palette. It is very easy to knit with these yarns, various patterns are suitable for both knitting and crocheting. Knits from these threads will be falling with a slight sheen, because the cotton is mercerized. It wears well and does not pill.<\/p>","protected":false},"excerpt":{"rendered":"<p>Sud\u0117tis : 100 % merscerizuota\u00a0 medviln\u0117 Ilgis :50 g 169 m Rekomenduojami virbalai\u00a0 ir v\u0105\u0161elis Nr:3-3.5 Gamintojas :YarnArt ,Turkija Puikus ir ypa\u010d kokybi\u0161kas\u00a0 si\u016blas vasaros mezginiams\u00a0 ar n\u0117riniams .Tai naturalaus pluo\u0161to verpalai , turintys pla\u010di\u0105 spalv\u0173 palet\u0119 . Su \u0161iais si\u016blais labai lengva megzti, tinka \u012fvairiausi ra\u0161tai tiek mezgant virbalais ,tiek neriant kabliuku. Mezginiai i\u0161 [&hellip;]<\/p>","protected":false},"featured_media":8083,"template":"","meta":[],"product_brand":[],"product_cat":[179,51,94],"product_tag":[],"class_list":{"0":"post-8082","1":"product","2":"type-product","3":"status-publish","4":"has-post-thumbnail","6":"product_cat-begonia","7":"product_cat-medvilne","8":"product_cat-yarnart","10":"first","11":"outofstock","12":"taxable","13":"shipping-taxable","14":"purchasable","15":"product-type-simple"},"_links":{"self":[{"href":"https:\/\/siulaiklaipeda.eu\/en\/wp-json\/wp\/v2\/product\/8082","targetHints":{"allow":["GET"]}}],"collection":[{"href":"https:\/\/siulaiklaipeda.eu\/en\/wp-json\/wp\/v2\/product"}],"about":[{"href":"https:\/\/siulaiklaipeda.eu\/en\/wp-json\/wp\/v2\/types\/product"}],"wp:featuredmedia":[{"embeddable":true,"href":"https:\/\/siulaiklaipeda.eu\/en\/wp-json\/wp\/v2\/media\/8083"}],"wp:attachment":[{"href":"https:\/\/siulaiklaipeda.eu\/en\/wp-json\/wp\/v2\/media?parent=8082"}],"wp:term":[{"taxonomy":"product_brand","embeddable":true,"href":"https:\/\/siulaiklaipeda.eu\/en\/wp-json\/wp\/v2\/product_brand?post=8082"},{"taxonomy":"product_cat","embeddable":true,"href":"https:\/\/siulaiklaipeda.eu\/en\/wp-json\/wp\/v2\/product_cat?post=8082"},{"taxonomy":"product_tag","embeddable":true,"href":"https:\/\/siulaiklaipeda.eu\/en\/wp-json\/wp\/v2\/product_tag?post=8082"}],"curies":[{"name":"wp","href":"https:\/\/api.w.org\/{rel}","templated":true}]}}