{"id":7954,"date":"2024-02-23T18:47:55","date_gmt":"2024-02-23T18:47:55","guid":{"rendered":"https:\/\/siulaiklaipeda.eu\/?post_type=product&#038;p=7954"},"modified":"2025-08-11T07:54:57","modified_gmt":"2025-08-11T05:54:57","slug":"alize-softy-plus-87","status":"publish","type":"product","link":"https:\/\/siulaiklaipeda.eu\/en\/product\/alize-softy-plus-87\/","title":{"rendered":"Alize Softy Plus 87"},"content":{"rendered":"<ul>\n<li>Composition: 100 % micropolyester<\/li>\n<li>Length: 100 g 120 m<\/li>\n<li>Needles No. 5-6 are recommended<\/li>\n<li>Recommended size: 3-5<\/li>\n<\/ul>\n<p>Ideal thread for toys, blankets, children&#039;s clothes<\/p>","protected":false},"excerpt":{"rendered":"<p>Sud\u0117tis : 100 % mikropoliesteris Ilgis:100 g 120 m Rekomenduojami virbalai Nr :5-6 Rekomenduojamas v\u0105\u0161elis Nr :3-5 Idealus si\u016blas \u017eaisliukams ,pledams ,vaiki\u0161kiems r\u016bbeliams<\/p>","protected":false},"featured_media":7955,"template":"","meta":[],"product_brand":[],"product_cat":[92,102,136,56],"product_tag":[],"class_list":{"0":"post-7954","1":"product","2":"type-product","3":"status-publish","4":"has-post-thumbnail","6":"product_cat-alize","7":"product_cat-mikropoliesteris-siulu-pluostai","8":"product_cat-softy-plus","9":"product_cat-vaikiski-siulai","11":"first","12":"outofstock","13":"taxable","14":"shipping-taxable","15":"purchasable","16":"product-type-simple"},"_links":{"self":[{"href":"https:\/\/siulaiklaipeda.eu\/en\/wp-json\/wp\/v2\/product\/7954","targetHints":{"allow":["GET"]}}],"collection":[{"href":"https:\/\/siulaiklaipeda.eu\/en\/wp-json\/wp\/v2\/product"}],"about":[{"href":"https:\/\/siulaiklaipeda.eu\/en\/wp-json\/wp\/v2\/types\/product"}],"wp:featuredmedia":[{"embeddable":true,"href":"https:\/\/siulaiklaipeda.eu\/en\/wp-json\/wp\/v2\/media\/7955"}],"wp:attachment":[{"href":"https:\/\/siulaiklaipeda.eu\/en\/wp-json\/wp\/v2\/media?parent=7954"}],"wp:term":[{"taxonomy":"product_brand","embeddable":true,"href":"https:\/\/siulaiklaipeda.eu\/en\/wp-json\/wp\/v2\/product_brand?post=7954"},{"taxonomy":"product_cat","embeddable":true,"href":"https:\/\/siulaiklaipeda.eu\/en\/wp-json\/wp\/v2\/product_cat?post=7954"},{"taxonomy":"product_tag","embeddable":true,"href":"https:\/\/siulaiklaipeda.eu\/en\/wp-json\/wp\/v2\/product_tag?post=7954"}],"curies":[{"name":"wp","href":"https:\/\/api.w.org\/{rel}","templated":true}]}}