{"id":7705,"date":"2024-02-20T08:45:51","date_gmt":"2024-02-20T08:45:51","guid":{"rendered":"https:\/\/siulaiklaipeda.eu\/?post_type=product&#038;p=7705"},"modified":"2026-03-31T12:49:17","modified_gmt":"2026-03-31T09:49:17","slug":"alize-diva-279","status":"publish","type":"product","link":"https:\/\/siulaiklaipeda.eu\/en\/product\/alize-diva-279\/","title":{"rendered":"Alize Diva 279"},"content":{"rendered":"<ul>\n<li>Composition: 100 % microfiber (acrylic)<\/li>\n<li>Length: 100g, 350 m<\/li>\n<li>Needles No. 2-3.5 mm are recommended<\/li>\n<li>Recommended size: 1-3mm<\/li>\n<li>Manufacturer - Alize, Turkey<\/li>\n<\/ul>\n<p>Alize Diva \u2013 100% akrilas ,turintis\u00a0 \u0161ilko efekto \u017evilges\u012f .Puikiai tinka vasaros mezginiams ir n\u0117riniams .Mezginiai bus lengvi ,krentantys ,puikiai ne\u0161iojas , nesipumpuruoja.<\/p>","protected":false},"excerpt":{"rendered":"<p>Sud\u0117tis :100 % mikrofibra (akrilas) Ilgis :100g ,350 m Rekomenduojami virbalai Nr 2-3.5 mm Rekomenduojamas v\u0105\u0161elis Nr :1-3mm Gamintojas- Alize,Turkija Alize Diva \u2013 100% akrilas ,turintis\u00a0 \u0161ilko efekto \u017evilges\u012f .Puikiai tinka vasaros mezginiams ir n\u0117riniams .Mezginiai bus lengvi ,krentantys ,puikiai ne\u0161iojas , nesipumpuruoja.<\/p>","protected":false},"featured_media":26996,"template":"","meta":[],"product_brand":[],"product_cat":[126,50,92,52],"product_tag":[],"class_list":{"0":"post-7705","1":"product","2":"type-product","3":"status-publish","4":"has-post-thumbnail","6":"product_cat-diva","7":"product_cat-akrilas","8":"product_cat-alize","9":"product_cat-mikrofibra","11":"first","12":"instock","13":"taxable","14":"shipping-taxable","15":"purchasable","16":"product-type-simple"},"_links":{"self":[{"href":"https:\/\/siulaiklaipeda.eu\/en\/wp-json\/wp\/v2\/product\/7705","targetHints":{"allow":["GET"]}}],"collection":[{"href":"https:\/\/siulaiklaipeda.eu\/en\/wp-json\/wp\/v2\/product"}],"about":[{"href":"https:\/\/siulaiklaipeda.eu\/en\/wp-json\/wp\/v2\/types\/product"}],"wp:featuredmedia":[{"embeddable":true,"href":"https:\/\/siulaiklaipeda.eu\/en\/wp-json\/wp\/v2\/media\/26996"}],"wp:attachment":[{"href":"https:\/\/siulaiklaipeda.eu\/en\/wp-json\/wp\/v2\/media?parent=7705"}],"wp:term":[{"taxonomy":"product_brand","embeddable":true,"href":"https:\/\/siulaiklaipeda.eu\/en\/wp-json\/wp\/v2\/product_brand?post=7705"},{"taxonomy":"product_cat","embeddable":true,"href":"https:\/\/siulaiklaipeda.eu\/en\/wp-json\/wp\/v2\/product_cat?post=7705"},{"taxonomy":"product_tag","embeddable":true,"href":"https:\/\/siulaiklaipeda.eu\/en\/wp-json\/wp\/v2\/product_tag?post=7705"}],"curies":[{"name":"wp","href":"https:\/\/api.w.org\/{rel}","templated":true}]}}