{"id":7416,"date":"2024-02-08T13:55:49","date_gmt":"2024-02-08T13:55:49","guid":{"rendered":"https:\/\/siulaiklaipeda.eu\/?post_type=product&#038;p=7416"},"modified":"2025-08-11T19:44:23","modified_gmt":"2025-08-11T17:44:23","slug":"himalaya-wool-socks-s-838","status":"publish","type":"product","link":"https:\/\/siulaiklaipeda.eu\/en\/product\/himalaya-wool-socks-s-838\/","title":{"rendered":"Himalaya Wool Socks S-838"},"content":{"rendered":"<ul>\n<li>Composition: 75 % wool, 25 % polyamide<\/li>\n<li>Length: 100 g 400 m<\/li>\n<li>Manufacturer: Himalaya, Turkey<\/li>\n<li>Recommended needles: No. 2-3.5<\/li>\n<li>Himalaya Wool Socks - sock yarn. One ball of this yarn is enough for a pair of longer adult socks from size 37 to 43. Himalaya Wool Socks yarn is resistant to abrasion, durability is provided by the polyamide contained in the composition. This thread is also perfect for sweaters, hats, scarves, gloves<\/li>\n<\/ul>","protected":false},"excerpt":{"rendered":"<p>Sud\u0117tis : 75 % vilna, 25 % poliamidas Ilgis : 100 g\u00a0 400 m Gamintojas : Himalaya ,Turkija Rekomenduojami virbalai :Nr 2-3.5 Himalaya Wool Socks &#8211;\u00a0 kojini\u0173 si\u016blai .Vieno kamuoliuko \u0161i\u0173 verpal\u0173\u00a0 u\u017etenka porai\u00a0 ilgesni\u0173 suaugusi\u0173 kojini\u0173 nuo 37 iki 43 dyd\u017eio . Himalaya Wool Socks verpalai\u00a0 atspar\u016bs dilimui, patvarumo\u00a0 suteikia\u00a0 sud\u0117tyje esantis poliamidas. \u0160is [&hellip;]<\/p>","protected":false},"featured_media":7417,"template":"","meta":[],"product_brand":[],"product_cat":[171,108,47,174],"product_tag":[],"class_list":{"0":"post-7416","1":"product","2":"type-product","3":"status-publish","4":"has-post-thumbnail","6":"product_cat-himalaya","7":"product_cat-kojininiai-siulai","8":"product_cat-vilna","9":"product_cat-wool-socks","11":"first","12":"outofstock","13":"taxable","14":"shipping-taxable","15":"purchasable","16":"product-type-simple"},"_links":{"self":[{"href":"https:\/\/siulaiklaipeda.eu\/en\/wp-json\/wp\/v2\/product\/7416","targetHints":{"allow":["GET"]}}],"collection":[{"href":"https:\/\/siulaiklaipeda.eu\/en\/wp-json\/wp\/v2\/product"}],"about":[{"href":"https:\/\/siulaiklaipeda.eu\/en\/wp-json\/wp\/v2\/types\/product"}],"wp:featuredmedia":[{"embeddable":true,"href":"https:\/\/siulaiklaipeda.eu\/en\/wp-json\/wp\/v2\/media\/7417"}],"wp:attachment":[{"href":"https:\/\/siulaiklaipeda.eu\/en\/wp-json\/wp\/v2\/media?parent=7416"}],"wp:term":[{"taxonomy":"product_brand","embeddable":true,"href":"https:\/\/siulaiklaipeda.eu\/en\/wp-json\/wp\/v2\/product_brand?post=7416"},{"taxonomy":"product_cat","embeddable":true,"href":"https:\/\/siulaiklaipeda.eu\/en\/wp-json\/wp\/v2\/product_cat?post=7416"},{"taxonomy":"product_tag","embeddable":true,"href":"https:\/\/siulaiklaipeda.eu\/en\/wp-json\/wp\/v2\/product_tag?post=7416"}],"curies":[{"name":"wp","href":"https:\/\/api.w.org\/{rel}","templated":true}]}}