{"id":7146,"date":"2024-02-05T15:30:00","date_gmt":"2024-02-05T15:30:00","guid":{"rendered":"https:\/\/siulaiklaipeda.eu\/?post_type=product&#038;p=7146"},"modified":"2026-02-08T13:57:01","modified_gmt":"2026-02-08T11:57:01","slug":"wolans-bunny-baby-37","status":"publish","type":"product","link":"https:\/\/siulaiklaipeda.eu\/en\/product\/wolans-bunny-baby-37\/","title":{"rendered":"Wolans Bunny Baby 37"},"content":{"rendered":"<ul>\n<li>Composition: 100 % super soft polyester<\/li>\n<li>Length: 100 g, 120 m<\/li>\n<li>Recommended brush: No. 4.5<\/li>\n<li>Recommended needles: No. 6<\/li>\n<li>Manufacturer: Wolans Yarn, Turkey<\/li>\n<\/ul>\n<p>Extra soft plush yarn for toys, blankets, sweaters.<\/p>","protected":false},"excerpt":{"rendered":"<p>Sud\u0117tis : 100 % super soft\u00a0 poliesteris Ilgis :100 g ,120 m Rekomenduojamas v\u0105\u0161elis :Nr 4.5 Rekomenduojami virbalai :Nr 6 Gamintojas :Wolans Yarn ,Turkija Ypatingo \u0161velnumo\u00a0 pliu\u0161iniai si\u016blai \u017eaislams ,pledams ,megztiniams .<\/p>","protected":false},"featured_media":23251,"template":"","meta":[],"product_brand":[],"product_cat":[170,102,109,95],"product_tag":[],"class_list":{"0":"post-7146","1":"product","2":"type-product","3":"status-publish","4":"has-post-thumbnail","6":"product_cat-bunny-baby","7":"product_cat-mikropoliesteris-siulu-pluostai","8":"product_cat-pliusiniai-siulai","9":"product_cat-wolans-yarns","11":"first","12":"instock","13":"taxable","14":"shipping-taxable","15":"purchasable","16":"product-type-simple"},"_links":{"self":[{"href":"https:\/\/siulaiklaipeda.eu\/en\/wp-json\/wp\/v2\/product\/7146","targetHints":{"allow":["GET"]}}],"collection":[{"href":"https:\/\/siulaiklaipeda.eu\/en\/wp-json\/wp\/v2\/product"}],"about":[{"href":"https:\/\/siulaiklaipeda.eu\/en\/wp-json\/wp\/v2\/types\/product"}],"wp:featuredmedia":[{"embeddable":true,"href":"https:\/\/siulaiklaipeda.eu\/en\/wp-json\/wp\/v2\/media\/23251"}],"wp:attachment":[{"href":"https:\/\/siulaiklaipeda.eu\/en\/wp-json\/wp\/v2\/media?parent=7146"}],"wp:term":[{"taxonomy":"product_brand","embeddable":true,"href":"https:\/\/siulaiklaipeda.eu\/en\/wp-json\/wp\/v2\/product_brand?post=7146"},{"taxonomy":"product_cat","embeddable":true,"href":"https:\/\/siulaiklaipeda.eu\/en\/wp-json\/wp\/v2\/product_cat?post=7146"},{"taxonomy":"product_tag","embeddable":true,"href":"https:\/\/siulaiklaipeda.eu\/en\/wp-json\/wp\/v2\/product_tag?post=7146"}],"curies":[{"name":"wp","href":"https:\/\/api.w.org\/{rel}","templated":true}]}}