{"id":7115,"date":"2024-02-05T09:12:31","date_gmt":"2024-02-05T09:12:31","guid":{"rendered":"https:\/\/siulaiklaipeda.eu\/?post_type=product&#038;p=7115"},"modified":"2025-11-03T19:26:01","modified_gmt":"2025-11-03T17:26:01","slug":"lanoso-bonito-ethnic-1212","status":"publish","type":"product","link":"https:\/\/siulaiklaipeda.eu\/en\/product\/lanoso-bonito-ethnic-1212\/","title":{"rendered":"Lanoso Bonito Ethnic 1212"},"content":{"rendered":"<ul>\n<li>Composition: 49% wool, 51% acrylic<\/li>\n<li>Length: 100 g, 300 m<\/li>\n<li>Recommended needles: 2.5-3.5<\/li>\n<li>Manufacturer: Lanoso, Turkey<\/li>\n<\/ul>\n<p>Medium-thick half-wool yarn, suitable for knitting with needles and crocheting. The thread is sufficiently twisted and soft, suitable for children&#039;s knitting and certainly for adults. The colors are bright and clear. It wears well, does not pill.<\/p>\n<p>&nbsp;<\/p>","protected":false},"excerpt":{"rendered":"<p>Sud\u0117tis : 49% vilna\u00a0 , 51% akrilas Ilgis :100 g , 300 m Rekomenduojami virbalai:2.5-3.5 Gamintojas\u00a0 :Lanoso ,Turkija Vidutinio storumo pusviln\u0117s verpalai,tinkantys megzti\u00a0 virbalais ir nerti v\u0105\u0161eliu.Si\u016blas pakankamai sukrus ,\u0161velnus ,tinka vaiki\u0161kiems mezginiams ir be abejo suaugusiems .Spalvos ry\u0161kios ,ai\u0161kios.Puikiai ne\u0161iojasi ,nesipumpuruoja . &nbsp;<\/p>","protected":false},"featured_media":7120,"template":"","meta":[],"product_brand":[],"product_cat":[158,154,48],"product_tag":[],"class_list":{"0":"post-7115","1":"product","2":"type-product","3":"status-publish","4":"has-post-thumbnail","6":"product_cat-bonito-ethnic-lanoso","7":"product_cat-lanoso-2","8":"product_cat-pusvilne","10":"first","11":"outofstock","12":"taxable","13":"shipping-taxable","14":"purchasable","15":"product-type-simple"},"_links":{"self":[{"href":"https:\/\/siulaiklaipeda.eu\/en\/wp-json\/wp\/v2\/product\/7115","targetHints":{"allow":["GET"]}}],"collection":[{"href":"https:\/\/siulaiklaipeda.eu\/en\/wp-json\/wp\/v2\/product"}],"about":[{"href":"https:\/\/siulaiklaipeda.eu\/en\/wp-json\/wp\/v2\/types\/product"}],"wp:featuredmedia":[{"embeddable":true,"href":"https:\/\/siulaiklaipeda.eu\/en\/wp-json\/wp\/v2\/media\/7120"}],"wp:attachment":[{"href":"https:\/\/siulaiklaipeda.eu\/en\/wp-json\/wp\/v2\/media?parent=7115"}],"wp:term":[{"taxonomy":"product_brand","embeddable":true,"href":"https:\/\/siulaiklaipeda.eu\/en\/wp-json\/wp\/v2\/product_brand?post=7115"},{"taxonomy":"product_cat","embeddable":true,"href":"https:\/\/siulaiklaipeda.eu\/en\/wp-json\/wp\/v2\/product_cat?post=7115"},{"taxonomy":"product_tag","embeddable":true,"href":"https:\/\/siulaiklaipeda.eu\/en\/wp-json\/wp\/v2\/product_tag?post=7115"}],"curies":[{"name":"wp","href":"https:\/\/api.w.org\/{rel}","templated":true}]}}