{"id":7062,"date":"2024-02-04T17:28:01","date_gmt":"2024-02-04T17:28:01","guid":{"rendered":"https:\/\/siulaiklaipeda.eu\/?post_type=product&#038;p=7062"},"modified":"2026-04-12T11:17:32","modified_gmt":"2026-04-12T08:17:32","slug":"alize-superlana-maxi-02","status":"publish","type":"product","link":"https:\/\/siulaiklaipeda.eu\/en\/product\/alize-superlana-maxi-02\/","title":{"rendered":"Alize Superlana Maxi 02"},"content":{"rendered":"<ul>\n<li>Composition: 25 % wool, 75 % acrylic<\/li>\n<li>Length: 100 g, 100 m<\/li>\n<li>Recommended needles No: 8 - 9<\/li>\n<li>Manufacturer: Alize, Turkey<\/li>\n<\/ul>\n<p>Alize Superlana Maxi - thick yarn for hats, scarves, cardigans. Very soft, pleasant to the touch.<\/p>","protected":false},"excerpt":{"rendered":"<p>Sud\u0117tis :25 % vilna , 75 % akrilas Ilgis : 100 g , 100 m Rekomenduojami virbalai\u00a0 Nr : 8 &#8211; 9 Gamintojas : Alize , Turkija Alize Superlana Maxi &#8211;\u00a0 storas si\u016blas\u00a0 kepur\u0117ms ,\u0161alikams ,kardiganams .Labai \u0161velnus ,malonus liesti .<\/p>","protected":false},"featured_media":7063,"template":"","meta":[],"product_brand":[],"product_cat":[92,254,48,138],"product_tag":[],"class_list":{"0":"post-7062","1":"product","2":"type-product","3":"status-publish","4":"has-post-thumbnail","6":"product_cat-alize","7":"product_cat-ispardavimas","8":"product_cat-pusvilne","9":"product_cat-superlana-maxi","11":"first","12":"outofstock","13":"sale","14":"taxable","15":"shipping-taxable","16":"purchasable","17":"product-type-simple"},"_links":{"self":[{"href":"https:\/\/siulaiklaipeda.eu\/en\/wp-json\/wp\/v2\/product\/7062","targetHints":{"allow":["GET"]}}],"collection":[{"href":"https:\/\/siulaiklaipeda.eu\/en\/wp-json\/wp\/v2\/product"}],"about":[{"href":"https:\/\/siulaiklaipeda.eu\/en\/wp-json\/wp\/v2\/types\/product"}],"wp:featuredmedia":[{"embeddable":true,"href":"https:\/\/siulaiklaipeda.eu\/en\/wp-json\/wp\/v2\/media\/7063"}],"wp:attachment":[{"href":"https:\/\/siulaiklaipeda.eu\/en\/wp-json\/wp\/v2\/media?parent=7062"}],"wp:term":[{"taxonomy":"product_brand","embeddable":true,"href":"https:\/\/siulaiklaipeda.eu\/en\/wp-json\/wp\/v2\/product_brand?post=7062"},{"taxonomy":"product_cat","embeddable":true,"href":"https:\/\/siulaiklaipeda.eu\/en\/wp-json\/wp\/v2\/product_cat?post=7062"},{"taxonomy":"product_tag","embeddable":true,"href":"https:\/\/siulaiklaipeda.eu\/en\/wp-json\/wp\/v2\/product_tag?post=7062"}],"curies":[{"name":"wp","href":"https:\/\/api.w.org\/{rel}","templated":true}]}}