{"id":7052,"date":"2024-02-04T17:18:10","date_gmt":"2024-02-04T17:18:10","guid":{"rendered":"https:\/\/siulaiklaipeda.eu\/?post_type=product&#038;p=7052"},"modified":"2025-11-03T19:18:24","modified_gmt":"2025-11-03T17:18:24","slug":"alize-superlana-maxi-523","status":"publish","type":"product","link":"https:\/\/siulaiklaipeda.eu\/en\/product\/alize-superlana-maxi-523\/","title":{"rendered":"Alize Superlana Maxi 523"},"content":{"rendered":"<ul>\n<li>Composition: 25 % wool, 75 % acrylic<\/li>\n<li>Length: 100 g, 100 m<\/li>\n<li>Recommended needles No: 8 - 9<\/li>\n<li>Manufacturer: Alize, Turkey<\/li>\n<\/ul>\n<p>Alize Superlana Maxi - thick yarn for hats, scarves, cardigans. Very soft, pleasant to the touch.<\/p>","protected":false},"excerpt":{"rendered":"<p>Sud\u0117tis :25 % vilna , 75 % akrilas Ilgis : 100 g , 100 m Rekomenduojami virbalai\u00a0 Nr : 8 &#8211; 9 Gamintojas : Alize , Turkija Alize Superlana Maxi &#8211;\u00a0 storas si\u016blas\u00a0 kepur\u0117ms ,\u0161alikams ,kardiganams .Labai \u0161velnus ,malonus liesti .<\/p>","protected":false},"featured_media":7053,"template":"","meta":[],"product_brand":[],"product_cat":[92,48,138],"product_tag":[],"class_list":{"0":"post-7052","1":"product","2":"type-product","3":"status-publish","4":"has-post-thumbnail","6":"product_cat-alize","7":"product_cat-pusvilne","8":"product_cat-superlana-maxi","10":"first","11":"outofstock","12":"taxable","13":"shipping-taxable","14":"purchasable","15":"product-type-simple"},"_links":{"self":[{"href":"https:\/\/siulaiklaipeda.eu\/en\/wp-json\/wp\/v2\/product\/7052","targetHints":{"allow":["GET"]}}],"collection":[{"href":"https:\/\/siulaiklaipeda.eu\/en\/wp-json\/wp\/v2\/product"}],"about":[{"href":"https:\/\/siulaiklaipeda.eu\/en\/wp-json\/wp\/v2\/types\/product"}],"wp:featuredmedia":[{"embeddable":true,"href":"https:\/\/siulaiklaipeda.eu\/en\/wp-json\/wp\/v2\/media\/7053"}],"wp:attachment":[{"href":"https:\/\/siulaiklaipeda.eu\/en\/wp-json\/wp\/v2\/media?parent=7052"}],"wp:term":[{"taxonomy":"product_brand","embeddable":true,"href":"https:\/\/siulaiklaipeda.eu\/en\/wp-json\/wp\/v2\/product_brand?post=7052"},{"taxonomy":"product_cat","embeddable":true,"href":"https:\/\/siulaiklaipeda.eu\/en\/wp-json\/wp\/v2\/product_cat?post=7052"},{"taxonomy":"product_tag","embeddable":true,"href":"https:\/\/siulaiklaipeda.eu\/en\/wp-json\/wp\/v2\/product_tag?post=7052"}],"curies":[{"name":"wp","href":"https:\/\/api.w.org\/{rel}","templated":true}]}}