{"id":7037,"date":"2024-02-04T15:37:57","date_gmt":"2024-02-04T15:37:57","guid":{"rendered":"https:\/\/siulaiklaipeda.eu\/?post_type=product&#038;p=7037"},"modified":"2025-10-29T21:34:37","modified_gmt":"2025-10-29T19:34:37","slug":"alize-alpaca-royal-new-438","status":"publish","type":"product","link":"https:\/\/siulaiklaipeda.eu\/en\/product\/alize-alpaca-royal-new-438\/","title":{"rendered":"Alize Alpaca Royal New 438"},"content":{"rendered":"<ul>\n<li>Composition: 30% wool, 15 % alpaca, 55 % acrylic<\/li>\n<li>Length: 100 g, 250 m<\/li>\n<li>Recommended needles: 4-5<\/li>\n<li>Manufacturer: Alize, Turkey<\/li>\n<\/ul>\n<p>Alize\u00a0 Alpaca\u00a0 Royal \u2013 universalus ,puikios sud\u0117ties\u00a0 verpalai .Si\u016blas\u00a0 vidutinio storumo ,purus d\u0117l sud\u0117tyje esan\u010dios alpacos ,elastingas .Mezginiai\u00a0 \u0161ilti ir jauk\u016bs .Tinka\u00a0 megzti virbalais ir nerti v\u0105\u0161eliu \u012fvairiausiais ra\u0161tais.<\/p>","protected":false},"excerpt":{"rendered":"<p>Sud\u0117tis : 30% vilna\u00a0 , 15 % alpaca , 55 % akrilas Ilgis :100 g , 250\u00a0 m Rekomenduojami virbalai : 4-5 Gamintojas :Alize ,Turkija Alize\u00a0 Alpaca\u00a0 Royal \u2013 universalus ,puikios sud\u0117ties\u00a0 verpalai .Si\u016blas\u00a0 vidutinio storumo ,purus d\u0117l sud\u0117tyje esan\u010dios alpacos ,elastingas .Mezginiai\u00a0 \u0161ilti ir jauk\u016bs .Tinka\u00a0 megzti virbalais ir nerti v\u0105\u0161eliu \u012fvairiausiais ra\u0161tais.<\/p>","protected":false},"featured_media":7038,"template":"","meta":[],"product_brand":[],"product_cat":[92,50,113,55,45,48,90,89,47],"product_tag":[],"class_list":{"0":"post-7037","1":"product","2":"type-product","3":"status-publish","4":"has-post-thumbnail","6":"product_cat-alize","7":"product_cat-akrilas","8":"product_cat-alpaca-royal","9":"product_cat-alpaka","10":"product_cat-mezgimo-siulai","11":"product_cat-pusvilne","12":"product_cat-siulu-gamintojai","13":"product_cat-siulu-pluostai","14":"product_cat-vilna","16":"first","17":"instock","18":"taxable","19":"shipping-taxable","20":"purchasable","21":"product-type-simple"},"_links":{"self":[{"href":"https:\/\/siulaiklaipeda.eu\/en\/wp-json\/wp\/v2\/product\/7037","targetHints":{"allow":["GET"]}}],"collection":[{"href":"https:\/\/siulaiklaipeda.eu\/en\/wp-json\/wp\/v2\/product"}],"about":[{"href":"https:\/\/siulaiklaipeda.eu\/en\/wp-json\/wp\/v2\/types\/product"}],"wp:featuredmedia":[{"embeddable":true,"href":"https:\/\/siulaiklaipeda.eu\/en\/wp-json\/wp\/v2\/media\/7038"}],"wp:attachment":[{"href":"https:\/\/siulaiklaipeda.eu\/en\/wp-json\/wp\/v2\/media?parent=7037"}],"wp:term":[{"taxonomy":"product_brand","embeddable":true,"href":"https:\/\/siulaiklaipeda.eu\/en\/wp-json\/wp\/v2\/product_brand?post=7037"},{"taxonomy":"product_cat","embeddable":true,"href":"https:\/\/siulaiklaipeda.eu\/en\/wp-json\/wp\/v2\/product_cat?post=7037"},{"taxonomy":"product_tag","embeddable":true,"href":"https:\/\/siulaiklaipeda.eu\/en\/wp-json\/wp\/v2\/product_tag?post=7037"}],"curies":[{"name":"wp","href":"https:\/\/api.w.org\/{rel}","templated":true}]}}