{"id":6918,"date":"2024-01-30T09:37:05","date_gmt":"2024-01-30T09:37:05","guid":{"rendered":"https:\/\/siulaiklaipeda.eu\/?post_type=product&#038;p=6918"},"modified":"2026-04-26T19:00:25","modified_gmt":"2026-04-26T16:00:25","slug":"alize-cotton-gold-426","status":"publish","type":"product","link":"https:\/\/siulaiklaipeda.eu\/en\/product\/alize-cotton-gold-426\/","title":{"rendered":"Alize Cotton Gold 426"},"content":{"rendered":"<ul>\n<li>Composition: 55% cotton, 45 % acrylic<\/li>\n<li>Length: 100g, 330 m<\/li>\n<li>Rekomenduojami virbalai :Nr 3.5 \u2013 5<\/li>\n<li>Recommended size: No. 2-4<\/li>\n<li>Manufacturer: Alize, Turkey<\/li>\n<\/ul>\n<p>Alize Cotton Gold \u2013 klasikinis medviln\u0117s ir akrilo derinys\u00a0 \u012fvairiausiems\u00a0 pavasario ir vasaros mezginiams .Puikiai tinka \u017eaislams ,vaiki\u0161kiems r\u016bbeliams , pledams , megztiniams ir t.t<\/p>\n<p>\u00a0<\/p>","protected":false},"excerpt":{"rendered":"<p>Sud\u0117tis :\u00a0 55% medviln\u0117 ,45 % akrilas Ilgis :100g , 330 m Rekomenduojami virbalai :Nr 3.5 \u2013 5 Rekomenduojamas v\u0105\u0161elis :Nr 2 -4 Gamintojas :Alize ,Turkija Alize Cotton Gold \u2013 klasikinis medviln\u0117s ir akrilo derinys\u00a0 \u012fvairiausiems\u00a0 pavasario ir vasaros mezginiams .Puikiai tinka \u017eaislams ,vaiki\u0161kiems r\u016bbeliams , pledams , megztiniams ir t.t \u00a0<\/p>","protected":false},"featured_media":17740,"template":"","meta":[],"product_brand":[],"product_cat":[124,92,51],"product_tag":[],"class_list":{"0":"post-6918","1":"product","2":"type-product","3":"status-publish","4":"has-post-thumbnail","6":"product_cat-cotton-gold","7":"product_cat-alize","8":"product_cat-medvilne","10":"first","11":"instock","12":"taxable","13":"shipping-taxable","14":"purchasable","15":"product-type-simple"},"_links":{"self":[{"href":"https:\/\/siulaiklaipeda.eu\/en\/wp-json\/wp\/v2\/product\/6918","targetHints":{"allow":["GET"]}}],"collection":[{"href":"https:\/\/siulaiklaipeda.eu\/en\/wp-json\/wp\/v2\/product"}],"about":[{"href":"https:\/\/siulaiklaipeda.eu\/en\/wp-json\/wp\/v2\/types\/product"}],"wp:featuredmedia":[{"embeddable":true,"href":"https:\/\/siulaiklaipeda.eu\/en\/wp-json\/wp\/v2\/media\/17740"}],"wp:attachment":[{"href":"https:\/\/siulaiklaipeda.eu\/en\/wp-json\/wp\/v2\/media?parent=6918"}],"wp:term":[{"taxonomy":"product_brand","embeddable":true,"href":"https:\/\/siulaiklaipeda.eu\/en\/wp-json\/wp\/v2\/product_brand?post=6918"},{"taxonomy":"product_cat","embeddable":true,"href":"https:\/\/siulaiklaipeda.eu\/en\/wp-json\/wp\/v2\/product_cat?post=6918"},{"taxonomy":"product_tag","embeddable":true,"href":"https:\/\/siulaiklaipeda.eu\/en\/wp-json\/wp\/v2\/product_tag?post=6918"}],"curies":[{"name":"wp","href":"https:\/\/api.w.org\/{rel}","templated":true}]}}