{"id":6894,"date":"2024-01-29T15:38:13","date_gmt":"2024-01-29T15:38:13","guid":{"rendered":"https:\/\/siulaiklaipeda.eu\/?post_type=product&#038;p=6894"},"modified":"2025-11-03T19:19:37","modified_gmt":"2025-11-03T17:19:37","slug":"fibranatura-dona-106-23","status":"publish","type":"product","link":"https:\/\/siulaiklaipeda.eu\/en\/product\/fibranatura-dona-106-23\/","title":{"rendered":"Fibra Natura Dona 106-23"},"content":{"rendered":"<ul>\n<li>\n<hr \/>\n<p>Composition: 100 % Superwash merino wool<\/li>\n<li>Length: 50 g, 115 m<\/li>\n<li>Manufacturer: Fibranatura, Turkey<\/li>\n<\/ul>\n<p>These are luxurious merino wool yarns for warm winter knitwear. The thread is particularly soft, pleasant to the touch, evenly spun, does not irritate the skin. It is very easy to knit, suitable for various knitting patterns. Fibranatura Dona - thread for the smallest children and adults.<\/p>","protected":false},"excerpt":{"rendered":"<p>Sud\u0117tis : 100 % Superwash merino vilnel\u0117 Ilgis :50 g ,115 m Gamintojas :Fibranatura ,Turkija Tai prabang\u016bs\u00a0 merino\u00a0 vilnel\u0117s\u00a0 si\u016blai , skirti \u0161iltiems\u00a0 \u017eieminiams mezginiams . Si\u016blas ypatingai \u0161velnus , malonus liesti ,tolygaus\u00a0 verpimo ,nedirgina odos . Mezgasi labai lengvai , tinka\u00a0 \u012fvairiausi mezgimo\u00a0 ra\u0161tai . Fibranatura\u00a0 Dona &#8211; si\u016blas\u00a0 patiems ma\u017eiausiems\u00a0 vaikams ir suaugusiems.<\/p>","protected":false},"featured_media":6895,"template":"","meta":[],"product_brand":[],"product_cat":[166,91,56,47],"product_tag":[],"class_list":{"0":"post-6894","1":"product","2":"type-product","3":"status-publish","4":"has-post-thumbnail","6":"product_cat-dona","7":"product_cat-fibra-natura","8":"product_cat-vaikiski-siulai","9":"product_cat-vilna","11":"first","12":"instock","13":"taxable","14":"shipping-taxable","15":"purchasable","16":"product-type-simple"},"_links":{"self":[{"href":"https:\/\/siulaiklaipeda.eu\/en\/wp-json\/wp\/v2\/product\/6894","targetHints":{"allow":["GET"]}}],"collection":[{"href":"https:\/\/siulaiklaipeda.eu\/en\/wp-json\/wp\/v2\/product"}],"about":[{"href":"https:\/\/siulaiklaipeda.eu\/en\/wp-json\/wp\/v2\/types\/product"}],"wp:featuredmedia":[{"embeddable":true,"href":"https:\/\/siulaiklaipeda.eu\/en\/wp-json\/wp\/v2\/media\/6895"}],"wp:attachment":[{"href":"https:\/\/siulaiklaipeda.eu\/en\/wp-json\/wp\/v2\/media?parent=6894"}],"wp:term":[{"taxonomy":"product_brand","embeddable":true,"href":"https:\/\/siulaiklaipeda.eu\/en\/wp-json\/wp\/v2\/product_brand?post=6894"},{"taxonomy":"product_cat","embeddable":true,"href":"https:\/\/siulaiklaipeda.eu\/en\/wp-json\/wp\/v2\/product_cat?post=6894"},{"taxonomy":"product_tag","embeddable":true,"href":"https:\/\/siulaiklaipeda.eu\/en\/wp-json\/wp\/v2\/product_tag?post=6894"}],"curies":[{"name":"wp","href":"https:\/\/api.w.org\/{rel}","templated":true}]}}