{"id":6389,"date":"2024-01-16T15:54:32","date_gmt":"2024-01-16T15:54:32","guid":{"rendered":"https:\/\/siulaiklaipeda.eu\/?post_type=product&#038;p=6389"},"modified":"2026-04-22T12:09:00","modified_gmt":"2026-04-22T09:09:00","slug":"wolans-bunny-baby-66","status":"publish","type":"product","link":"https:\/\/siulaiklaipeda.eu\/en\/product\/wolans-bunny-baby-66\/","title":{"rendered":"Wolans Bunny Baby 01"},"content":{"rendered":"<ul>\n<li>Composition: 100 % super soft polyester<\/li>\n<li>Length: 100 g, 120 m<\/li>\n<li>Recommended brush: No. 4.5<\/li>\n<li>Recommended needles: No. 6<\/li>\n<li>Manufacturer: Wolans Yarn, Turkey<\/li>\n<\/ul>\n<p>Extra soft plush yarn for toys, blankets, sweaters.<\/p>\n<p>&nbsp;<\/p>","protected":false},"excerpt":{"rendered":"<p>Sud\u0117tis : 100 % super soft\u00a0 poliesteris Ilgis :100 g ,120 m Rekomenduojamas v\u0105\u0161elis :Nr 4.5 Rekomenduojami virbalai :Nr 6 Gamintojas :Wolans Yarn ,Turkija Ypatingo \u0161velnumo\u00a0 pliu\u0161iniai si\u016blai \u017eaislams ,pledams ,megztiniams . &nbsp;<\/p>","protected":false},"featured_media":23049,"template":"","meta":[],"product_brand":[],"product_cat":[95,170,102,109,56,169],"product_tag":[],"class_list":{"0":"post-6389","1":"product","2":"type-product","3":"status-publish","4":"has-post-thumbnail","6":"product_cat-wolans-yarns","7":"product_cat-bunny-baby","8":"product_cat-mikropoliesteris-siulu-pluostai","9":"product_cat-pliusiniai-siulai","10":"product_cat-vaikiski-siulai","11":"product_cat-wolans","13":"first","14":"instock","15":"taxable","16":"shipping-taxable","17":"purchasable","18":"product-type-simple"},"_links":{"self":[{"href":"https:\/\/siulaiklaipeda.eu\/en\/wp-json\/wp\/v2\/product\/6389","targetHints":{"allow":["GET"]}}],"collection":[{"href":"https:\/\/siulaiklaipeda.eu\/en\/wp-json\/wp\/v2\/product"}],"about":[{"href":"https:\/\/siulaiklaipeda.eu\/en\/wp-json\/wp\/v2\/types\/product"}],"wp:featuredmedia":[{"embeddable":true,"href":"https:\/\/siulaiklaipeda.eu\/en\/wp-json\/wp\/v2\/media\/23049"}],"wp:attachment":[{"href":"https:\/\/siulaiklaipeda.eu\/en\/wp-json\/wp\/v2\/media?parent=6389"}],"wp:term":[{"taxonomy":"product_brand","embeddable":true,"href":"https:\/\/siulaiklaipeda.eu\/en\/wp-json\/wp\/v2\/product_brand?post=6389"},{"taxonomy":"product_cat","embeddable":true,"href":"https:\/\/siulaiklaipeda.eu\/en\/wp-json\/wp\/v2\/product_cat?post=6389"},{"taxonomy":"product_tag","embeddable":true,"href":"https:\/\/siulaiklaipeda.eu\/en\/wp-json\/wp\/v2\/product_tag?post=6389"}],"curies":[{"name":"wp","href":"https:\/\/api.w.org\/{rel}","templated":true}]}}