{"id":6282,"date":"2024-01-16T01:57:22","date_gmt":"2024-01-16T01:57:22","guid":{"rendered":"https:\/\/siulaiklaipeda.eu\/?post_type=product&#038;p=6282"},"modified":"2026-03-27T11:25:49","modified_gmt":"2026-03-27T09:25:49","slug":"alize-superwash-1","status":"publish","type":"product","link":"https:\/\/siulaiklaipeda.eu\/en\/product\/alize-superwash-1\/","title":{"rendered":"Alize Superwash Comfort 01"},"content":{"rendered":"<ul>\n<li>Composition: 75 % wool, 25 % polyamide<\/li>\n<li>Length: 100 g 420 m<\/li>\n<li>Manufacturer: Alize, Turkey<\/li>\n<li>Recommended needles: No. 2-3.5<\/li>\n<li>Alize Superwash - sock yarn. One ball of this yarn is enough for a pair of longer adult socks from size 37 to 43. Depending on the dyeing, the threads are arranged in patterns or colored stripes. Alize Superwash - yarn is wear-resistant, durability is provided by the polyamide in the composition. This thread is also perfect for sweaters, hats, scarves, gloves<\/li>\n<\/ul>","protected":false},"excerpt":{"rendered":"<p>Sud\u0117tis : 75 % vilna, 25 % poliamidas Ilgis : 100 g\u00a0 420 m Gamintojas : Alize\u00a0 ,Turkija Rekomenduojami virbalai :Nr 2-3.5 Alize Superwash\u00a0 &#8211;\u00a0 kojini\u0173 si\u016blai .Vieno kamuoliuko \u0161i\u0173 verpal\u0173\u00a0 u\u017etenka porai\u00a0 ilgesni\u0173 suaugusi\u0173\u00a0 kojini\u0173 nuo 37 iki 43 dyd\u017eio .Priklausomai nuo da\u017eymo ,si\u016blai i\u0161sid\u0117sto ra\u0161tais arba spalvotomis juostel\u0117mis .Alize Superwash &#8211; verpalai\u00a0 atspar\u016bs [&hellip;]<\/p>","protected":false},"featured_media":6253,"template":"","meta":[],"product_brand":[],"product_cat":[108,92,48,141,47],"product_tag":[],"class_list":{"0":"post-6282","1":"product","2":"type-product","3":"status-publish","4":"has-post-thumbnail","6":"product_cat-kojininiai-siulai","7":"product_cat-alize","8":"product_cat-pusvilne","9":"product_cat-superwash-comfort","10":"product_cat-vilna","12":"first","13":"instock","14":"taxable","15":"shipping-taxable","16":"purchasable","17":"product-type-simple"},"_links":{"self":[{"href":"https:\/\/siulaiklaipeda.eu\/en\/wp-json\/wp\/v2\/product\/6282","targetHints":{"allow":["GET"]}}],"collection":[{"href":"https:\/\/siulaiklaipeda.eu\/en\/wp-json\/wp\/v2\/product"}],"about":[{"href":"https:\/\/siulaiklaipeda.eu\/en\/wp-json\/wp\/v2\/types\/product"}],"wp:featuredmedia":[{"embeddable":true,"href":"https:\/\/siulaiklaipeda.eu\/en\/wp-json\/wp\/v2\/media\/6253"}],"wp:attachment":[{"href":"https:\/\/siulaiklaipeda.eu\/en\/wp-json\/wp\/v2\/media?parent=6282"}],"wp:term":[{"taxonomy":"product_brand","embeddable":true,"href":"https:\/\/siulaiklaipeda.eu\/en\/wp-json\/wp\/v2\/product_brand?post=6282"},{"taxonomy":"product_cat","embeddable":true,"href":"https:\/\/siulaiklaipeda.eu\/en\/wp-json\/wp\/v2\/product_cat?post=6282"},{"taxonomy":"product_tag","embeddable":true,"href":"https:\/\/siulaiklaipeda.eu\/en\/wp-json\/wp\/v2\/product_tag?post=6282"}],"curies":[{"name":"wp","href":"https:\/\/api.w.org\/{rel}","templated":true}]}}