{"id":6074,"date":"2024-01-13T16:44:52","date_gmt":"2024-01-13T16:44:52","guid":{"rendered":"https:\/\/siulaiklaipeda.eu\/?post_type=product&#038;p=6074"},"modified":"2025-10-04T15:08:16","modified_gmt":"2025-10-04T13:08:16","slug":"lanoso-bonito-960","status":"publish","type":"product","link":"https:\/\/siulaiklaipeda.eu\/en\/product\/lanoso-bonito-960\/","title":{"rendered":"Lanoso Bonito 960"},"content":{"rendered":"<ul>\n<li>Composition: 49 % wool, 51 % acrylic<\/li>\n<li>Length ; 100 g, 300 m<\/li>\n<li>Recommended needles: 2.5-3.5<\/li>\n<li>Manufacturer: Lanoso, Turkey<\/li>\n<\/ul>\n<p>Lanoso Bonito semi-wool yarn, suitable for children and adults. The thread is medium thick, twists well enough. Wears perfectly, does not pill.<\/p>\n<p>The color may differ due to different computers, as well as due to another painting batch.<\/p>","protected":false},"excerpt":{"rendered":"<p>Sud\u0117tis : 49 % vilna ,\u00a0 51 % akrilas Ilgis ; 100 g , 300 m Rekomenduojami virbalai :2.5-3.5 Gamintojas : Lanoso ,Turkija Lanoso Bonito\u00a0 pusvilnonis si\u016blas ,tinkantis\u00a0 vaikams ir suaugusiems . Si\u016blas vidutinio storio ,pakankamai sukrus .Puikiai ne\u0161iojasi ,nesipumpuruoja. Spalva gali skirtis\u00a0 d\u0117l skirting\u0173 kompiuteri\u0173 ,taip pat d\u0117l kitos da\u017eymo partijos .<\/p>","protected":false},"featured_media":7580,"template":"","meta":[],"product_brand":[],"product_cat":[154,155,254,96,48],"product_tag":[],"class_list":{"0":"post-6074","1":"product","2":"type-product","3":"status-publish","4":"has-post-thumbnail","6":"product_cat-lanoso-2","7":"product_cat-bonito","8":"product_cat-ispardavimas","9":"product_cat-lanoso","10":"product_cat-pusvilne","12":"first","13":"outofstock","14":"sale","15":"taxable","16":"shipping-taxable","17":"purchasable","18":"product-type-simple"},"_links":{"self":[{"href":"https:\/\/siulaiklaipeda.eu\/en\/wp-json\/wp\/v2\/product\/6074","targetHints":{"allow":["GET"]}}],"collection":[{"href":"https:\/\/siulaiklaipeda.eu\/en\/wp-json\/wp\/v2\/product"}],"about":[{"href":"https:\/\/siulaiklaipeda.eu\/en\/wp-json\/wp\/v2\/types\/product"}],"wp:featuredmedia":[{"embeddable":true,"href":"https:\/\/siulaiklaipeda.eu\/en\/wp-json\/wp\/v2\/media\/7580"}],"wp:attachment":[{"href":"https:\/\/siulaiklaipeda.eu\/en\/wp-json\/wp\/v2\/media?parent=6074"}],"wp:term":[{"taxonomy":"product_brand","embeddable":true,"href":"https:\/\/siulaiklaipeda.eu\/en\/wp-json\/wp\/v2\/product_brand?post=6074"},{"taxonomy":"product_cat","embeddable":true,"href":"https:\/\/siulaiklaipeda.eu\/en\/wp-json\/wp\/v2\/product_cat?post=6074"},{"taxonomy":"product_tag","embeddable":true,"href":"https:\/\/siulaiklaipeda.eu\/en\/wp-json\/wp\/v2\/product_tag?post=6074"}],"curies":[{"name":"wp","href":"https:\/\/api.w.org\/{rel}","templated":true}]}}