{"id":6057,"date":"2024-01-10T09:23:20","date_gmt":"2024-01-10T09:23:20","guid":{"rendered":"https:\/\/siulaiklaipeda.eu\/?post_type=product&#038;p=6057"},"modified":"2025-11-03T19:35:13","modified_gmt":"2025-11-03T17:35:13","slug":"yarnart-flowers-merino-533-2","status":"publish","type":"product","link":"https:\/\/siulaiklaipeda.eu\/en\/product\/yarnart-flowers-merino-533-2\/","title":{"rendered":"Yarnart Flowers Merino 533"},"content":{"rendered":"<ul>\n<li>Composition: 25% merino wool, 75 % acrylic<\/li>\n<li>Length: 225 g, 590 m<\/li>\n<li>Recommended needles: 4.5-7<\/li>\n<li>Manufacturer: Yarnart, Turkey<\/li>\n<\/ul>\n<p>Transitional colors, very soft yarn for shawls and sweaters. The knitter needs two balls. They are suitable for knitting with needles and crocheting.<\/p>","protected":false},"excerpt":{"rendered":"<p>Sud\u0117tis : 25%\u00a0 merino vilna , 75 % akrilas Ilgis :225 g ,590 m Rekomenduojami virbalai :4.5-7 Gamintojas: Yarnart ,Turkija Pereinam\u0173 spalv\u0173 labai \u0161velnus si\u016blas skaroms ,megztukams . Megztukui reikia\u00a0 dviej\u0173 kamuoliuk\u0173 .Tinkami megzti virbalais ir nerti v\u0105\u0161eliu .<\/p>","protected":false},"featured_media":6043,"template":"","meta":[],"product_brand":[],"product_cat":[146,48,94],"product_tag":[],"class_list":{"0":"post-6057","1":"product","2":"type-product","3":"status-publish","4":"has-post-thumbnail","6":"product_cat-flowers-merino","7":"product_cat-pusvilne","8":"product_cat-yarnart","10":"first","11":"outofstock","12":"taxable","13":"shipping-taxable","14":"purchasable","15":"product-type-simple"},"_links":{"self":[{"href":"https:\/\/siulaiklaipeda.eu\/en\/wp-json\/wp\/v2\/product\/6057","targetHints":{"allow":["GET"]}}],"collection":[{"href":"https:\/\/siulaiklaipeda.eu\/en\/wp-json\/wp\/v2\/product"}],"about":[{"href":"https:\/\/siulaiklaipeda.eu\/en\/wp-json\/wp\/v2\/types\/product"}],"wp:featuredmedia":[{"embeddable":true,"href":"https:\/\/siulaiklaipeda.eu\/en\/wp-json\/wp\/v2\/media\/6043"}],"wp:attachment":[{"href":"https:\/\/siulaiklaipeda.eu\/en\/wp-json\/wp\/v2\/media?parent=6057"}],"wp:term":[{"taxonomy":"product_brand","embeddable":true,"href":"https:\/\/siulaiklaipeda.eu\/en\/wp-json\/wp\/v2\/product_brand?post=6057"},{"taxonomy":"product_cat","embeddable":true,"href":"https:\/\/siulaiklaipeda.eu\/en\/wp-json\/wp\/v2\/product_cat?post=6057"},{"taxonomy":"product_tag","embeddable":true,"href":"https:\/\/siulaiklaipeda.eu\/en\/wp-json\/wp\/v2\/product_tag?post=6057"}],"curies":[{"name":"wp","href":"https:\/\/api.w.org\/{rel}","templated":true}]}}