{"id":6020,"date":"2024-01-10T08:02:14","date_gmt":"2024-01-10T08:02:14","guid":{"rendered":"https:\/\/siulaiklaipeda.eu\/?post_type=product&#038;p=6020"},"modified":"2025-11-03T19:35:12","modified_gmt":"2025-11-03T17:35:12","slug":"yarnart-flowers-merino-407","status":"publish","type":"product","link":"https:\/\/siulaiklaipeda.eu\/en\/product\/yarnart-flowers-merino-407\/","title":{"rendered":"Yarnart Flowers Alpaca 407"},"content":{"rendered":"<ul>\n<li>Composition: 20 % alpaca, 80% acrylic<\/li>\n<li>Length: 250 g, 940 m<\/li>\n<li>Recommended needles: 3.5-4<\/li>\n<li>Manufacturer: Yarnart, Turkey<\/li>\n<\/ul>\n<p>Transitional colors, very soft yarn for shawls, sweaters. For a small size sweater, just one ball is enough, for a larger size sweater, you need two balls. Suitable for knitting with needles and crocheting. After washing, light fluff comes out.<\/p>\n<p>&nbsp;<\/p>","protected":false},"excerpt":{"rendered":"<p>Sud\u0117tis :20 % alpaka ,80% akrilas Ilgis :250 g ,940 m Rekomenduojami virbalai:3.5-4 Gamintojas:Yarnart ,Turkija Pereinam\u0173 spalv\u0173 labai \u0161velnus si\u016blas skaroms ,megztukams .Nedidelio dyd\u017eio megztukui u\u017eteks vos\u00a0 vieno kamuoliuko ,didesnio dyd\u017eio megztukui reikia\u00a0 dviej\u0173 kamuoliuk\u0173 .Tinkami megzti virbalais ir nerti v\u0105\u0161eliu .Po skalbimo i\u0161lenda lengvas p\u016bkelis. &nbsp;<\/p>","protected":false},"featured_media":6013,"template":"","meta":[],"product_brand":[],"product_cat":[145,55,48,94],"product_tag":[],"class_list":{"0":"post-6020","1":"product","2":"type-product","3":"status-publish","4":"has-post-thumbnail","6":"product_cat-flowers-alpaca","7":"product_cat-alpaka","8":"product_cat-pusvilne","9":"product_cat-yarnart","11":"first","12":"outofstock","13":"taxable","14":"shipping-taxable","15":"purchasable","16":"product-type-simple"},"_links":{"self":[{"href":"https:\/\/siulaiklaipeda.eu\/en\/wp-json\/wp\/v2\/product\/6020","targetHints":{"allow":["GET"]}}],"collection":[{"href":"https:\/\/siulaiklaipeda.eu\/en\/wp-json\/wp\/v2\/product"}],"about":[{"href":"https:\/\/siulaiklaipeda.eu\/en\/wp-json\/wp\/v2\/types\/product"}],"wp:featuredmedia":[{"embeddable":true,"href":"https:\/\/siulaiklaipeda.eu\/en\/wp-json\/wp\/v2\/media\/6013"}],"wp:attachment":[{"href":"https:\/\/siulaiklaipeda.eu\/en\/wp-json\/wp\/v2\/media?parent=6020"}],"wp:term":[{"taxonomy":"product_brand","embeddable":true,"href":"https:\/\/siulaiklaipeda.eu\/en\/wp-json\/wp\/v2\/product_brand?post=6020"},{"taxonomy":"product_cat","embeddable":true,"href":"https:\/\/siulaiklaipeda.eu\/en\/wp-json\/wp\/v2\/product_cat?post=6020"},{"taxonomy":"product_tag","embeddable":true,"href":"https:\/\/siulaiklaipeda.eu\/en\/wp-json\/wp\/v2\/product_tag?post=6020"}],"curies":[{"name":"wp","href":"https:\/\/api.w.org\/{rel}","templated":true}]}}