{"id":5967,"date":"2024-01-09T20:16:40","date_gmt":"2024-01-09T20:16:40","guid":{"rendered":"https:\/\/siulaiklaipeda.eu\/?post_type=product&#038;p=5967"},"modified":"2026-02-28T12:06:33","modified_gmt":"2026-02-28T10:06:33","slug":"gazzal-baby-wool-xl-834","status":"publish","type":"product","link":"https:\/\/siulaiklaipeda.eu\/en\/product\/gazzal-baby-wool-xl-834\/","title":{"rendered":"Gazzal Baby Wool XL 834"},"content":{"rendered":"<ul>\n<li>Composition: 40 % merino wool, 40 % polyacrylic, 20 % cashmere-type polyamide<\/li>\n<li>Length: 50 g, 100 m<\/li>\n<li>Recommended needles No: 4.5-5<\/li>\n<li>Manufacturer: Gazzal, Turkey<\/li>\n<\/ul>\n<p>Very warm and extremely soft yarn. Gazzal Baby Wool XL is ideal for children and adults with sensitive skin. Its silky structure will provide only the most pleasant sensations. These yarns are suitable for all knitting - hats, scarves, sweaters, cardigans.<\/p>","protected":false},"excerpt":{"rendered":"<p>Sud\u0117tis: 40 %\u00a0 merino vilna , 40 % poliakrilas , 20 % ka\u0161myro\u00a0 tipo\u00a0 polamidas Ilgis : 50 g , 100 m Rekomenduojami virbalai Nr :4.5- 5 Gamintojas: Gazzal ,Turkija Labai \u0161iltas ir ypatingai \u0161velnus si\u016blas . Gazzal\u00a0 Baby Wool XL idealiai tinka\u00a0 vaikams ir\u00a0 suaugusiems ,turintiems jautri\u0105 od\u0105.Jo \u0161ilkin\u0117 strukt\u016bra\u00a0 suteiks tik pa\u010dius maloniausius [&hellip;]<\/p>","protected":false},"featured_media":5940,"template":"","meta":[],"product_brand":[],"product_cat":[97,162,48,56],"product_tag":[],"class_list":{"0":"post-5967","1":"product","2":"type-product","3":"status-publish","4":"has-post-thumbnail","6":"product_cat-gazzal","7":"product_cat-baby-wool-xl","8":"product_cat-pusvilne","9":"product_cat-vaikiski-siulai","11":"first","12":"instock","13":"taxable","14":"shipping-taxable","15":"purchasable","16":"product-type-simple"},"_links":{"self":[{"href":"https:\/\/siulaiklaipeda.eu\/en\/wp-json\/wp\/v2\/product\/5967","targetHints":{"allow":["GET"]}}],"collection":[{"href":"https:\/\/siulaiklaipeda.eu\/en\/wp-json\/wp\/v2\/product"}],"about":[{"href":"https:\/\/siulaiklaipeda.eu\/en\/wp-json\/wp\/v2\/types\/product"}],"wp:featuredmedia":[{"embeddable":true,"href":"https:\/\/siulaiklaipeda.eu\/en\/wp-json\/wp\/v2\/media\/5940"}],"wp:attachment":[{"href":"https:\/\/siulaiklaipeda.eu\/en\/wp-json\/wp\/v2\/media?parent=5967"}],"wp:term":[{"taxonomy":"product_brand","embeddable":true,"href":"https:\/\/siulaiklaipeda.eu\/en\/wp-json\/wp\/v2\/product_brand?post=5967"},{"taxonomy":"product_cat","embeddable":true,"href":"https:\/\/siulaiklaipeda.eu\/en\/wp-json\/wp\/v2\/product_cat?post=5967"},{"taxonomy":"product_tag","embeddable":true,"href":"https:\/\/siulaiklaipeda.eu\/en\/wp-json\/wp\/v2\/product_tag?post=5967"}],"curies":[{"name":"wp","href":"https:\/\/api.w.org\/{rel}","templated":true}]}}