{"id":5955,"date":"2024-01-09T20:00:11","date_gmt":"2024-01-09T20:00:11","guid":{"rendered":"https:\/\/siulaiklaipeda.eu\/?post_type=product&#038;p=5955"},"modified":"2026-04-21T12:47:14","modified_gmt":"2026-04-21T09:47:14","slug":"gazzal-baby-wool-xl-837","status":"publish","type":"product","link":"https:\/\/siulaiklaipeda.eu\/en\/product\/gazzal-baby-wool-xl-837\/","title":{"rendered":"Gazzal Baby Wool XL 837"},"content":{"rendered":"<ul>\n<li>Composition: 40 % merino wool, 40 % polyacrylic, 20 % cashmere-type polyamide<\/li>\n<li>Length: 50 g, 100 m<\/li>\n<li>Recommended needles No: 4.5-5<\/li>\n<li>Manufacturer: Gazzal, Turkey<\/li>\n<\/ul>\n<p>Labai \u0161iltas ir ypatingai \u0161velnus si\u016blas . Gazzal\u00a0 Baby Wool XL idealiai tinka\u00a0 vaikams ir\u00a0 suaugusiems ,turintiems jautri\u0105 od\u0105.Jo \u0161ilkin\u0117 strukt\u016bra\u00a0 suteiks tik pa\u010dius maloniausius poj\u016b\u010dius .\u0160ie si\u016blai tinkami\u00a0 visiems mezginiams \u2013 kepur\u0117ms ,\u0161alikams ,megztiniams ,kardiganams .<\/p>","protected":false},"excerpt":{"rendered":"<p>Sud\u0117tis: 40 %\u00a0 merino vilna , 40 % poliakrilas , 20 % ka\u0161myro\u00a0 tipo\u00a0 polamidas Ilgis : 50 g , 100 m Rekomenduojami virbalai Nr :4.5- 5 Gamintojas: Gazzal ,Turkija Labai \u0161iltas ir ypatingai \u0161velnus si\u016blas . Gazzal\u00a0 Baby Wool XL idealiai tinka\u00a0 vaikams ir\u00a0 suaugusiems ,turintiems jautri\u0105 od\u0105.Jo \u0161ilkin\u0117 strukt\u016bra\u00a0 suteiks tik pa\u010dius maloniausius [&hellip;]<\/p>\n","protected":false},"featured_media":5928,"template":"","meta":[],"product_brand":[],"product_cat":[97,162,48,56],"product_tag":[],"class_list":{"0":"post-5955","1":"product","2":"type-product","3":"status-publish","4":"has-post-thumbnail","6":"product_cat-gazzal","7":"product_cat-baby-wool-xl","8":"product_cat-pusvilne","9":"product_cat-vaikiski-siulai","11":"first","12":"instock","13":"taxable","14":"shipping-taxable","15":"purchasable","16":"product-type-simple"},"_links":{"self":[{"href":"https:\/\/siulaiklaipeda.eu\/en\/wp-json\/wp\/v2\/product\/5955","targetHints":{"allow":["GET"]}}],"collection":[{"href":"https:\/\/siulaiklaipeda.eu\/en\/wp-json\/wp\/v2\/product"}],"about":[{"href":"https:\/\/siulaiklaipeda.eu\/en\/wp-json\/wp\/v2\/types\/product"}],"wp:featuredmedia":[{"embeddable":true,"href":"https:\/\/siulaiklaipeda.eu\/en\/wp-json\/wp\/v2\/media\/5928"}],"wp:attachment":[{"href":"https:\/\/siulaiklaipeda.eu\/en\/wp-json\/wp\/v2\/media?parent=5955"}],"wp:term":[{"taxonomy":"product_brand","embeddable":true,"href":"https:\/\/siulaiklaipeda.eu\/en\/wp-json\/wp\/v2\/product_brand?post=5955"},{"taxonomy":"product_cat","embeddable":true,"href":"https:\/\/siulaiklaipeda.eu\/en\/wp-json\/wp\/v2\/product_cat?post=5955"},{"taxonomy":"product_tag","embeddable":true,"href":"https:\/\/siulaiklaipeda.eu\/en\/wp-json\/wp\/v2\/product_tag?post=5955"}],"curies":[{"name":"wp","href":"https:\/\/api.w.org\/{rel}","templated":true}]}}