{"id":5907,"date":"2024-01-08T16:00:18","date_gmt":"2024-01-08T16:00:18","guid":{"rendered":"https:\/\/siulaiklaipeda.eu\/?post_type=product&#038;p=5907"},"modified":"2025-11-03T19:24:17","modified_gmt":"2025-11-03T17:24:17","slug":"gazzal-worm-3845","status":"publish","type":"product","link":"https:\/\/siulaiklaipeda.eu\/en\/product\/gazzal-worm-3845\/","title":{"rendered":"Gazzal Worm 3845"},"content":{"rendered":"<ul>\n<li>Composition: 100 % Superwash merino fine wool<\/li>\n<li>Length: 150 g, 120 m<\/li>\n<li>Recommended needles: 10<\/li>\n<li>Manufacturer: Gazzal, Turkey<\/li>\n<\/ul>\n<p>Hand-dyed merino wool. Since there is no dyeing batch, it is recommended to purchase a sufficient amount of yarn at one time.<\/p>","protected":false},"excerpt":{"rendered":"<p>Sud\u0117tis :100 % Superwash merino\u00a0 fine vilna Ilgis :150 g ,120m Rekomenduojami\u00a0 virbalai :10 Gamintojas :Gazzal ,Turkija Rankomis da\u017eyta merino vilna .Kadangi\u00a0 n\u0117ra da\u017eymo partijos , rekomenduojama\u00a0 vienu metu\u00a0 \u012fsigyti pakankam\u0105 kiek\u012f verpal\u0173<\/p>","protected":false},"featured_media":5892,"template":"","meta":[],"product_brand":[],"product_cat":[97,47,163],"product_tag":[],"class_list":{"0":"post-5907","1":"product","2":"type-product","3":"status-publish","4":"has-post-thumbnail","6":"product_cat-gazzal","7":"product_cat-vilna","8":"product_cat-worm","10":"first","11":"outofstock","12":"taxable","13":"shipping-taxable","14":"purchasable","15":"product-type-simple"},"_links":{"self":[{"href":"https:\/\/siulaiklaipeda.eu\/en\/wp-json\/wp\/v2\/product\/5907","targetHints":{"allow":["GET"]}}],"collection":[{"href":"https:\/\/siulaiklaipeda.eu\/en\/wp-json\/wp\/v2\/product"}],"about":[{"href":"https:\/\/siulaiklaipeda.eu\/en\/wp-json\/wp\/v2\/types\/product"}],"wp:featuredmedia":[{"embeddable":true,"href":"https:\/\/siulaiklaipeda.eu\/en\/wp-json\/wp\/v2\/media\/5892"}],"wp:attachment":[{"href":"https:\/\/siulaiklaipeda.eu\/en\/wp-json\/wp\/v2\/media?parent=5907"}],"wp:term":[{"taxonomy":"product_brand","embeddable":true,"href":"https:\/\/siulaiklaipeda.eu\/en\/wp-json\/wp\/v2\/product_brand?post=5907"},{"taxonomy":"product_cat","embeddable":true,"href":"https:\/\/siulaiklaipeda.eu\/en\/wp-json\/wp\/v2\/product_cat?post=5907"},{"taxonomy":"product_tag","embeddable":true,"href":"https:\/\/siulaiklaipeda.eu\/en\/wp-json\/wp\/v2\/product_tag?post=5907"}],"curies":[{"name":"wp","href":"https:\/\/api.w.org\/{rel}","templated":true}]}}