{"id":5849,"date":"2024-01-08T14:12:42","date_gmt":"2024-01-08T14:12:42","guid":{"rendered":"https:\/\/siulaiklaipeda.eu\/?post_type=product&#038;p=5849"},"modified":"2025-08-12T18:24:30","modified_gmt":"2025-08-12T16:24:30","slug":"alize-angora-gold-simli-17","status":"publish","type":"product","link":"https:\/\/siulaiklaipeda.eu\/en\/product\/alize-angora-gold-simli-17\/","title":{"rendered":"Alize Angora Gold Simli 17"},"content":{"rendered":"<ul>\n<li>Sud\u0117tis : 20% vilna ,5 % liureksas ,75 % akrilas<\/li>\n<li>Ilgis : 100 g , 500 m<\/li>\n<li>Recommended needles: 3-6<\/li>\n<li>Recommended fillings: 2-4<\/li>\n<li>Manufacturer: Alize, Turkey<\/li>\n<\/ul>\n<p>\u0160iltas ,p\u016bkuotas ,turintis\u00a0 blizgesio ,lengvas\u00a0 ,purus si\u016blas .Puikiai tinka skar\u0173 ,\u0161ali\u0173 mezgimui .Megztukai\u00a0 i\u0161 \u0161i\u0173 si\u016bl\u0173 bus su lengvu p\u016bkeliu\u00a0 ,nestori .Galima megzti\u00a0 dvigubu\u00a0 Angora Gold\u00a0 Simli si\u016blu\u00a0 arba prid\u0117ti kaip papildom\u0105 si\u016bl\u0105 prie moheros ,vilnos\u00a0 ir kit\u0173 pluo\u0161t\u0173 .<\/p>","protected":false},"excerpt":{"rendered":"<p>Sud\u0117tis : 20% vilna ,5 % liureksas ,75 % akrilas Ilgis : 100 g , 500 m Rekomenduojami virbalai : 3-6 Rekomenduojami v\u0105\u0161eliai :\u00a0 2-4 Gamintojas:Alize ,Turkija \u0160iltas ,p\u016bkuotas ,turintis\u00a0 blizgesio ,lengvas\u00a0 ,purus si\u016blas .Puikiai tinka skar\u0173 ,\u0161ali\u0173 mezgimui .Megztukai\u00a0 i\u0161 \u0161i\u0173 si\u016bl\u0173 bus su lengvu p\u016bkeliu\u00a0 ,nestori .Galima megzti\u00a0 dvigubu\u00a0 Angora Gold\u00a0 Simli si\u016blu\u00a0 [&hellip;]<\/p>","protected":false},"featured_media":5816,"template":"","meta":[],"product_brand":[],"product_cat":[117,92,48],"product_tag":[],"class_list":{"0":"post-5849","1":"product","2":"type-product","3":"status-publish","4":"has-post-thumbnail","6":"product_cat-angora-gold-simli","7":"product_cat-alize","8":"product_cat-pusvilne","10":"first","11":"outofstock","12":"taxable","13":"shipping-taxable","14":"purchasable","15":"product-type-simple"},"_links":{"self":[{"href":"https:\/\/siulaiklaipeda.eu\/en\/wp-json\/wp\/v2\/product\/5849","targetHints":{"allow":["GET"]}}],"collection":[{"href":"https:\/\/siulaiklaipeda.eu\/en\/wp-json\/wp\/v2\/product"}],"about":[{"href":"https:\/\/siulaiklaipeda.eu\/en\/wp-json\/wp\/v2\/types\/product"}],"wp:featuredmedia":[{"embeddable":true,"href":"https:\/\/siulaiklaipeda.eu\/en\/wp-json\/wp\/v2\/media\/5816"}],"wp:attachment":[{"href":"https:\/\/siulaiklaipeda.eu\/en\/wp-json\/wp\/v2\/media?parent=5849"}],"wp:term":[{"taxonomy":"product_brand","embeddable":true,"href":"https:\/\/siulaiklaipeda.eu\/en\/wp-json\/wp\/v2\/product_brand?post=5849"},{"taxonomy":"product_cat","embeddable":true,"href":"https:\/\/siulaiklaipeda.eu\/en\/wp-json\/wp\/v2\/product_cat?post=5849"},{"taxonomy":"product_tag","embeddable":true,"href":"https:\/\/siulaiklaipeda.eu\/en\/wp-json\/wp\/v2\/product_tag?post=5849"}],"curies":[{"name":"wp","href":"https:\/\/api.w.org\/{rel}","templated":true}]}}