{"id":5793,"date":"2024-01-05T16:09:30","date_gmt":"2024-01-05T16:09:30","guid":{"rendered":"https:\/\/siulaiklaipeda.eu\/?post_type=product&#038;p=5793"},"modified":"2026-03-22T14:01:59","modified_gmt":"2026-03-22T12:01:59","slug":"alize-angora-gold-161","status":"publish","type":"product","link":"https:\/\/siulaiklaipeda.eu\/en\/product\/alize-angora-gold-161\/","title":{"rendered":"Alize Angora Gold 161"},"content":{"rendered":"<ul>\n<li>Composition: 20% wool, 80 % acrylic<\/li>\n<li>Length: 100 g, 550 m<\/li>\n<li>Recommended needles: 3-6<\/li>\n<li>Recommended fillings: 2-4<\/li>\n<li>Manufacturer: Alize, Turkey<\/li>\n<\/ul>\n<p>Warm, fluffy, light yarn. Perfect for knitting shawls and scarves. Sweaters made from these yarns will have light fluff, not thick. It can be knitted with double Angora Gold yarn or added as an additional yarn to mohair, wool and other fibers.<\/p>","protected":false},"excerpt":{"rendered":"<p>Sud\u0117tis : 20% vilna ,80 % akrilas Ilgis : 100 g , 550 m Rekomenduojami virbalai : 3-6 Rekomenduojami v\u0105\u0161eliai :\u00a0 2-4 Gamintojas:Alize ,Turkija \u0160iltas ,p\u016bkuotas ,lengvas\u00a0 si\u016blas .Puikiai tinka skar\u0173 ,\u0161ali\u0173 mezgimui .Megztukai\u00a0 i\u0161 \u0161i\u0173 si\u016bl\u0173 bus su lengvu p\u016bku ,nestori .Galima megzti\u00a0 dvigubu\u00a0 Angora Gold si\u016blu\u00a0 arba prid\u0117ti kaip papildom\u0105 si\u016bl\u0105 prie moheros [&hellip;]<\/p>","protected":false},"featured_media":5728,"template":"","meta":[],"product_brand":[],"product_cat":[114,50,92,45,48,90,89,47],"product_tag":[],"class_list":{"0":"post-5793","1":"product","2":"type-product","3":"status-publish","4":"has-post-thumbnail","6":"product_cat-angora-gold","7":"product_cat-akrilas","8":"product_cat-alize","9":"product_cat-mezgimo-siulai","10":"product_cat-pusvilne","11":"product_cat-siulu-gamintojai","12":"product_cat-siulu-pluostai","13":"product_cat-vilna","15":"first","16":"outofstock","17":"sale","18":"taxable","19":"shipping-taxable","20":"purchasable","21":"product-type-simple"},"_links":{"self":[{"href":"https:\/\/siulaiklaipeda.eu\/en\/wp-json\/wp\/v2\/product\/5793","targetHints":{"allow":["GET"]}}],"collection":[{"href":"https:\/\/siulaiklaipeda.eu\/en\/wp-json\/wp\/v2\/product"}],"about":[{"href":"https:\/\/siulaiklaipeda.eu\/en\/wp-json\/wp\/v2\/types\/product"}],"wp:featuredmedia":[{"embeddable":true,"href":"https:\/\/siulaiklaipeda.eu\/en\/wp-json\/wp\/v2\/media\/5728"}],"wp:attachment":[{"href":"https:\/\/siulaiklaipeda.eu\/en\/wp-json\/wp\/v2\/media?parent=5793"}],"wp:term":[{"taxonomy":"product_brand","embeddable":true,"href":"https:\/\/siulaiklaipeda.eu\/en\/wp-json\/wp\/v2\/product_brand?post=5793"},{"taxonomy":"product_cat","embeddable":true,"href":"https:\/\/siulaiklaipeda.eu\/en\/wp-json\/wp\/v2\/product_cat?post=5793"},{"taxonomy":"product_tag","embeddable":true,"href":"https:\/\/siulaiklaipeda.eu\/en\/wp-json\/wp\/v2\/product_tag?post=5793"}],"curies":[{"name":"wp","href":"https:\/\/api.w.org\/{rel}","templated":true}]}}