{"id":5649,"date":"2024-01-04T18:54:44","date_gmt":"2024-01-04T18:54:44","guid":{"rendered":"https:\/\/siulaiklaipeda.eu\/?post_type=product&#038;p=5649"},"modified":"2026-03-18T12:52:14","modified_gmt":"2026-03-18T10:52:14","slug":"alize-wooltime-161","status":"publish","type":"product","link":"https:\/\/siulaiklaipeda.eu\/en\/product\/alize-wooltime-161\/","title":{"rendered":"Alize Wooltime 161"},"content":{"rendered":"<ul>\n<li>Composition: 75% wool, 25% polyamide<\/li>\n<li>Length: 100 g, 200 m<\/li>\n<li>Manufacturer: Alize. Turkey<\/li>\n<\/ul>\n<p>Alize Wooltime \u2013 kojin\u0117ms\u00a0 \u00a0skirti\u00a0 \u00a0si\u016blai , ta\u010diau\u00a0 puikiai\u00a0 tinkantys\u00a0 ir visiems\u00a0 kitiems mezginiams . Si\u016blas labai\u00a0 \u0161iltas , mink\u0161tas , \u0161velnus ,gerai ne\u0161iojasi ,mezginiai skalbiami skalbimo ma\u0161inoje.<\/p>","protected":false},"excerpt":{"rendered":"<p>Sud\u0117tis :75% vilna , 25% poliamidas Ilgis :100 g ,200 m Gamintojas :Alize\u00a0 .Turkija Alize Wooltime \u2013 kojin\u0117ms\u00a0 \u00a0skirti\u00a0 \u00a0si\u016blai , ta\u010diau\u00a0 puikiai\u00a0 tinkantys\u00a0 ir visiems\u00a0 kitiems mezginiams . Si\u016blas labai\u00a0 \u0161iltas , mink\u0161tas , \u0161velnus ,gerai ne\u0161iojasi ,mezginiai skalbiami skalbimo ma\u0161inoje.<\/p>","protected":false},"featured_media":6302,"template":"","meta":[],"product_brand":[],"product_cat":[108,92,48,47,142],"product_tag":[],"class_list":{"0":"post-5649","1":"product","2":"type-product","3":"status-publish","4":"has-post-thumbnail","6":"product_cat-kojininiai-siulai","7":"product_cat-alize","8":"product_cat-pusvilne","9":"product_cat-vilna","10":"product_cat-wooltime","12":"first","13":"outofstock","14":"taxable","15":"shipping-taxable","16":"purchasable","17":"product-type-simple"},"_links":{"self":[{"href":"https:\/\/siulaiklaipeda.eu\/en\/wp-json\/wp\/v2\/product\/5649","targetHints":{"allow":["GET"]}}],"collection":[{"href":"https:\/\/siulaiklaipeda.eu\/en\/wp-json\/wp\/v2\/product"}],"about":[{"href":"https:\/\/siulaiklaipeda.eu\/en\/wp-json\/wp\/v2\/types\/product"}],"wp:featuredmedia":[{"embeddable":true,"href":"https:\/\/siulaiklaipeda.eu\/en\/wp-json\/wp\/v2\/media\/6302"}],"wp:attachment":[{"href":"https:\/\/siulaiklaipeda.eu\/en\/wp-json\/wp\/v2\/media?parent=5649"}],"wp:term":[{"taxonomy":"product_brand","embeddable":true,"href":"https:\/\/siulaiklaipeda.eu\/en\/wp-json\/wp\/v2\/product_brand?post=5649"},{"taxonomy":"product_cat","embeddable":true,"href":"https:\/\/siulaiklaipeda.eu\/en\/wp-json\/wp\/v2\/product_cat?post=5649"},{"taxonomy":"product_tag","embeddable":true,"href":"https:\/\/siulaiklaipeda.eu\/en\/wp-json\/wp\/v2\/product_tag?post=5649"}],"curies":[{"name":"wp","href":"https:\/\/api.w.org\/{rel}","templated":true}]}}