{"id":5471,"date":"2023-12-26T18:04:55","date_gmt":"2023-12-26T18:04:55","guid":{"rendered":"https:\/\/siulaiklaipeda.eu\/?post_type=product&#038;p=5471"},"modified":"2026-03-17T15:13:25","modified_gmt":"2026-03-17T13:13:25","slug":"alize-mohair-classic-55","status":"publish","type":"product","link":"https:\/\/siulaiklaipeda.eu\/en\/product\/alize-mohair-classic-55\/","title":{"rendered":"Alize Mohair Classic 55"},"content":{"rendered":"<ul>\n<li>Composition: 25 % wool, 24 % mohair, 51 % acrylic<\/li>\n<li>Length: 100 g, 200 m<\/li>\n<li>Recommended needles: 5-7<\/li>\n<li>Recommended pods: 2-4<\/li>\n<li>Manufacturer: Alize, Turkey<\/li>\n<\/ul>\n<p>A yarn with a long hair that looks amazing in knitwear. You don&#039;t need to choose patterns for this yarn, smooth knitting is also perfect. You can knit hats, scarves, socks, vests, sweaters. The knitwear will be very warm and long-lasting.<\/p>\n<p>Due to different monitors, shades may vary slightly<\/p>","protected":false},"excerpt":{"rendered":"<p>Sud\u0117tis : 25 % vilna\u00a0 , 24 % mohera , 51 % akrilas Ilgis :100 g ,200 m Rekomenduojami virbalai :5-7 Rekomenduojami v\u0105\u0161eliai :2-4 Gamintojas :Alize ,Turkija Si\u016blas ,turintis ilg\u0105 plauk\u0105 ,nuostabiai atrodantis\u00a0 mezginiuose .\u0160iam si\u016blui nereikia rinktis ra\u0161t\u0173 ,puikiai tinka ir lygus mezgimas .Galima\u00a0 megzti\u00a0 kepures , \u0161alikus , kojines , liemenes megztinius .Mezginiai [&hellip;]<\/p>","protected":false},"featured_media":24781,"template":"","meta":[],"product_brand":[],"product_cat":[92,133,49],"product_tag":[],"class_list":{"0":"post-5471","1":"product","2":"type-product","3":"status-publish","4":"has-post-thumbnail","6":"product_cat-alize","7":"product_cat-mohair-classic","8":"product_cat-mohera","10":"first","11":"instock","12":"taxable","13":"shipping-taxable","14":"purchasable","15":"product-type-simple"},"_links":{"self":[{"href":"https:\/\/siulaiklaipeda.eu\/en\/wp-json\/wp\/v2\/product\/5471","targetHints":{"allow":["GET"]}}],"collection":[{"href":"https:\/\/siulaiklaipeda.eu\/en\/wp-json\/wp\/v2\/product"}],"about":[{"href":"https:\/\/siulaiklaipeda.eu\/en\/wp-json\/wp\/v2\/types\/product"}],"wp:featuredmedia":[{"embeddable":true,"href":"https:\/\/siulaiklaipeda.eu\/en\/wp-json\/wp\/v2\/media\/24781"}],"wp:attachment":[{"href":"https:\/\/siulaiklaipeda.eu\/en\/wp-json\/wp\/v2\/media?parent=5471"}],"wp:term":[{"taxonomy":"product_brand","embeddable":true,"href":"https:\/\/siulaiklaipeda.eu\/en\/wp-json\/wp\/v2\/product_brand?post=5471"},{"taxonomy":"product_cat","embeddable":true,"href":"https:\/\/siulaiklaipeda.eu\/en\/wp-json\/wp\/v2\/product_cat?post=5471"},{"taxonomy":"product_tag","embeddable":true,"href":"https:\/\/siulaiklaipeda.eu\/en\/wp-json\/wp\/v2\/product_tag?post=5471"}],"curies":[{"name":"wp","href":"https:\/\/api.w.org\/{rel}","templated":true}]}}