{"id":5392,"date":"2023-12-20T20:15:17","date_gmt":"2023-12-20T20:15:17","guid":{"rendered":"https:\/\/siulaiklaipeda.eu\/?post_type=product&#038;p=5392"},"modified":"2026-04-15T10:44:38","modified_gmt":"2026-04-15T07:44:38","slug":"yarnart-jeans-77","status":"publish","type":"product","link":"https:\/\/siulaiklaipeda.eu\/en\/product\/yarnart-jeans-77\/","title":{"rendered":"YarnArt Jeans 77"},"content":{"rendered":"<ul>\n<li>Composition: 55 % cotton, 45 % acrylic<\/li>\n<li>Length: 50 g, 160 m<\/li>\n<li>Manufacturer: YarnArt, Turkey<\/li>\n<li>Recommended needles: No. 3.5<\/li>\n<li>Recommended veschel ; No. 3.5<\/li>\n<\/ul>\n<p>Vis\u0173 taip m\u0117gstami si\u016blai \u2013 YarnArt\u00a0 Jeans .Jie\u00a0 tinkami megzti\u00a0 \u017eaislus ,rankines ,megztukus ,sukneles ,lovatieses ir t.t Lie\u010diant ,si\u016blas malonus ,mink\u0161tas .Itin plati spalv\u0173 palet\u0117 ir universalus storis. Rekomenduojame YarnArt Jeans si\u016bl\u0105 tiek pradedan\u010dioms ,tiek patyrusioms mezg\u0117joms, manau visos liksite patenkintos<\/p>\n<p>Colors may vary slightly due to different monitor settings<\/p>\n<p>\u00a0<\/p>","protected":false},"excerpt":{"rendered":"<p>Sud\u0117tis: 55 % medviln\u0117 ,45 % akrilas Ilgis :50 g, 160 m Gamintojas : YarnArt ,Turkija Rekomenduojami virbalai:Nr 3.5 Rekomenduojamas v\u0105\u0161elis ;Nr 3.5 Vis\u0173 taip m\u0117gstami si\u016blai \u2013 YarnArt\u00a0 Jeans .Jie\u00a0 tinkami megzti\u00a0 \u017eaislus ,rankines ,megztukus ,sukneles ,lovatieses ir t.t Lie\u010diant ,si\u016blas malonus ,mink\u0161tas .Itin plati spalv\u0173 palet\u0117 ir universalus storis. Rekomenduojame YarnArt Jeans si\u016bl\u0105 [&hellip;]<\/p>\n","protected":false},"featured_media":5328,"template":"","meta":[],"product_brand":[],"product_cat":[147,51,94],"product_tag":[],"class_list":{"0":"post-5392","1":"product","2":"type-product","3":"status-publish","4":"has-post-thumbnail","6":"product_cat-jeans","7":"product_cat-medvilne","8":"product_cat-yarnart","10":"first","11":"instock","12":"taxable","13":"shipping-taxable","14":"purchasable","15":"product-type-simple"},"_links":{"self":[{"href":"https:\/\/siulaiklaipeda.eu\/en\/wp-json\/wp\/v2\/product\/5392","targetHints":{"allow":["GET"]}}],"collection":[{"href":"https:\/\/siulaiklaipeda.eu\/en\/wp-json\/wp\/v2\/product"}],"about":[{"href":"https:\/\/siulaiklaipeda.eu\/en\/wp-json\/wp\/v2\/types\/product"}],"wp:featuredmedia":[{"embeddable":true,"href":"https:\/\/siulaiklaipeda.eu\/en\/wp-json\/wp\/v2\/media\/5328"}],"wp:attachment":[{"href":"https:\/\/siulaiklaipeda.eu\/en\/wp-json\/wp\/v2\/media?parent=5392"}],"wp:term":[{"taxonomy":"product_brand","embeddable":true,"href":"https:\/\/siulaiklaipeda.eu\/en\/wp-json\/wp\/v2\/product_brand?post=5392"},{"taxonomy":"product_cat","embeddable":true,"href":"https:\/\/siulaiklaipeda.eu\/en\/wp-json\/wp\/v2\/product_cat?post=5392"},{"taxonomy":"product_tag","embeddable":true,"href":"https:\/\/siulaiklaipeda.eu\/en\/wp-json\/wp\/v2\/product_tag?post=5392"}],"curies":[{"name":"wp","href":"https:\/\/api.w.org\/{rel}","templated":true}]}}