{"id":5259,"date":"2023-12-19T19:20:58","date_gmt":"2023-12-19T19:20:58","guid":{"rendered":"https:\/\/siulaiklaipeda.eu\/?post_type=product&#038;p=5259"},"modified":"2026-03-27T12:45:06","modified_gmt":"2026-03-27T10:45:06","slug":"nako-boho-87718","status":"publish","type":"product","link":"https:\/\/siulaiklaipeda.eu\/en\/product\/nako-boho-87718\/","title":{"rendered":"Nako Boho 87718"},"content":{"rendered":"<ul>\n<li>Composition: 75 % wool, 25 % polyamide<\/li>\n<li>Length: 100 g 400 m<\/li>\n<li>Manufacturer: Nako, Turkey<\/li>\n<li>Recommended needles: No. 2-3.5<\/li>\n<li>Nako Boho - sock yarn. One ball of this yarn is enough for a pair of longer adult socks from sizes 37 to 43. Depending on the dyeing, the threads are arranged in patterns or colored stripes. Nako Boho yarn is resistant to abrasion, the polyamide in the composition provides durability. This yarn is also perfect for sweaters , for hats, scarves, gloves<\/li>\n<\/ul>","protected":false},"excerpt":{"rendered":"<p>Sud\u0117tis : 75 % vilna, 25 % poliamidas Ilgis : 100 g\u00a0 400 m Gamintojas : Nako ,Turkija Rekomenduojami virbalai :Nr 2-3.5 Nako Boho &#8211;\u00a0 kojini\u0173 si\u016blai.Vieno kamuoliuko \u0161i\u0173 verpal\u0173\u00a0 u\u017etenka porai\u00a0 ilgesni\u0173 suaugusi\u0173 kojini\u0173 nuo 37 iki 43 dyd\u017eio.Priklausomai nuo da\u017eymo ,si\u016blai i\u0161sid\u0117sto ra\u0161tais arba spalvotomis juostel\u0117mis.Nako Boho verpalai\u00a0 atspar\u016bs dilimui,patvarumo\u00a0 suteikia\u00a0 sud\u0117tyje esantis [&hellip;]<\/p>","protected":false},"featured_media":5215,"template":"","meta":[],"product_brand":[],"product_cat":[153,108,93,47],"product_tag":[],"class_list":{"0":"post-5259","1":"product","2":"type-product","3":"status-publish","4":"has-post-thumbnail","6":"product_cat-boho","7":"product_cat-kojininiai-siulai","8":"product_cat-nako","9":"product_cat-vilna","11":"first","12":"instock","13":"taxable","14":"shipping-taxable","15":"purchasable","16":"product-type-simple"},"_links":{"self":[{"href":"https:\/\/siulaiklaipeda.eu\/en\/wp-json\/wp\/v2\/product\/5259","targetHints":{"allow":["GET"]}}],"collection":[{"href":"https:\/\/siulaiklaipeda.eu\/en\/wp-json\/wp\/v2\/product"}],"about":[{"href":"https:\/\/siulaiklaipeda.eu\/en\/wp-json\/wp\/v2\/types\/product"}],"wp:featuredmedia":[{"embeddable":true,"href":"https:\/\/siulaiklaipeda.eu\/en\/wp-json\/wp\/v2\/media\/5215"}],"wp:attachment":[{"href":"https:\/\/siulaiklaipeda.eu\/en\/wp-json\/wp\/v2\/media?parent=5259"}],"wp:term":[{"taxonomy":"product_brand","embeddable":true,"href":"https:\/\/siulaiklaipeda.eu\/en\/wp-json\/wp\/v2\/product_brand?post=5259"},{"taxonomy":"product_cat","embeddable":true,"href":"https:\/\/siulaiklaipeda.eu\/en\/wp-json\/wp\/v2\/product_cat?post=5259"},{"taxonomy":"product_tag","embeddable":true,"href":"https:\/\/siulaiklaipeda.eu\/en\/wp-json\/wp\/v2\/product_tag?post=5259"}],"curies":[{"name":"wp","href":"https:\/\/api.w.org\/{rel}","templated":true}]}}