{"id":5068,"date":"2023-12-18T10:09:55","date_gmt":"2023-12-18T10:09:55","guid":{"rendered":"https:\/\/siulaiklaipeda.eu\/?post_type=product&#038;p=5068"},"modified":"2026-02-27T18:48:15","modified_gmt":"2026-02-27T16:48:15","slug":"alize-lanagold-classic-207","status":"publish","type":"product","link":"https:\/\/siulaiklaipeda.eu\/en\/product\/alize-lanagold-classic-207\/","title":{"rendered":"Alize Lanagold Classic 207"},"content":{"rendered":"<ul>\n<li>\n<p data-start=\"88\" data-end=\"135\">\ud83e\uddf6 <strong data-start=\"91\" data-end=\"131\">ALIZE Lanagold \u2013 klasika, kuri \u0161ildo<\/strong><\/p>\n<\/li>\n<li>\n<p data-start=\"88\" data-end=\"135\">Patikimas ir laiko patikrintas pasirinkimas tiek pradedan\u010diajam, tiek patyrusiam mezg\u0117jui. \u201eLanagold\u201c si\u016blai \u2013 tai puikus vilnos ir akrilo derinys, kuris garantuoja \u0161ilum\u0105, mink\u0161tum\u0105 ir ilgaam\u017ei\u0161kum\u0105.<\/p>\n<p data-start=\"344\" data-end=\"581\">\ud83d\udd39 Malon\u016bs liesti ir lengvai slysta per virbalus<br data-start=\"392\" data-end=\"395\" \/>\ud83d\udd39 Tinka \u012fvairiausiems mezginiams: nuo \u0161ilt\u0173 megztini\u0173 iki kepuri\u0173, \u0161alik\u0173 ar pled\u0173<br data-start=\"478\" data-end=\"481\" \/>\ud83d\udd39 Puikiai laiko form\u0105 ir nesip\u016bkuoja<br data-start=\"518\" data-end=\"521\" \/>\ud83d\udd39 Didel\u0117 spalv\u0173 palet\u0117 \u2013 kiekvienam skoniui ir projektui<\/p>\n<p data-start=\"583\" data-end=\"733\">\u00a0\u0160ie si\u016blai leis tavo k\u016brybai atsiskleisti visu gro\u017eiu \u2013 tiek mezgant sau, tiek dovanai. Nes mezgimas su Lanagold \u2013 tai ne darbas, o malonumas!<\/p>\n<\/li>\n<li>Composition: 49% wool, 51% acrylic<\/li>\n<li>Length: 100g, 240m<\/li>\n<li>Recommended needles: 4-6<\/li>\n<li>Manufacturer-Alize, Turkey<\/li>\n<\/ul>","protected":false},"excerpt":{"rendered":"<p>\ud83e\uddf6 ALIZE Lanagold \u2013 klasika, kuri \u0161ildo Patikimas ir laiko patikrintas pasirinkimas tiek pradedan\u010diajam, tiek patyrusiam mezg\u0117jui. \u201eLanagold\u201c si\u016blai \u2013 tai puikus vilnos ir akrilo derinys, kuris garantuoja \u0161ilum\u0105, mink\u0161tum\u0105 ir ilgaam\u017ei\u0161kum\u0105. \ud83d\udd39 Malon\u016bs liesti ir lengvai slysta per virbalus\ud83d\udd39 Tinka \u012fvairiausiems mezginiams: nuo \u0161ilt\u0173 megztini\u0173 iki kepuri\u0173, \u0161alik\u0173 ar pled\u0173\ud83d\udd39 Puikiai laiko form\u0105 ir [&hellip;]<\/p>","protected":false},"featured_media":23537,"template":"","meta":[],"product_brand":[],"product_cat":[130,92,48],"product_tag":[],"class_list":{"0":"post-5068","1":"product","2":"type-product","3":"status-publish","4":"has-post-thumbnail","6":"product_cat-lanagold","7":"product_cat-alize","8":"product_cat-pusvilne","10":"first","11":"instock","12":"taxable","13":"shipping-taxable","14":"purchasable","15":"product-type-simple"},"_links":{"self":[{"href":"https:\/\/siulaiklaipeda.eu\/en\/wp-json\/wp\/v2\/product\/5068","targetHints":{"allow":["GET"]}}],"collection":[{"href":"https:\/\/siulaiklaipeda.eu\/en\/wp-json\/wp\/v2\/product"}],"about":[{"href":"https:\/\/siulaiklaipeda.eu\/en\/wp-json\/wp\/v2\/types\/product"}],"wp:featuredmedia":[{"embeddable":true,"href":"https:\/\/siulaiklaipeda.eu\/en\/wp-json\/wp\/v2\/media\/23537"}],"wp:attachment":[{"href":"https:\/\/siulaiklaipeda.eu\/en\/wp-json\/wp\/v2\/media?parent=5068"}],"wp:term":[{"taxonomy":"product_brand","embeddable":true,"href":"https:\/\/siulaiklaipeda.eu\/en\/wp-json\/wp\/v2\/product_brand?post=5068"},{"taxonomy":"product_cat","embeddable":true,"href":"https:\/\/siulaiklaipeda.eu\/en\/wp-json\/wp\/v2\/product_cat?post=5068"},{"taxonomy":"product_tag","embeddable":true,"href":"https:\/\/siulaiklaipeda.eu\/en\/wp-json\/wp\/v2\/product_tag?post=5068"}],"curies":[{"name":"wp","href":"https:\/\/api.w.org\/{rel}","templated":true}]}}