{"id":4517,"date":"2023-12-12T19:34:36","date_gmt":"2023-12-12T19:34:36","guid":{"rendered":"https:\/\/siulaiklaipeda.eu\/?post_type=product&#038;p=4517"},"modified":"2026-04-16T09:55:59","modified_gmt":"2026-04-16T06:55:59","slug":"alize-puffy-11-2","status":"publish","type":"product","link":"https:\/\/siulaiklaipeda.eu\/en\/product\/alize-puffy-11-2\/","title":{"rendered":"Alize Puffy 11"},"content":{"rendered":"<ul>\n<li>Threads - loops<\/li>\n<li>Composition: 100% micro polyester<\/li>\n<li>Length: 100 gr.9 m<\/li>\n<li>Manufacturer: Alize<\/li>\n<\/ul>","protected":false},"excerpt":{"rendered":"<p>Si\u016blai- kilput\u0117s Sud\u0117tis: 100% mikropoliesteris Ilgis: 100 gr.9 m Gamintojas: Alize<\/p>","protected":false},"featured_media":4438,"template":"","meta":[],"product_brand":[],"product_cat":[92,106,102,111],"product_tag":[],"class_list":{"0":"post-4517","1":"product","2":"type-product","3":"status-publish","4":"has-post-thumbnail","6":"product_cat-alize","7":"product_cat-kilpiniai-siulai","8":"product_cat-mikropoliesteris-siulu-pluostai","9":"product_cat-puffy","11":"first","12":"outofstock","13":"taxable","14":"shipping-taxable","15":"purchasable","16":"product-type-simple"},"_links":{"self":[{"href":"https:\/\/siulaiklaipeda.eu\/en\/wp-json\/wp\/v2\/product\/4517","targetHints":{"allow":["GET"]}}],"collection":[{"href":"https:\/\/siulaiklaipeda.eu\/en\/wp-json\/wp\/v2\/product"}],"about":[{"href":"https:\/\/siulaiklaipeda.eu\/en\/wp-json\/wp\/v2\/types\/product"}],"wp:featuredmedia":[{"embeddable":true,"href":"https:\/\/siulaiklaipeda.eu\/en\/wp-json\/wp\/v2\/media\/4438"}],"wp:attachment":[{"href":"https:\/\/siulaiklaipeda.eu\/en\/wp-json\/wp\/v2\/media?parent=4517"}],"wp:term":[{"taxonomy":"product_brand","embeddable":true,"href":"https:\/\/siulaiklaipeda.eu\/en\/wp-json\/wp\/v2\/product_brand?post=4517"},{"taxonomy":"product_cat","embeddable":true,"href":"https:\/\/siulaiklaipeda.eu\/en\/wp-json\/wp\/v2\/product_cat?post=4517"},{"taxonomy":"product_tag","embeddable":true,"href":"https:\/\/siulaiklaipeda.eu\/en\/wp-json\/wp\/v2\/product_tag?post=4517"}],"curies":[{"name":"wp","href":"https:\/\/api.w.org\/{rel}","templated":true}]}}