{"id":4508,"date":"2023-12-12T19:15:41","date_gmt":"2023-12-12T19:15:41","guid":{"rendered":"https:\/\/siulaiklaipeda.eu\/?post_type=product&#038;p=4508"},"modified":"2026-04-17T10:09:16","modified_gmt":"2026-04-17T07:09:16","slug":"alize-puffy-646","status":"publish","type":"product","link":"https:\/\/siulaiklaipeda.eu\/en\/product\/alize-puffy-646\/","title":{"rendered":"Alize Puffy 646"},"content":{"rendered":"<ul>\n<li>Threads - loops<\/li>\n<li>Composition: 100% micro polyester<\/li>\n<li>Length: 100 gr.9 m<\/li>\n<li>Manufacturer: Alize<\/li>\n<\/ul>","protected":false},"excerpt":{"rendered":"<p>Si\u016blai- kilput\u0117s Sud\u0117tis: 100% mikropoliesteris Ilgis: 100 gr.9 m Gamintojas: Alize<\/p>","protected":false},"featured_media":4429,"template":"","meta":[],"product_brand":[],"product_cat":[92,106,102,111],"product_tag":[],"class_list":{"0":"post-4508","1":"product","2":"type-product","3":"status-publish","4":"has-post-thumbnail","6":"product_cat-alize","7":"product_cat-kilpiniai-siulai","8":"product_cat-mikropoliesteris-siulu-pluostai","9":"product_cat-puffy","11":"first","12":"instock","13":"taxable","14":"shipping-taxable","15":"purchasable","16":"product-type-simple"},"_links":{"self":[{"href":"https:\/\/siulaiklaipeda.eu\/en\/wp-json\/wp\/v2\/product\/4508","targetHints":{"allow":["GET"]}}],"collection":[{"href":"https:\/\/siulaiklaipeda.eu\/en\/wp-json\/wp\/v2\/product"}],"about":[{"href":"https:\/\/siulaiklaipeda.eu\/en\/wp-json\/wp\/v2\/types\/product"}],"wp:featuredmedia":[{"embeddable":true,"href":"https:\/\/siulaiklaipeda.eu\/en\/wp-json\/wp\/v2\/media\/4429"}],"wp:attachment":[{"href":"https:\/\/siulaiklaipeda.eu\/en\/wp-json\/wp\/v2\/media?parent=4508"}],"wp:term":[{"taxonomy":"product_brand","embeddable":true,"href":"https:\/\/siulaiklaipeda.eu\/en\/wp-json\/wp\/v2\/product_brand?post=4508"},{"taxonomy":"product_cat","embeddable":true,"href":"https:\/\/siulaiklaipeda.eu\/en\/wp-json\/wp\/v2\/product_cat?post=4508"},{"taxonomy":"product_tag","embeddable":true,"href":"https:\/\/siulaiklaipeda.eu\/en\/wp-json\/wp\/v2\/product_tag?post=4508"}],"curies":[{"name":"wp","href":"https:\/\/api.w.org\/{rel}","templated":true}]}}