{"id":4166,"date":"2023-12-01T17:28:25","date_gmt":"2023-12-01T17:28:25","guid":{"rendered":"https:\/\/siulaiklaipeda.eu\/?post_type=product&#038;p=4166"},"modified":"2025-11-03T19:24:17","modified_gmt":"2025-11-03T17:24:17","slug":"vilna-3884","status":"publish","type":"product","link":"https:\/\/siulaiklaipeda.eu\/en\/product\/vilna-3884\/","title":{"rendered":"Gazzal Worm 3884"},"content":{"rendered":"<ul>\n<li>Composition: 100 % Superwash merino fine wool<\/li>\n<li>Length: 150 g, 120 m<\/li>\n<li>Recommended needles: 10<\/li>\n<li>Manufacturer: Gazzal, Turkey<\/li>\n<\/ul>\n<p>Hand-dyed merino wool. Since there is no dyeing batch, it is recommended to purchase a sufficient amount of yarn at one time.<\/p>","protected":false},"excerpt":{"rendered":"<p>Sud\u0117tis :100 % Superwash merino\u00a0 fine vilna Ilgis :150 g ,120m Rekomenduojami\u00a0 virbalai :10 Gamintojas :Gazzal ,Turkija Rankomis da\u017eyta merino vilna .Kadangi\u00a0 n\u0117ra da\u017eymo partijos , rekomenduojama\u00a0 vienu metu\u00a0 \u012fsigyti pakankam\u0105 kiek\u012f verpal\u0173<\/p>","protected":false},"featured_media":4167,"template":"","meta":[],"product_brand":[],"product_cat":[97,89,47,163],"product_tag":[],"class_list":{"0":"post-4166","1":"product","2":"type-product","3":"status-publish","4":"has-post-thumbnail","6":"product_cat-gazzal","7":"product_cat-siulu-pluostai","8":"product_cat-vilna","9":"product_cat-worm","11":"first","12":"outofstock","13":"taxable","14":"shipping-taxable","15":"purchasable","16":"product-type-simple"},"_links":{"self":[{"href":"https:\/\/siulaiklaipeda.eu\/en\/wp-json\/wp\/v2\/product\/4166","targetHints":{"allow":["GET"]}}],"collection":[{"href":"https:\/\/siulaiklaipeda.eu\/en\/wp-json\/wp\/v2\/product"}],"about":[{"href":"https:\/\/siulaiklaipeda.eu\/en\/wp-json\/wp\/v2\/types\/product"}],"wp:featuredmedia":[{"embeddable":true,"href":"https:\/\/siulaiklaipeda.eu\/en\/wp-json\/wp\/v2\/media\/4167"}],"wp:attachment":[{"href":"https:\/\/siulaiklaipeda.eu\/en\/wp-json\/wp\/v2\/media?parent=4166"}],"wp:term":[{"taxonomy":"product_brand","embeddable":true,"href":"https:\/\/siulaiklaipeda.eu\/en\/wp-json\/wp\/v2\/product_brand?post=4166"},{"taxonomy":"product_cat","embeddable":true,"href":"https:\/\/siulaiklaipeda.eu\/en\/wp-json\/wp\/v2\/product_cat?post=4166"},{"taxonomy":"product_tag","embeddable":true,"href":"https:\/\/siulaiklaipeda.eu\/en\/wp-json\/wp\/v2\/product_tag?post=4166"}],"curies":[{"name":"wp","href":"https:\/\/api.w.org\/{rel}","templated":true}]}}